{"id":6965,"date":"2017-07-24T11:22:41","date_gmt":"2017-07-24T09:22:41","guid":{"rendered":"http:\/\/www.vcp.de\/pfadfinden\/?page_id=6965"},"modified":"2022-10-04T13:03:35","modified_gmt":"2022-10-04T11:03:35","slug":"roverway-2024-norwegen","status":"publish","type":"page","link":"https:\/\/vcp.de\/pfadfinden\/roverway\/roverway-2024-norwegen\/","title":{"rendered":"Roverway 2024 Norwegen"},"content":{"rendered":"<p><img loading=\"lazy\" decoding=\"async\" class=\"aligncenter wp-image-23945 size-medium\" src=\"https:\/\/www.vcp.de\/pfadfinden\/wp-content\/uploads\/2021\/11\/Roverway-2024-800-bredde_0-1-300x157.jpg\" alt=\"\" width=\"300\" height=\"157\" srcset=\"https:\/\/vcp.de\/pfadfinden\/wp-content\/uploads\/2021\/11\/Roverway-2024-800-bredde_0-1-300x157.jpg 300w, https:\/\/vcp.de\/pfadfinden\/wp-content\/uploads\/2021\/11\/Roverway-2024-800-bredde_0-1-768x402.jpg 768w, https:\/\/vcp.de\/pfadfinden\/wp-content\/uploads\/2021\/11\/Roverway-2024-800-bredde_0-1.jpg 800w\" sizes=\"auto, (max-width: 300px) 100vw, 300px\" \/><\/p>\n<h2>wer?<\/h2>\n<p>Das Roverway ist eine internationale Gro\u00dfveranstaltung mit ca. 5.000 Teilnehmenden aus ganz Europa und dar\u00fcber hinaus. Das Hauptlager findet vom 22. Juli bis 01. August 2024 in der Region Stavanger statt. Zudem gibt es noch Vor- und Nachtour sowie ein Vorbereitungstreffen. Du bist im Sommer 2024 Ranger*Rover \u2013 also zwischen 16 und 22 Jahren alt? (Bist du \u00e4lter, kein Problem, komm als Mitarbeiter*in des International Service Teams (IST) mit.) Du hast Lust auf eine internationale Gro\u00dfveranstaltung? Dann ist das Roverway genau das richtige f\u00fcr dich! Das Treffen der internationalen Pfadfinder*innenverb\u00e4nde WAGGGS und WOSM findet im Sommer 2024 unter dem Motto \u201eNorth of the Ordinary\u201c in Norwegen statt.<\/p>\n<p>Wir freuen uns sehr, mit euch als Deutsches Kontingent nach Norwegen zu fahren. Alle Infos zum Roverway 2024 erhaltet ihr in den n\u00e4chsten Wochen \/ Monaten in den Pfadimedien eures Vertrauens und unter <a href=\"http:\/\/www.roverway.de\" target=\"_blank\" rel=\"noopener\">www.roverway.de<\/a>. Kontakt zu uns gibt\u2019s unter: <a href=\"mailto:roverway@rdp-bund.de\">roverway@rdp-bund.de<\/a><\/p>\n<h2>wann?<\/h2>\n<p><strong>&#8222;North of the Ordinary&#8220;<\/strong>\u00a0lautet das Motto des Roverway 2024.<\/p>\n<p>Es wird in der Stavanger Region in Norwegen stattfinden und es geht um die Themen &#8222;Leaders of Tomorrow&#8220;, &#8222;Physical an Mental Empowerment&#8220; und &#8222;Inclusion&#8220;. Vom 22. Juli bis zum 08. August 2024 findet in der Stavanger Region\/Norwegen das 25. Roverway der Pfadfinderbewegung (WOSM) und der Pfadfinderinnenbewegung (WAGGGS) unter dem Motto \u201eNorth of the Ordinary\u201c statt.<\/p>\n<p>&nbsp;<\/p>\n","protected":false},"excerpt":{"rendered":"<p>wer? Das Roverway ist eine internationale Gro\u00dfveranstaltung mit ca. 5.000 Teilnehmenden aus ganz Europa und dar\u00fcber hinaus. Das Hauptlager findet vom 22. Juli bis 01. August 2024 in der Region Stavanger statt. Zudem gibt es noch Vor- und Nachtour sowie ein Vorbereitungstreffen. Du bist im Sommer 2024 Ranger*Rover \u2013 also zwischen 16 und 22 Jahren [&hellip;]<\/p>\n","protected":false},"author":3,"featured_media":0,"parent":1951,"menu_order":0,"comment_status":"closed","ping_status":"closed","template":"","meta":{"_acf_changed":false,"inline_featured_image":false,"footnotes":""},"class_list":["post-6965","page","type-page","status-publish","hentry"],"acf":[],"_links":{"self":[{"href":"https:\/\/vcp.de\/pfadfinden\/wp-json\/wp\/v2\/pages\/6965","targetHints":{"allow":["GET"]}}],"collection":[{"href":"https:\/\/vcp.de\/pfadfinden\/wp-json\/wp\/v2\/pages"}],"about":[{"href":"https:\/\/vcp.de\/pfadfinden\/wp-json\/wp\/v2\/types\/page"}],"author":[{"embeddable":true,"href":"https:\/\/vcp.de\/pfadfinden\/wp-json\/wp\/v2\/users\/3"}],"replies":[{"embeddable":true,"href":"https:\/\/vcp.de\/pfadfinden\/wp-json\/wp\/v2\/comments?post=6965"}],"version-history":[{"count":0,"href":"https:\/\/vcp.de\/pfadfinden\/wp-json\/wp\/v2\/pages\/6965\/revisions"}],"up":[{"embeddable":true,"href":"https:\/\/vcp.de\/pfadfinden\/wp-json\/wp\/v2\/pages\/1951"}],"wp:attachment":[{"href":"https:\/\/vcp.de\/pfadfinden\/wp-json\/wp\/v2\/media?parent=6965"}],"curies":[{"name":"wp","href":"https:\/\/api.w.org\/{rel}","templated":true}]}}