{"id":6023,"date":"2017-04-01T20:14:54","date_gmt":"2017-04-01T18:14:54","guid":{"rendered":"http:\/\/www.vcp.de\/pfadfinden\/?page_id=6023"},"modified":"2021-07-26T20:33:17","modified_gmt":"2021-07-26T18:33:17","slug":"pfadfindung","status":"publish","type":"page","link":"https:\/\/vcp.de\/pfadfinden\/pfadfindung\/","title":{"rendered":"Pfadfindung"},"content":{"rendered":"<figure id=\"attachment_6024\" aria-describedby=\"caption-attachment-6024\" style=\"width: 300px\" class=\"wp-caption alignright\"><a href=\"https:\/\/www.vcp.de\/pfadfinden\/wp-content\/uploads\/2017\/02\/pfadfindung_wasserblau.png\"><img loading=\"lazy\" decoding=\"async\" class=\"size-medium wp-image-6024\" src=\"https:\/\/www.vcp.de\/pfadfinden\/wp-content\/uploads\/2017\/02\/pfadfindung_wasserblau-300x295.png\" alt=\"\" width=\"300\" height=\"295\" srcset=\"https:\/\/vcp.de\/pfadfinden\/wp-content\/uploads\/2017\/02\/pfadfindung_wasserblau-300x295.png 300w, https:\/\/vcp.de\/pfadfinden\/wp-content\/uploads\/2017\/02\/pfadfindung_wasserblau-45x45.png 45w, https:\/\/vcp.de\/pfadfinden\/wp-content\/uploads\/2017\/02\/pfadfindung_wasserblau.png 331w\" sizes=\"auto, (max-width: 300px) 100vw, 300px\" \/><\/a><figcaption id=\"caption-attachment-6024\" class=\"wp-caption-text\">Pfadfindung<\/figcaption><\/figure>\n<p>Pfadfindung ist der Prozess der Verbandsentwicklung im VCP. Wir wollen damit herausfinden, wie es mit dem Verband in den n\u00e4chsten Jahren weitergeht, welche Schwerpunkte wir setzen wollen, woran wir arbeiten sollten, wie wir uns positionieren und auch, was wir nicht wollen. Die Grundlagen wurden gelegt mit einem Beschluss auf der Bundesversammlung 2016. So wie jede andere Organisation entwickelt sich auch der VCP und reagiert so auf sich \u00e4ndernde interne und externe Rahmenbedingungen. Die Verbandsentwicklung hilft dabei, eine Strategie zu entwickeln, um das Wesentliche im Blick zu behalten und in regelm\u00e4\u00dfigen Abst\u00e4nden das Tun und Wirken zu \u00fcberpr\u00fcfen.<\/p>\n<p>Der Beschluss der Bundesversammlung 2016 umfasst die <a href=\"https:\/\/www.vcp.de\/pfadfinden\/wp-content\/uploads\/2016\/06\/Anlage-Strategie-zu-TOP-9.2_ge\u00e4ndert-gem\u00e4\u00df-Abstimmung.pdf\">Handlungsgrundlage und die Handlungsfelder<\/a>. Auf drei Regionalkonferenzen im 4. Quartal 2017 und 1. Quartal 2018 haben Leitungen im VCP diese intensiv diskutiert und gemeinsam an Ideen f\u00fcr die Zukunft des VCPs gearbeitet. Auf der Bundesversammlung 2018 wurden schlie\u00dflich <a href=\"https:\/\/www.vcp.de\/pfadfinden\/pfadfindungsantraege-von-bundesversammlung-beschlossen-der-verbandsentwicklungsprozess-nimmt-weiter-fahrt-auf\/\" target=\"_blank\" rel=\"noopener\">Antr\u00e4ge zu den Zielen des Verbandes sowie zur weiteren Arbeit<\/a> damit beschlossen.<\/p>\n<p>Wir halten euch hier auf dem Laufenden und versorgen euch mit Infos.<\/p>\n<p>[rpwe limit=&#8220;100&#8243; cat=&#8220;157&#8243; date=&#8220;0&#8243; thumb=&#8220;1&#8243; thumb_height=&#8220;80&#8243; thumb_width=&#8220;80&#8243;\u00a0excerpt=&#8220;true&#8220; length=&#8220;30&#8243; readmore=&#8220;true&#8220; readmore_text=&#8220;weiterlesen \u00bb&#8220;]<\/p>\n","protected":false},"excerpt":{"rendered":"<p>Pfadfindung ist der Prozess der Verbandsentwicklung im VCP. Wir wollen damit herausfinden, wie es mit dem Verband in den n\u00e4chsten Jahren weitergeht, welche Schwerpunkte wir setzen wollen, woran wir arbeiten sollten, wie wir uns positionieren und auch, was wir nicht wollen. Die Grundlagen wurden gelegt mit einem Beschluss auf der Bundesversammlung 2016. So wie jede [&hellip;]<\/p>\n","protected":false},"author":16,"featured_media":6024,"parent":0,"menu_order":0,"comment_status":"closed","ping_status":"closed","template":"","meta":{"_acf_changed":false,"inline_featured_image":false,"footnotes":""},"class_list":["post-6023","page","type-page","status-publish","has-post-thumbnail","hentry"],"acf":[],"_links":{"self":[{"href":"https:\/\/vcp.de\/pfadfinden\/wp-json\/wp\/v2\/pages\/6023","targetHints":{"allow":["GET"]}}],"collection":[{"href":"https:\/\/vcp.de\/pfadfinden\/wp-json\/wp\/v2\/pages"}],"about":[{"href":"https:\/\/vcp.de\/pfadfinden\/wp-json\/wp\/v2\/types\/page"}],"author":[{"embeddable":true,"href":"https:\/\/vcp.de\/pfadfinden\/wp-json\/wp\/v2\/users\/16"}],"replies":[{"embeddable":true,"href":"https:\/\/vcp.de\/pfadfinden\/wp-json\/wp\/v2\/comments?post=6023"}],"version-history":[{"count":0,"href":"https:\/\/vcp.de\/pfadfinden\/wp-json\/wp\/v2\/pages\/6023\/revisions"}],"wp:featuredmedia":[{"embeddable":true,"href":"https:\/\/vcp.de\/pfadfinden\/wp-json\/wp\/v2\/media\/6024"}],"wp:attachment":[{"href":"https:\/\/vcp.de\/pfadfinden\/wp-json\/wp\/v2\/media?parent=6023"}],"curies":[{"name":"wp","href":"https:\/\/api.w.org\/{rel}","templated":true}]}}