{"id":438,"date":"2014-05-28T08:51:13","date_gmt":"2014-05-28T06:51:13","guid":{"rendered":"http:\/\/www.vcp.de\/pfadfinden\/?page_id=438"},"modified":"2023-07-12T14:50:38","modified_gmt":"2023-07-12T12:50:38","slug":"social-media-leitfaden","status":"publish","type":"page","link":"https:\/\/vcp.de\/pfadfinden\/social-media-leitfaden\/","title":{"rendered":"VCP-Social-Media Leitfaden"},"content":{"rendered":"<p><a href=\"https:\/\/www.vcp.de\/pfadfinden\/wp-content\/uploads\/2018\/05\/02_Social-Media-Leitfaden.pdf\" target=\"_blank\" rel=\"noopener\"><strong>Social-Media-Leitfaden\u00a0(PDF-Format)<\/strong><\/a><\/p>\n<h3>Leitfaden f\u00fcr die Kommunikation in Social-Media-Kan\u00e4len f\u00fcr Mitarbeiter*innen des Verbandes Christlicher Pfadfinderinnen und Pfadfinder (VCP) e.V.<\/h3>\n<p>F\u00fcr die meisten von uns sind Facebook, Instagram, Twitter und andere soziale Netzwerke (Social Media) inzwischen ein nat\u00fcrlicher Bestandteil des Lebens und der allt\u00e4glichen Kommunikation mit Freund*innen und Bekannten.<\/p>\n<p>Im Rahmen der Jugendarbeit findet die Kommunikation dabei zu einem gro\u00dfen Teil \u00f6ffentlich statt. Wie alle sozialen Netzwerke bietet Facebook zwar die M\u00f6glichkeit, Seiten und Gruppen f\u00fcr \u201eNicht-Fans\u201c zu sperren und Inhalte sowie Akteur*innen somit vor \u00f6ffentlichem Zugriff zu sch\u00fctzen \u2013 diese M\u00f6glichkeit wird allerdings selten genutzt. H\u00e4ufig, weil man sich mit einer \u00f6ffentlichen Seite\/Gruppe als Gruppe oder Stamm sehr schnell und einfach pr\u00e4sentieren kann und hier nat\u00fcrlich niemanden ausschlie\u00dfen m\u00f6chte.<\/p>\n<p>Die aktive Nutzung von Social Media bietet viele Chancen \u2013 birgt jedoch auch Risiken, sowohl f\u00fcr die Einzelperson als auch f\u00fcr uns als Jugendverband. Aus diesem Grund hat sich der VCP entschlossen, seinen Mitgliedern einige Regeln und Empfehlungen f\u00fcr die Nutzung von Social Media an die Hand zu geben. Die nachfolgenden Punkte sind dabei kein \u201estrafbewehrtes Gesetzeswerk\u201c, sondern ein Leitfaden, der dich in deiner t\u00e4glichen Arbeit und dem Umgang mit anderen unterst\u00fctzen soll.<\/p>\n<h2>Verantwortung<\/h2>\n<p>Du bist f\u00fcr das, was du in Social Media tust oder ver\u00f6ffentlichst, selbst verantwortlich. Sei dir dieser Verantwortung in deinem eigenen und im Interesse des VCPs stets bewusst.<\/p>\n<h2>Pers\u00f6nlichkeit<\/h2>\n<p>Wenn du dich in einer VCP-Funktion oder im VCP-Auftrag in sozialen Netzwerken \u00e4u\u00dferst, mach deutlich, dass du deine pers\u00f6nliche Meinung vertrittst und nicht f\u00fcr den ganzen VCP sprichst. Verwende daher immer Formulierungen mit \u201eich\u201c statt mit \u201ewir\u201c.<\/p>\n<h2>Transparenz<\/h2>\n<p>In sozialen Netzwerken z\u00e4hlt der Beitrag der einzelnen Person. Die Leser*in muss also immer die M\u00f6glichkeit haben, einzelne Posts auch klar einer Person zuzuordnen. F\u00fcr das Publikum ist es angenehmer und hilfreicher, wenn es Klarheit \u00fcber die Identit\u00e4t der Verfasser*in hat. Fahrten- oder Spitznamen sollten demnach nicht verwendet werden.<\/p>\n<h2>Mehrwert<\/h2>\n<p>Wie in anderen Medien wird auch in sozialen Netzwerken viel redundantes und nutzloses Wissen produziert sowie reproduziert. Frag dich also am besten vor der Ver\u00f6ffentlichung eines eigenen Beitrags, ob er dem Publikum einen wirklichen Mehrwert bietet. Falls nicht, sei so h\u00f6flich und verschone es damit.<\/p>\n<h2>Rechtliche Rahmenbedingungen<\/h2>\n<p>Sei dir bewusst, dass auch soziale Netzwerke kein rechtsfreier Raum sind und Gesetze sowie Regeln, die du im \u201eechten\u201c Pfadi-Leben als selbstverst\u00e4ndlich betrachtest, auch in digitalen Kan\u00e4len gelten. Im pfadfinderischen Kontext besteht hier im Bereich des Jugendschutzes eine besondere Sorgfaltspflicht!<\/p>\n<h2>Urheberrecht<\/h2>\n<p>Ein wichtiger Punkt bei der Nutzung aller digitalen Medien ist die Beachtung des Urheberrechts. Nie war es so leicht, vorhandene Inhalte zu kopieren und f\u00fcr eigene Zwecke \u201ezu entleihen\u201c. Das ist nach dem Urheberrecht nicht erlaubt. Verwende daher niemals Materialien oder Zitate aus Quellen, bei denen du dir nicht vollkommen sicher bist, dass du dazu berechtigt bist. Lade Bilder oder Videos nur hoch, wenn du die Zustimmung von den Fotograf*innen und Filmer*innen besitzt. Wenn du fremdes Material verwendest oder zitierst, gib immer deine Quelle an.<\/p>\n<h2>Verhaltenskodex<\/h2>\n<p>Die Pfadfinder*innenregeln, der Verhaltenskodex der Pfadfinder*innen, bieten auch in sozialen Netzwerken eine sehr gute Leitlinie f\u00fcr den Umgang mit sich selbst und seiner Umwelt.<\/p>\n<h2>Private Nutzung vs. pfadfinderische Nutzung<\/h2>\n<p>Soziale Netzwerke bringen es mit sich, dass sich die private und die pfadfinderische Nutzung h\u00e4ufig \u00fcberschneiden. Sei dir dabei immer bewusst, dass deine Posts \u00f6ffentlich sind und auch von anderen Pfadfinder*innen, Eltern, Gruppenkindern etc. gesehen werden k\u00f6nnen.<\/p>\n<h2>Privatsph\u00e4re und Sicherheit<\/h2>\n<p>Achte auf deine eigene Sicherheit in sozialen Netzwerken und informiere dich \u00fcber die M\u00f6glichkeiten, deine Profil-Einstellungen so anzupassen, dass deine Daten entsprechend gesch\u00fctzt sind. Sei aufmerksam und hilf anderen ggf. mit deinem Wissen weiter.<\/p>\n<h2>\u00d6ffentlichkeit<\/h2>\n<p>Auch Journalist*innen und Mitarbeitende \u00f6ffentlicher Stellen sind in sozialen Netzwerken vertreten und nutzen diese f\u00fcr Recherchen. Wirst du \u00fcber diese Kan\u00e4le kontaktiert, so gibt es auch hier \u2013 wie im \u201eechten\u201c Leben \u2013 die M\u00f6glichkeit, dein Landesb\u00fcro oder die Bundeszentrale um Unterst\u00fctzung zu bitten. Scheue dich bitte nicht, recherchierende Redakteur*innen und Journalist*innen etc. direkt auf dein Landesb\u00fcro oder die Bundeszentrale zu verweisen.<\/p>\n<h2>Besonnenheit<\/h2>\n<p>Denk immer daran, dass deine Beitr\u00e4ge \u00f6ffentlich sind und dass sie das unter Umst\u00e4nden f\u00fcr sehr lange Zeit bleiben. Bewahre daher auch bei hitzigen und kontroversen Debatten einen k\u00fchlen Kopf und lass dich zu nichts hinrei\u00dfen. Reagiere nicht impulsiv, auch wenn du dich im Recht siehst. Argumentiere immer sachlich, respektvoll und niemals beleidigend.<\/p>\n<h2>Verhalten in Sitzungen<\/h2>\n<p>Die Nutzung von Social Media darf und soll den Sitzungsverlauf nicht st\u00f6ren. Inhalte aus nicht \u00f6ffentlichen Sitzungen oder Tagesordnungspunkten \u2013 beispielsweise einer Personaldebatte \u2013 bleiben in der Versammlung: haben also auch in sozialen Netzwerken nichts zu suchen.<\/p>\n<p><a href=\"https:\/\/www.vcp.de\/pfadfinden\/wp-content\/uploads\/2018\/05\/02_Social-Media-Leitfaden.pdf\" target=\"_blank\" rel=\"noopener\"><strong>Social-Media-Leitfaden\u00a0(PDF-Format)<\/strong><\/a><\/p>\n","protected":false},"excerpt":{"rendered":"<p>Social-Media-Leitfaden\u00a0(PDF-Format) Leitfaden f\u00fcr die Kommunikation in Social-Media-Kan\u00e4len f\u00fcr Mitarbeiter*innen des Verbandes Christlicher Pfadfinderinnen und Pfadfinder (VCP) e.V. F\u00fcr die meisten von uns sind Facebook, Instagram, Twitter und andere soziale Netzwerke (Social Media) inzwischen ein nat\u00fcrlicher Bestandteil des Lebens und der allt\u00e4glichen Kommunikation mit Freund*innen und Bekannten. Im Rahmen der Jugendarbeit findet die Kommunikation dabei zu [&hellip;]<\/p>\n","protected":false},"author":3,"featured_media":31744,"parent":0,"menu_order":0,"comment_status":"closed","ping_status":"open","template":"","meta":{"_acf_changed":false,"inline_featured_image":false,"footnotes":""},"class_list":["post-438","page","type-page","status-publish","has-post-thumbnail","hentry"],"acf":[],"_links":{"self":[{"href":"https:\/\/vcp.de\/pfadfinden\/wp-json\/wp\/v2\/pages\/438","targetHints":{"allow":["GET"]}}],"collection":[{"href":"https:\/\/vcp.de\/pfadfinden\/wp-json\/wp\/v2\/pages"}],"about":[{"href":"https:\/\/vcp.de\/pfadfinden\/wp-json\/wp\/v2\/types\/page"}],"author":[{"embeddable":true,"href":"https:\/\/vcp.de\/pfadfinden\/wp-json\/wp\/v2\/users\/3"}],"replies":[{"embeddable":true,"href":"https:\/\/vcp.de\/pfadfinden\/wp-json\/wp\/v2\/comments?post=438"}],"version-history":[{"count":1,"href":"https:\/\/vcp.de\/pfadfinden\/wp-json\/wp\/v2\/pages\/438\/revisions"}],"predecessor-version":[{"id":31745,"href":"https:\/\/vcp.de\/pfadfinden\/wp-json\/wp\/v2\/pages\/438\/revisions\/31745"}],"wp:featuredmedia":[{"embeddable":true,"href":"https:\/\/vcp.de\/pfadfinden\/wp-json\/wp\/v2\/media\/31744"}],"wp:attachment":[{"href":"https:\/\/vcp.de\/pfadfinden\/wp-json\/wp\/v2\/media?parent=438"}],"curies":[{"name":"wp","href":"https:\/\/api.w.org\/{rel}","templated":true}]}}