{"id":40448,"date":"2026-01-30T14:09:24","date_gmt":"2026-01-30T13:09:24","guid":{"rendered":"https:\/\/vcp.de\/pfadfinden\/?page_id=40448"},"modified":"2026-01-30T14:10:45","modified_gmt":"2026-01-30T13:10:45","slug":"informationen-zur-aufarbeitung-fuer-stammesleitungen","status":"publish","type":"page","link":"https:\/\/vcp.de\/pfadfinden\/informationen-zur-aufarbeitung-fuer-stammesleitungen\/","title":{"rendered":"Informationen zur Aufarbeitung f\u00fcr Stammesleitungen"},"content":{"rendered":"\n<p>Anfang 2024 wurde der offizielle Aufarbeitungsprozess zu F\u00e4llen von sexualisierter Gewalt im VCP gestartet. Genau zwei Jahre sp\u00e4ter kommt dieser nun zum Abschluss und im Januar werden die Ergebnisse der unabh\u00e4ngigen Studie ver\u00f6ffentlicht.<\/p>\n\n\n\n<p>Das Erscheinen der Studie kommunizieren wir \u00f6ffentlich. Wir begleiten die Ver\u00f6ffentlichung der Ergebnisse durch Pressemitteilungen, Beitr\u00e4ge auf Social Media und Informationen auf unserer Website. Den H\u00f6hepunkt unserer Aktivit\u00e4ten bildet eine digitale Pressekonferenz am 27. Januar ab 10 Uhr.<\/p>\n\n\n\n<p>Es kann sein, dass im Zuge der Ver\u00f6ffentlichung auch ihr im Stamm zum Thema sexualisierte Gewalt, ihren Ursachen und zu Pr\u00e4ventionsma\u00dfnahmen befragt werdet \u2013 von euren Mitgliedern, deren Eltern oder auch von anderen Gruppen und Verb\u00e4nden, mit denen ihr regelm\u00e4\u00dfig zusammenarbeitet.<\/p>\n\n\n\n<p>Einige Fragen betreffen wom\u00f6glich spezielle Ergebnisse der Studie, drehen sich um komplexe Zusammenh\u00e4nge bei der Entstehung von sexualisierter Gewalt und liegen au\u00dferhalb eurer Verantwortung auf Stammesebene. Dazu m\u00fcsst ihr keine Stellung nehmen. Verweist fragende Mitglieder und Eltern auf unsere Website. Dort stellen wir alle relevanten Informationen zur Verf\u00fcgung, sobald die Studie erschienen ist. Wir geben auch unsere Kontaktdaten an, falls weitere Fragen aufkommen.<\/p>\n\n\n\n<p>Sollten sich Personen von der Presse oder anderen Institutionen bei euch melden, leitet die Anfrage direkt an die Bundeszentrale weiter und gebt bitte keine Auskunft. Es ist ganz wichtig, dass unsere Kommunikation nach au\u00dfen einheitlich ist, damit wir Missverst\u00e4ndnissen vorbeugen k\u00f6nnen.<\/p>\n\n\n\n<p>Verantwortlich sind hier Maya Burkhardt (<a href=\"mailto:maya.burkhardt@vcp.de\">maya.burkhardt@vcp.de<\/a>) und Carsten Schild (<a href=\"mailto:carsten.schild@vcp.de\">carsten.schild@vcp.de<\/a>) als Referent*innen f\u00fcr \u00d6ffentlichkeitsarbeit. Meldet euch gerne bei ihnen oder verweist einfach direkt dorthin. Sie geben bereitwillig Auskunft und stehen im engen Austausch mit dem Vorstand, dem Generalsekret\u00e4r sowie der Referentin f\u00fcr Kinder- und Jugendschutz und Pr\u00e4ventionsbeauftragten Louisa Kreuzheck (<a href=\"mailto:louisa.kreuzheck@vcp.de\">louisa.kreuzheck@vcp.de<\/a>), die ihr bei internen inhaltlichen R\u00fcckfragen ebenfalls ansprechen k\u00f6nnt.<\/p>\n\n\n\n<p>Damit ihr vorweg wisst, welche allgemeinen Fragen auf euch zukommen k\u00f6nnen, haben wir diese \u2013 und ihre Antworten \u2013 f\u00fcr euch zusammengefasst. Nach dem Erscheinen der Studie werde wir die <a href=\"https:\/\/www.vcp.de\/pfadfinden\/aufarbeitung\/haeufige-fragen-zur-aufarbeitung-sexualisierter-gewalt-im-vcp\" target=\"_blank\" rel=\"noreferrer noopener\">FAQs<\/a> noch einmal aktualisieren.<\/p>\n\n\n\n<p><\/p>\n\n\n\n<p><strong>Wenn ihr euch nicht sicher seid, was die &#8222;richtigen&#8220; Begriffe und Bilder rund um das Thema Aufarbeitung sind, hier haben wir einen Sprachleitfaden zusammengestellt: <\/strong><\/p>\n\n\n\n<figure class=\"wp-block-embed is-type-wp-embed is-provider-vcp-blog wp-block-embed-vcp-blog\"><div class=\"wp-block-embed__wrapper\">\n<blockquote class=\"wp-embedded-content\" data-secret=\"8Nad1fR6Bb\"><a href=\"https:\/\/vcp.de\/pfadfinden\/aus-dem-verband\/achtsamundaktiv\/begriffe-rund-um-aufarbeitung-sexualisierter-gewalt\/\">Begriffe rund um Aufarbeitung sexualisierter Gewalt<\/a><\/blockquote><iframe loading=\"lazy\" class=\"wp-embedded-content\" sandbox=\"allow-scripts\" security=\"restricted\" style=\"position: absolute; visibility: hidden;\" title=\"&#8222;Begriffe rund um Aufarbeitung sexualisierter Gewalt&#8220; &#8211; VCP-Blog\" src=\"https:\/\/vcp.de\/pfadfinden\/aus-dem-verband\/achtsamundaktiv\/begriffe-rund-um-aufarbeitung-sexualisierter-gewalt\/embed\/#?secret=M1IxyDJp3n#?secret=8Nad1fR6Bb\" data-secret=\"8Nad1fR6Bb\" width=\"600\" height=\"338\" frameborder=\"0\" marginwidth=\"0\" marginheight=\"0\" scrolling=\"no\"><\/iframe>\n<\/div><\/figure>\n","protected":false},"excerpt":{"rendered":"<p>Anfang 2024 wurde der offizielle Aufarbeitungsprozess zu F\u00e4llen von sexualisierter Gewalt im VCP gestartet. Genau zwei Jahre sp\u00e4ter kommt dieser nun zum Abschluss und im Januar werden die Ergebnisse der unabh\u00e4ngigen Studie ver\u00f6ffentlicht. Das Erscheinen der Studie kommunizieren wir \u00f6ffentlich. Wir begleiten die Ver\u00f6ffentlichung der Ergebnisse durch Pressemitteilungen, Beitr\u00e4ge auf Social Media und Informationen auf [&hellip;]<\/p>\n","protected":false},"author":52,"featured_media":0,"parent":0,"menu_order":0,"comment_status":"closed","ping_status":"closed","template":"","meta":{"_acf_changed":false,"inline_featured_image":false,"footnotes":""},"class_list":["post-40448","page","type-page","status-publish","hentry"],"acf":[],"_links":{"self":[{"href":"https:\/\/vcp.de\/pfadfinden\/wp-json\/wp\/v2\/pages\/40448","targetHints":{"allow":["GET"]}}],"collection":[{"href":"https:\/\/vcp.de\/pfadfinden\/wp-json\/wp\/v2\/pages"}],"about":[{"href":"https:\/\/vcp.de\/pfadfinden\/wp-json\/wp\/v2\/types\/page"}],"author":[{"embeddable":true,"href":"https:\/\/vcp.de\/pfadfinden\/wp-json\/wp\/v2\/users\/52"}],"replies":[{"embeddable":true,"href":"https:\/\/vcp.de\/pfadfinden\/wp-json\/wp\/v2\/comments?post=40448"}],"version-history":[{"count":1,"href":"https:\/\/vcp.de\/pfadfinden\/wp-json\/wp\/v2\/pages\/40448\/revisions"}],"predecessor-version":[{"id":40449,"href":"https:\/\/vcp.de\/pfadfinden\/wp-json\/wp\/v2\/pages\/40448\/revisions\/40449"}],"wp:attachment":[{"href":"https:\/\/vcp.de\/pfadfinden\/wp-json\/wp\/v2\/media?parent=40448"}],"curies":[{"name":"wp","href":"https:\/\/api.w.org\/{rel}","templated":true}]}}