{"id":38347,"date":"2025-02-28T18:27:13","date_gmt":"2025-02-28T17:27:13","guid":{"rendered":"https:\/\/www.vcp.de\/pfadfinden\/?page_id=38347"},"modified":"2025-03-01T08:39:36","modified_gmt":"2025-03-01T07:39:36","slug":"landesversammlungen-2025","status":"publish","type":"page","link":"https:\/\/vcp.de\/pfadfinden\/landesversammlungen-2025\/","title":{"rendered":"Landesversammlungen 2025"},"content":{"rendered":"\n<p>Hier findet ihr alle wichtigen Links zu unserer Pr\u00e4si bei eurer diesj\u00e4hrigen Landesversammlung. Viel Spa\u00df beim St\u00f6bern!<\/p>\n\n\n\n<h2 class=\"wp-block-heading\"><strong>Baghiratermine 2025<\/strong><\/h2>\n\n\n\n<figure class=\"wp-block-embed is-type-wp-embed is-provider-vcp-blog wp-block-embed-vcp-blog\"><div class=\"wp-block-embed__wrapper\">\n<blockquote class=\"wp-embedded-content\" data-secret=\"NPmndNTFrE\"><a href=\"https:\/\/vcp.de\/pfadfinden\/baghira-startseite\/termine-2025\/\">Termine 2025<\/a><\/blockquote><iframe loading=\"lazy\" class=\"wp-embedded-content\" sandbox=\"allow-scripts\" security=\"restricted\" style=\"position: absolute; visibility: hidden;\" title=\"&#8222;Termine 2025&#8220; &#8212; VCP-Blog\" src=\"https:\/\/vcp.de\/pfadfinden\/baghira-startseite\/termine-2025\/embed\/#?secret=4GVnDQRW8q#?secret=NPmndNTFrE\" data-secret=\"NPmndNTFrE\" width=\"600\" height=\"338\" frameborder=\"0\" marginwidth=\"0\" marginheight=\"0\" scrolling=\"no\"><\/iframe>\n<\/div><\/figure>\n\n\n\n<p><\/p>\n\n\n\n<p><\/p>\n\n\n\n<h2 class=\"wp-block-heading\"><strong>Pfaditag 2025<\/strong><\/h2>\n\n\n<!-- TEST -->\n<figure class=\"wp-block-image size-large is-resized\"><a href=\"https:\/\/pfaditag.de\/\" target=\"_blank\" rel=\" noreferrer noopener\"><img loading=\"lazy\" decoding=\"async\" width=\"1024\" height=\"1024\" src=\"https:\/\/www.vcp.de\/pfadfinden\/wp-content\/uploads\/2025\/02\/Gemeinschaft-1024x1024.jpeg\" alt=\"\" class=\"wp-image-38349\" style=\"width:450px\" srcset=\"https:\/\/vcp.de\/pfadfinden\/wp-content\/uploads\/2025\/02\/Gemeinschaft-1024x1024.jpeg 1024w, https:\/\/vcp.de\/pfadfinden\/wp-content\/uploads\/2025\/02\/Gemeinschaft-300x300.jpeg 300w, https:\/\/vcp.de\/pfadfinden\/wp-content\/uploads\/2025\/02\/Gemeinschaft-150x150.jpeg 150w, https:\/\/vcp.de\/pfadfinden\/wp-content\/uploads\/2025\/02\/Gemeinschaft-768x768.jpeg 768w, https:\/\/vcp.de\/pfadfinden\/wp-content\/uploads\/2025\/02\/Gemeinschaft-1536x1536.jpeg 1536w, https:\/\/vcp.de\/pfadfinden\/wp-content\/uploads\/2025\/02\/Gemeinschaft-2048x2048.jpeg 2048w, https:\/\/vcp.de\/pfadfinden\/wp-content\/uploads\/2025\/02\/Gemeinschaft-750x750.jpeg 750w\" sizes=\"auto, (max-width: 1024px) 100vw, 1024px\" \/><\/a><\/figure>\n\n\n\n<p><a href=\"https:\/\/pfaditag.de\/\" target=\"_blank\" rel=\"noreferrer noopener\">pfaditag.de<\/a><\/p>\n\n\n\n<p><\/p>\n\n\n\n<h2 class=\"wp-block-heading\"><strong>Arbeitshilfe zur politischen Au\u00dfenvertretung und Lobbyarbeit<\/strong><\/h2>\n\n\n\n<figure class=\"wp-block-embed is-type-wp-embed is-provider-vcp-blog wp-block-embed-vcp-blog\"><div class=\"wp-block-embed__wrapper\">\n<blockquote class=\"wp-embedded-content\" data-secret=\"5x8KXRI92y\"><a href=\"https:\/\/vcp.de\/pfadfinden\/how-to-lobby\/\">Jetzt erst recht! &#8211; Arbeitshilfe zur politischen Au\u00dfenvertretung und Lobbyarbeit f\u00fcr den VCP<\/a><\/blockquote><iframe loading=\"lazy\" class=\"wp-embedded-content\" sandbox=\"allow-scripts\" security=\"restricted\" style=\"position: absolute; visibility: hidden;\" title=\"&#8222;Jetzt erst recht! &#8211; Arbeitshilfe zur politischen Au\u00dfenvertretung und Lobbyarbeit f\u00fcr den VCP&#8220; &#8212; VCP-Blog\" src=\"https:\/\/vcp.de\/pfadfinden\/how-to-lobby\/embed\/#?secret=IlZ3vELRqe#?secret=5x8KXRI92y\" data-secret=\"5x8KXRI92y\" width=\"600\" height=\"338\" frameborder=\"0\" marginwidth=\"0\" marginheight=\"0\" scrolling=\"no\"><\/iframe>\n<\/div><\/figure>\n\n\n\n<p><\/p>\n\n\n\n<p><\/p>\n\n\n\n<h2 class=\"wp-block-heading\"><strong>Youth Advocacy Training<\/strong><\/h2>\n\n\n\n<figure class=\"wp-block-embed is-type-wp-embed is-provider-vcp-blog wp-block-embed-vcp-blog\"><div class=\"wp-block-embed__wrapper\">\n<blockquote class=\"wp-embedded-content\" data-secret=\"9XQJErSC9F\"><a href=\"https:\/\/vcp.de\/pfadfinden\/allgemein\/anmeldung-zum-youth-advocacy-training-2025\/\">Anmeldung zum Youth Advocacy Training 2025<\/a><\/blockquote><iframe loading=\"lazy\" class=\"wp-embedded-content\" sandbox=\"allow-scripts\" security=\"restricted\" style=\"position: absolute; visibility: hidden;\" title=\"&#8222;Anmeldung zum Youth Advocacy Training 2025&#8220; &#8212; VCP-Blog\" src=\"https:\/\/vcp.de\/pfadfinden\/allgemein\/anmeldung-zum-youth-advocacy-training-2025\/embed\/#?secret=ITSzpidYKP#?secret=9XQJErSC9F\" data-secret=\"9XQJErSC9F\" width=\"600\" height=\"338\" frameborder=\"0\" marginwidth=\"0\" marginheight=\"0\" scrolling=\"no\"><\/iframe>\n<\/div><\/figure>\n\n\n\n<p><\/p>\n\n\n\n<h2 class=\"wp-block-heading\"><strong>World Scout Jamboree 2027<\/strong><\/h2>\n\n\n<!-- TEST -->\n<figure class=\"wp-block-image size-large is-resized\"><a href=\"https:\/\/www.jamboree2027.org\/\" target=\"_blank\" rel=\" noreferrer noopener\"><img decoding=\"async\" src=\"https:\/\/www.jamboree2027.org\/wp-content\/uploads\/2024\/08\/pl27_logo.svg\" alt=\"\" style=\"width:300px\" \/><\/a><\/figure>\n\n\n\n<p class=\"has-text-align-left\"><a href=\"http:\/\/www.jamboree2027.org\" target=\"_blank\" rel=\"noreferrer noopener\">jamboree2027.org<\/a><\/p>\n\n\n\n<p><\/p>\n\n\n<!-- TEST -->\n<figure class=\"wp-block-image size-full is-resized\"><a href=\"https:\/\/www.worldscoutjamboree.de\/\" target=\"_blank\" rel=\" noreferrer noopener\"><img loading=\"lazy\" decoding=\"async\" width=\"193\" height=\"182\" src=\"https:\/\/www.vcp.de\/pfadfinden\/wp-content\/uploads\/2025\/02\/image-2.png\" alt=\"\" class=\"wp-image-38377\" style=\"width:300px\" \/><\/a><\/figure>\n\n\n\n<p><a href=\"https:\/\/www.worldscoutjamboree.de\/\" target=\"_blank\" rel=\"noreferrer noopener\">worldscoutjamboree.de<\/a><\/p>\n\n\n\n<h2 class=\"wp-block-heading\"><strong>Internationale Begegnungen<\/strong><\/h2>\n\n\n\n<figure class=\"wp-block-embed is-type-wp-embed is-provider-vcp-blog wp-block-embed-vcp-blog\"><div class=\"wp-block-embed__wrapper\">\n<blockquote class=\"wp-embedded-content\" data-secret=\"psKMkeLfc8\"><a href=\"https:\/\/vcp.de\/pfadfinden\/internationales\/internationale-begegnungen\/\">Internationale Begegnungen (Liste)<\/a><\/blockquote><iframe loading=\"lazy\" class=\"wp-embedded-content\" sandbox=\"allow-scripts\" security=\"restricted\" style=\"position: absolute; visibility: hidden;\" title=\"&#8222;Internationale Begegnungen (Liste)&#8220; &#8212; VCP-Blog\" src=\"https:\/\/vcp.de\/pfadfinden\/internationales\/internationale-begegnungen\/embed\/#?secret=GkGgSCqXq4#?secret=psKMkeLfc8\" data-secret=\"psKMkeLfc8\" width=\"600\" height=\"338\" frameborder=\"0\" marginwidth=\"0\" marginheight=\"0\" scrolling=\"no\"><\/iframe>\n<\/div><\/figure>\n\n\n\n<h3 class=\"wp-block-heading\">Azimuth<\/h3>\n\n\n<!-- TEST -->\n<figure class=\"wp-block-image size-large\"><a href=\"https:\/\/www.azimuth-weconnect.eu\/en\/\" target=\"_blank\" rel=\" noreferrer noopener\"><img loading=\"lazy\" decoding=\"async\" width=\"1024\" height=\"292\" src=\"https:\/\/www.vcp.de\/pfadfinden\/wp-content\/uploads\/2025\/02\/image-1024x292.png\" alt=\"\" class=\"wp-image-38353\" srcset=\"https:\/\/vcp.de\/pfadfinden\/wp-content\/uploads\/2025\/02\/image-1024x292.png 1024w, https:\/\/vcp.de\/pfadfinden\/wp-content\/uploads\/2025\/02\/image-300x86.png 300w, https:\/\/vcp.de\/pfadfinden\/wp-content\/uploads\/2025\/02\/image-768x219.png 768w, https:\/\/vcp.de\/pfadfinden\/wp-content\/uploads\/2025\/02\/image-750x214.png 750w, https:\/\/vcp.de\/pfadfinden\/wp-content\/uploads\/2025\/02\/image.png 1296w\" sizes=\"auto, (max-width: 1024px) 100vw, 1024px\" \/><\/a><\/figure>\n\n\n\n<p><a href=\"https:\/\/www.azimuth-weconnect.eu\/en\/\" target=\"_blank\" rel=\"noreferrer noopener\">azimuth-weconnect.eu<\/a><\/p>\n\n\n\n<p><\/p>\n\n\n\n<p><\/p>\n\n\n\n<p><\/p>\n\n\n\n<h2 class=\"wp-block-heading\"><strong>IMWe<\/strong><\/h2>\n\n\n<!-- TEST -->\n<figure class=\"wp-block-image size-full\"><a href=\"https:\/\/www.imwe.net\/\" target=\"_blank\" rel=\" noreferrer noopener\"><img loading=\"lazy\" decoding=\"async\" width=\"431\" height=\"432\" src=\"https:\/\/www.vcp.de\/pfadfinden\/wp-content\/uploads\/2025\/02\/Imwe-2025-sticker-small.avif\" alt=\"\" class=\"wp-image-38358\" \/><\/a><\/figure>\n\n\n\n<p><a href=\"https:\/\/www.imwe.net\/\" target=\"_blank\" rel=\"noreferrer noopener\">imwe.net<\/a><\/p>\n\n\n\n<p><\/p>\n\n\n\n<p><\/p>\n\n\n\n<h2 class=\"wp-block-heading\">News aus den Netzwerken \u2013 Internationales &amp; Jugendpolitik<\/h2>\n\n\n\n<figure class=\"wp-block-embed is-type-wp-embed is-provider-vcp-blog wp-block-embed-vcp-blog\"><div class=\"wp-block-embed__wrapper\">\n<blockquote class=\"wp-embedded-content\" data-secret=\"7IS3olQjXG\"><a href=\"https:\/\/vcp.de\/pfadfinden\/news-aus-den-netzwerken\/\">News aus den Netzwerken<\/a><\/blockquote><iframe loading=\"lazy\" class=\"wp-embedded-content\" sandbox=\"allow-scripts\" security=\"restricted\" style=\"position: absolute; visibility: hidden;\" title=\"&#8222;News aus den Netzwerken&#8220; &#8212; VCP-Blog\" src=\"https:\/\/vcp.de\/pfadfinden\/news-aus-den-netzwerken\/embed\/#?secret=o7WsDkByOT#?secret=7IS3olQjXG\" data-secret=\"7IS3olQjXG\" width=\"600\" height=\"338\" frameborder=\"0\" marginwidth=\"0\" marginheight=\"0\" scrolling=\"no\"><\/iframe>\n<\/div><\/figure>\n\n\n\n<h4 class=\"wp-block-heading\">Padlet Ausschreibungen<\/h4>\n\n\n\n<p><a href=\"https:\/\/padlet.com\/arnoschaefer\/ausschreibungen-und-termine-aus-dem-referat-netzwerke-guu7yj752e7hlrsp\" target=\"_blank\" rel=\"noreferrer noopener\">Klick hier!<\/a><\/p>\n\n\n\n<h4 class=\"wp-block-heading\">Padlet F\u00f6rdermittel<\/h4>\n\n\n\n<p><a href=\"https:\/\/padlet.com\/arnoschaefer\/f-rdert-pfe-5t154n5izythhucy\" target=\"_blank\" rel=\"noreferrer noopener\">Klick hier!<\/a><\/p>\n\n\n\n<p><\/p>\n\n\n\n<p><\/p>\n\n\n\n<p><\/p>\n\n\n\n<p><\/p>\n\n\n\n<p><\/p>\n\n\n\n<h2 class=\"wp-block-heading\">TAG\u2013Teams<\/h2>\n\n\n\n<figure class=\"wp-block-embed is-type-wp-embed is-provider-vcp-blog wp-block-embed-vcp-blog\"><div class=\"wp-block-embed__wrapper\">\n<blockquote class=\"wp-embedded-content\" data-secret=\"I3U6ncu7xs\"><a href=\"https:\/\/vcp.de\/pfadfinden\/tag-teams-gemeinsam-wachsen\/\">Tag Teams &#8211; gemeinsam wachsen<\/a><\/blockquote><iframe loading=\"lazy\" class=\"wp-embedded-content\" sandbox=\"allow-scripts\" security=\"restricted\" style=\"position: absolute; visibility: hidden;\" title=\"&#8222;Tag Teams &#8211; gemeinsam wachsen&#8220; &#8212; VCP-Blog\" src=\"https:\/\/vcp.de\/pfadfinden\/tag-teams-gemeinsam-wachsen\/embed\/#?secret=hBz5N971uq#?secret=I3U6ncu7xs\" data-secret=\"I3U6ncu7xs\" width=\"600\" height=\"338\" frameborder=\"0\" marginwidth=\"0\" marginheight=\"0\" scrolling=\"no\"><\/iframe>\n<\/div><\/figure>\n\n\n\n<p><\/p>\n\n\n\n<p><\/p>\n\n\n\n<h2 class=\"wp-block-heading\">Stammeshosting<\/h2>\n\n\n<!-- TEST -->\n<figure class=\"wp-block-image size-full\"><a href=\"https:\/\/vcp-dev.de\/docs\/stammeshosting\/antrag\" target=\"_blank\" rel=\" noreferrer noopener\"><img loading=\"lazy\" decoding=\"async\" width=\"1024\" height=\"458\" src=\"https:\/\/www.vcp.de\/pfadfinden\/wp-content\/uploads\/2025\/02\/image-1.png\" alt=\"\" class=\"wp-image-38364\" srcset=\"https:\/\/vcp.de\/pfadfinden\/wp-content\/uploads\/2025\/02\/image-1.png 1024w, https:\/\/vcp.de\/pfadfinden\/wp-content\/uploads\/2025\/02\/image-1-300x134.png 300w, https:\/\/vcp.de\/pfadfinden\/wp-content\/uploads\/2025\/02\/image-1-768x344.png 768w, https:\/\/vcp.de\/pfadfinden\/wp-content\/uploads\/2025\/02\/image-1-750x335.png 750w\" sizes=\"auto, (max-width: 1024px) 100vw, 1024px\" \/><\/a><\/figure>\n\n\n\n<p><a href=\"https:\/\/go.vcp.de\/vcpwp\" target=\"_blank\" rel=\"noreferrer noopener\">go.vcp.de\/vcpwp<\/a><\/p>\n\n\n\n<p><\/p>\n\n\n\n<h2 class=\"wp-block-heading\">Schulungen \u00d6ffentlichkeitsarbeit<\/h2>\n\n\n\n<figure class=\"wp-block-embed is-type-wp-embed is-provider-vcp-blog wp-block-embed-vcp-blog\"><div class=\"wp-block-embed__wrapper\">\n<blockquote class=\"wp-embedded-content\" data-secret=\"ESr1Cl5asG\"><a href=\"https:\/\/vcp.de\/pfadfinden\/online-seminar\/offentlichkeitsarbeit\/\">Schulungen: How to\u2026\u00d6ffentlichkeitsarbeit\u00a0<\/a><\/blockquote><iframe loading=\"lazy\" class=\"wp-embedded-content\" sandbox=\"allow-scripts\" security=\"restricted\" style=\"position: absolute; visibility: hidden;\" title=\"&#8222;Schulungen: How to\u2026\u00d6ffentlichkeitsarbeit\u00a0&#8220; &#8212; VCP-Blog\" src=\"https:\/\/vcp.de\/pfadfinden\/online-seminar\/offentlichkeitsarbeit\/embed\/#?secret=uTlXfsd8DU#?secret=ESr1Cl5asG\" data-secret=\"ESr1Cl5asG\" width=\"600\" height=\"338\" frameborder=\"0\" marginwidth=\"0\" marginheight=\"0\" scrolling=\"no\"><\/iframe>\n<\/div><\/figure>\n","protected":false},"excerpt":{"rendered":"<p>Hier findet ihr alle wichtigen Links zu unserer Pr\u00e4si bei eurer diesj\u00e4hrigen Landesversammlung. Viel Spa\u00df beim St\u00f6bern! Baghiratermine 2025 Pfaditag 2025 pfaditag.de Arbeitshilfe zur politischen Au\u00dfenvertretung und Lobbyarbeit Youth Advocacy Training World Scout Jamboree 2027 jamboree2027.org worldscoutjamboree.de Internationale Begegnungen Azimuth azimuth-weconnect.eu IMWe imwe.net News aus den Netzwerken \u2013 Internationales &amp; Jugendpolitik Padlet Ausschreibungen Klick hier! [&hellip;]<\/p>\n","protected":false},"author":84,"featured_media":0,"parent":0,"menu_order":0,"comment_status":"closed","ping_status":"closed","template":"","meta":{"_acf_changed":false,"inline_featured_image":false,"footnotes":""},"class_list":["post-38347","page","type-page","status-publish","hentry"],"acf":[],"_links":{"self":[{"href":"https:\/\/vcp.de\/pfadfinden\/wp-json\/wp\/v2\/pages\/38347","targetHints":{"allow":["GET"]}}],"collection":[{"href":"https:\/\/vcp.de\/pfadfinden\/wp-json\/wp\/v2\/pages"}],"about":[{"href":"https:\/\/vcp.de\/pfadfinden\/wp-json\/wp\/v2\/types\/page"}],"author":[{"embeddable":true,"href":"https:\/\/vcp.de\/pfadfinden\/wp-json\/wp\/v2\/users\/84"}],"replies":[{"embeddable":true,"href":"https:\/\/vcp.de\/pfadfinden\/wp-json\/wp\/v2\/comments?post=38347"}],"version-history":[{"count":22,"href":"https:\/\/vcp.de\/pfadfinden\/wp-json\/wp\/v2\/pages\/38347\/revisions"}],"predecessor-version":[{"id":38393,"href":"https:\/\/vcp.de\/pfadfinden\/wp-json\/wp\/v2\/pages\/38347\/revisions\/38393"}],"wp:attachment":[{"href":"https:\/\/vcp.de\/pfadfinden\/wp-json\/wp\/v2\/media?parent=38347"}],"curies":[{"name":"wp","href":"https:\/\/api.w.org\/{rel}","templated":true}]}}