{"id":36191,"date":"2024-09-04T13:42:26","date_gmt":"2024-09-04T11:42:26","guid":{"rendered":"https:\/\/www.vcp.de\/pfadfinden\/?page_id=36191"},"modified":"2025-07-28T10:04:13","modified_gmt":"2025-07-28T08:04:13","slug":"fg-baghira","status":"publish","type":"page","link":"https:\/\/vcp.de\/pfadfinden\/baghira-startseite\/fg-baghira\/","title":{"rendered":"FG Baghira"},"content":{"rendered":"\n<div class=\"wp-block-group is-layout-constrained wp-block-group-is-layout-constrained\"><!-- TEST -->\n<figure class=\"wp-block-image size-large is-resized\"><a href=\"https:\/\/www.vcp.de\/pfadfinden\/wp-content\/uploads\/2024\/07\/20220911_100944-1-scaled.jpg\"><img loading=\"lazy\" decoding=\"async\" width=\"1024\" height=\"665\" src=\"https:\/\/www.vcp.de\/pfadfinden\/wp-content\/uploads\/2024\/07\/20220911_100944-1-1024x665.jpg\" alt=\"\" class=\"wp-image-36195\" style=\"width:690px;height:auto\" srcset=\"https:\/\/vcp.de\/pfadfinden\/wp-content\/uploads\/2024\/07\/20220911_100944-1-1024x665.jpg 1024w, https:\/\/vcp.de\/pfadfinden\/wp-content\/uploads\/2024\/07\/20220911_100944-1-300x195.jpg 300w, https:\/\/vcp.de\/pfadfinden\/wp-content\/uploads\/2024\/07\/20220911_100944-1-768x499.jpg 768w, https:\/\/vcp.de\/pfadfinden\/wp-content\/uploads\/2024\/07\/20220911_100944-1-1536x997.jpg 1536w, https:\/\/vcp.de\/pfadfinden\/wp-content\/uploads\/2024\/07\/20220911_100944-1-2048x1329.jpg 2048w, https:\/\/vcp.de\/pfadfinden\/wp-content\/uploads\/2024\/07\/20220911_100944-1-750x487.jpg 750w\" sizes=\"auto, (max-width: 1024px) 100vw, 1024px\" \/><\/a><figcaption class=\"wp-element-caption\">Die FG Baghira auf dem ZAK II 2022<\/figcaption><\/figure>\n<\/div>\n\n\n\n<p>Wer steckt eigentlich hinter dem Baghiraprogramm? Neben den L\u00e4nderkoordinator*innen, die f\u00fcr die Umsetzung in ihren L\u00e4ndern sorgen, gibt es auch noch die Fachgruppe Baghira auf Bundesebene. Sie hat das Konzept erarbeitet \u2013 basierend auf einem Programm des BdP \u2013 und organisiert j\u00e4hrlich 2 Baghiratrainings, den Pantherfelsen und die BAMM!s <\/p>\n\n\n\n<p>In der Fachgruppe arbeiten aktuell ungef\u00e4hr etwa 12 Personen mit. Wir treffen uns etwa alle 2 Monate in Videokonferenzen und zweimal im Jahr in Pr\u00e4senz auf dem ZAK. Dabei wechselt die Intensit\u00e4t. Man kann auch gern phasenweise mal mehr und mal weniger aktiv dabei sein. <strong>Du hast Interesse mal in die Fachgruppe reinzuschnuppern oder m\u00f6chtest mehr \u00fcber unsere Arbeit wissen? Schreib uns unter <a href=\"mailto:baghira@vcp.de\">baghira@vcp.de<\/a>!<\/strong><br><br>Das Konzept und den Methodenkoffer evaluieren wir regelm\u00e4\u00dfig basierend auf Erfahrungswerten aus den L\u00e4ndern und Stammesschmieden.<\/p>\n\n\n\n<p>Die Baghiratrainings werden von uns organisiert und geteamt. Federf\u00fchrend hierbei sind Merle und Kristina. Wir m\u00f6chten aber gern noch mehr Leute als Teamerinnen gewinnen, die nicht unbedingt Mitglied der FG sein m\u00fcssen. <br>Die 2 Baghiratrainings sind inzwischen sehr eingespielt, aber auch hier entwickeln wir neue Ideen, zum Beispiel ein Onlinetrainingskonzept oder gemeinsame Schulungswochenenden mit Woodbadge. <br>Der Pantherfelsen ist ein Vernetzungs- und Weiterbildungstermin f\u00fcr die schon aktiven Baghiras, der parallel zu einem der Trainings stattfindet. Hier sind wir noch dabei immer wieder neue Methoden und Inhalte auszuprobieren \u2013 gerade auch weil die Teilnehmenden unterschiedliche Vorerfahrungen mitbringen. <br><br>Das BAMM! ist unser Onlineaustauschformat f\u00fcr Baghiras zwischen den Pantherfelsen und wird vor allem durch Eva und Luisa organisiert. Hier kann kollegiale Beratung stattfinden, lockerer Austausch zu Erfahrungen in Stammesschmieden oder auch noch mal der ein oder andere Input. <br><br>Au\u00dferdem stehen wir mit den L\u00e4nderkoordinator*innen in Kontakt. Da die Umsetzung des Programms gr\u00f6\u00dftenteils in den L\u00e4ndern stattfindet mit Baghiramatching und Stammesschmieden ist dies sehr wichtig f\u00fcr uns! Alle 3 Monate f\u00fchren wir eine L\u00e4nderschalte durch, bei der wir Infos an die L\u00e4nder weitergeben, Austausch untereinander erm\u00f6glichen und Feedback und wie es so l\u00e4uft aus den L\u00e4ndern einholen. Auch dazwischen ist insbesondere Christina ansprechbar f\u00fcr alle Bed\u00fcrfnisse und Fragen der L\u00e4nder.<\/p>\n\n\n\n<p>Sowie die L\u00e4nder bei sich werben f\u00fcr Baghira, setzen wir uns auf Bundesebene f\u00fcr das Baghiraprogramm ein und sind immer wieder mal in den Bundesgremien und anderen Veranstaltungen pr\u00e4sent, um f\u00fcr das Programm Werbung zu machen und Leute f\u00fcr Baghira zu gewinnen.<\/p>\n\n\n\n<p>Neben diesen st\u00e4ndigen Aufgaben gibt es auch immer wieder wechselnde Projekte. Aktuell steht zum Beispiel eine \u00dcberarbeitung unseres Werbematerials an inklusive neuem Design.<\/p>\n\n\n\n<p><\/p>\n\n\n\n<p><\/p>\n","protected":false},"excerpt":{"rendered":"<p>Wer steckt eigentlich hinter dem Baghiraprogramm? Neben den L\u00e4nderkoordinator*innen, die f\u00fcr die Umsetzung in ihren L\u00e4ndern sorgen, gibt es auch noch die Fachgruppe Baghira auf Bundesebene. Sie hat das Konzept erarbeitet \u2013 basierend auf einem Programm des BdP \u2013 und organisiert j\u00e4hrlich 2 Baghiratrainings, den Pantherfelsen und die BAMM!s In der Fachgruppe arbeiten aktuell ungef\u00e4hr [&hellip;]<\/p>\n","protected":false},"author":66,"featured_media":0,"parent":31525,"menu_order":0,"comment_status":"closed","ping_status":"closed","template":"","meta":{"_acf_changed":false,"inline_featured_image":false,"footnotes":""},"class_list":["post-36191","page","type-page","status-publish","hentry"],"acf":[],"_links":{"self":[{"href":"https:\/\/vcp.de\/pfadfinden\/wp-json\/wp\/v2\/pages\/36191","targetHints":{"allow":["GET"]}}],"collection":[{"href":"https:\/\/vcp.de\/pfadfinden\/wp-json\/wp\/v2\/pages"}],"about":[{"href":"https:\/\/vcp.de\/pfadfinden\/wp-json\/wp\/v2\/types\/page"}],"author":[{"embeddable":true,"href":"https:\/\/vcp.de\/pfadfinden\/wp-json\/wp\/v2\/users\/66"}],"replies":[{"embeddable":true,"href":"https:\/\/vcp.de\/pfadfinden\/wp-json\/wp\/v2\/comments?post=36191"}],"version-history":[{"count":18,"href":"https:\/\/vcp.de\/pfadfinden\/wp-json\/wp\/v2\/pages\/36191\/revisions"}],"predecessor-version":[{"id":39647,"href":"https:\/\/vcp.de\/pfadfinden\/wp-json\/wp\/v2\/pages\/36191\/revisions\/39647"}],"up":[{"embeddable":true,"href":"https:\/\/vcp.de\/pfadfinden\/wp-json\/wp\/v2\/pages\/31525"}],"wp:attachment":[{"href":"https:\/\/vcp.de\/pfadfinden\/wp-json\/wp\/v2\/media?parent=36191"}],"curies":[{"name":"wp","href":"https:\/\/api.w.org\/{rel}","templated":true}]}}