{"id":36132,"date":"2024-08-21T15:07:32","date_gmt":"2024-08-21T13:07:32","guid":{"rendered":"https:\/\/www.vcp.de\/pfadfinden\/?page_id=36132"},"modified":"2025-01-31T07:51:25","modified_gmt":"2025-01-31T06:51:25","slug":"fireside-chats-clone","status":"publish","type":"page","link":"https:\/\/vcp.de\/pfadfinden\/fireside-chats-clone\/","title":{"rendered":"Fireside Chats"},"content":{"rendered":"\n<h2 class=\"wp-block-heading\">Was ist ein Fireside Chat?<\/h2>\n\n\n\n<p>Die Fireside Chats sind digitale Informations-, Dialog- und Workshopformate zum Thema Nachhaltigkeit.&nbsp;Sie dienen zum einen dazu, das Thema Nachhaltigkeit praktikabel f\u00fcr den pfadfinderischen Alltag der Gruppen aufzubereiten und in den Verband zu tragen, zum anderen aber auch dazu, einen offenen, innerverbandlichen Diskurs zu f\u00fchren.&nbsp;Unsere Fireside-Chats sind ein offenes Angebot f\u00fcr VCP-Mitglieder, sowie Interessierte aus den Partnerverb\u00e4nden und G\u00e4sten. Sie unterliegt keiner generellen Zugangsbeschr\u00e4nkung.&nbsp;<\/p>\n\n\n\n<div class=\"wp-block-columns is-layout-flex wp-container-core-columns-is-layout-9d6595d7 wp-block-columns-is-layout-flex\">\n<div class=\"wp-block-column is-layout-flow wp-block-column-is-layout-flow\" style=\"flex-basis:66.66%\">\n<h2 class=\"wp-block-heading\">Wozu Fireside Chats?<\/h2>\n\n\n\n<ol class=\"wp-block-list\">\n<li class=\"has-small-font-size\"><strong>Praktische Umsetzung<\/strong>&nbsp;<strong>nachhaltigeren Pfadfindens auf Stammes- und Landesebene<\/strong>&nbsp;<br>Mit den Fireside Chats erhalten Mitglieder im VCP, insbesondere jene in F\u00fchrungs- und Planungsverantwortung, Anregungen, Impulse und konkrete Ans\u00e4tze und Ideen&nbsp;<em>Nachhaltigkeit<\/em>&nbsp;in der allt\u00e4glichen Pfadfinder*innen Arbeit, in ihren Gruppenr\u00e4umen, auf Lagern oder Fahrten umzusetzen. &nbsp;<\/li>\n\n\n\n<li class=\"has-small-font-size\"><strong>Nachhaltigkeit als Programm in allen Stufen.<\/strong>&nbsp;<br>Au\u00dferdem sollen die Fireside Chats dazu beitragen, im Rahmen unserer non-formalen Bildungsarbeit&nbsp;<em>Nachhaltigkeit<\/em>&nbsp;in passender, altersgerechter Form und methodisch aufbereitet, als Thema in die Gruppenarbeit zu tragen.&nbsp;&nbsp;<\/li>\n\n\n\n<li class=\"has-small-font-size\"><strong>Theoretischer, politischer Diskurs<\/strong>&nbsp;und <strong>Auseinandersetzung<\/strong>&nbsp;<br>Die Fireside Chats geben dem inhaltlichen Diskurs den n\u00f6tigen Raum. Sie laden Interessierte unterschiedlichen Niveaus dazu ein, sich insbesondere mit der politischen und gesellschaftlichen Dimension des Themas auseinander zu setzen.&nbsp;<\/li>\n\n\n\n<li class=\"has-small-font-size\"><strong>Willensbildung und Positionierung<\/strong>&nbsp;<br>Der so geschaffene Raum kann dem VCP, aber auch den einzelnen Beteiligten in ihrer Willensbildung helfen und eine klare, gemeinsame Position hervorbringen.<\/li>\n<\/ol>\n<\/div>\n\n\n\n<div class=\"wp-block-column is-layout-flow wp-block-column-is-layout-flow\" style=\"flex-basis:33.33%\">\n<h2 class=\"wp-block-heading\">Die n\u00e4chsten Fireside Chats<\/h2>\n\n\n\n<p class=\"has-vcp-red-color has-text-color has-link-color wp-elements-ccb277fdbdf42f1c513005f4aa0795f5\"><strong>24.03.2025<\/strong><\/p>\n\n\n\n<p>Nachhaltigkeit auf Lagern<\/p>\n\n\n\n<div class=\"wp-block-buttons is-content-justification-left is-layout-flex wp-container-core-buttons-is-layout-fdcfc74e wp-block-buttons-is-layout-flex\">\n<div class=\"wp-block-button is-style-vcp-yellow\"><a class=\"wp-block-button__link wp-element-button\" href=\"https:\/\/forms.office.com\/e\/kJBKWfjcAa\">Anmelden<\/a><\/div>\n<\/div>\n\n\n\n<div style=\"height:var(--wp--preset--spacing--80)\" aria-hidden=\"true\" class=\"wp-block-spacer\"><\/div>\n<\/div>\n<\/div>\n\n\n\n<div style=\"height:var(--wp--preset--spacing--80)\" aria-hidden=\"true\" class=\"wp-block-spacer\"><\/div>\n\n\n\n<h2 class=\"wp-block-heading\">Das Archiv &#8211; Bisherige Fireside Chats<\/h2>\n\n\n\n<div class=\"wp-block-columns is-layout-flex wp-container-core-columns-is-layout-9d6595d7 wp-block-columns-is-layout-flex\">\n<div class=\"wp-block-column is-layout-flow wp-block-column-is-layout-flow\" style=\"flex-basis:66.66%\">\n<ul class=\"wp-block-list\">\n<li class=\"has-medium-font-size\"><strong>Nachhaltigkeit auf Landeslagern <\/strong>(28.02.2024) &#8211; Referentin: Naomi Wang<\/li>\n<\/ul>\n<\/div>\n\n\n\n<div class=\"wp-block-column is-layout-flow wp-block-column-is-layout-flow\" style=\"flex-basis:33.33%\">\n<div class=\"wp-block-buttons is-content-justification-center is-layout-flex wp-container-core-buttons-is-layout-16018d1d wp-block-buttons-is-layout-flex\">\n<div class=\"wp-block-button is-style-vcp-lightblue\"><a class=\"wp-block-button__link wp-element-button\" href=\"https:\/\/vcpmail-my.sharepoint.com\/:f:\/g\/personal\/arno_schaefer_vcp_de\/EvN4UtrAOSJLiF_k-EkjhPQBjgmehd1YdE0Y3jVIYLB1Nw?e=Ir05wE\" target=\"_blank\" rel=\"noreferrer noopener\">Material downloaden<\/a><\/div>\n<\/div>\n<\/div>\n<\/div>\n\n\n\n<div class=\"wp-block-columns is-layout-flex wp-container-core-columns-is-layout-9d6595d7 wp-block-columns-is-layout-flex\">\n<div class=\"wp-block-column is-layout-flow wp-block-column-is-layout-flow\" style=\"flex-basis:66.66%\">\n<ul class=\"wp-block-list\">\n<li class=\"has-medium-font-size\"><strong>Spielerisch nachhaltigere Gruppenr\u00e4ume <\/strong>(17.06.2024)<\/li>\n<\/ul>\n<\/div>\n\n\n\n<div class=\"wp-block-column is-layout-flow wp-block-column-is-layout-flow\" style=\"flex-basis:33.33%\">\n<div class=\"wp-block-buttons is-content-justification-center is-layout-flex wp-container-core-buttons-is-layout-16018d1d wp-block-buttons-is-layout-flex\">\n<div class=\"wp-block-button is-style-vcp-lightblue\"><a class=\"wp-block-button__link wp-element-button\" href=\"https:\/\/vcpmail-my.sharepoint.com\/:p:\/g\/personal\/arno_schaefer_vcp_de\/EQPjzjLV3ehKsoxvIgSyhisBR9hNklQhIxL6pqHjVIOb8g?e=hXaRpD\" target=\"_blank\" rel=\"noreferrer noopener\">Material downloaden<\/a><\/div>\n<\/div>\n<\/div>\n<\/div>\n\n\n\n<div class=\"wp-block-columns is-layout-flex wp-container-core-columns-is-layout-9d6595d7 wp-block-columns-is-layout-flex\">\n<div class=\"wp-block-column is-layout-flow wp-block-column-is-layout-flow\" style=\"flex-basis:66.66%\">\n<ul class=\"wp-block-list\">\n<li class=\"has-medium-font-size\"><strong>Kommunikation in der Klimakrise &#8211; <em>l\u00e4hmende Dystopie, oder aktivierende Herausforderung<\/em> <\/strong>(02.09.2024)<\/li>\n<\/ul>\n<\/div>\n\n\n\n<div class=\"wp-block-column is-layout-flow wp-block-column-is-layout-flow\" style=\"flex-basis:33.33%\">\n<div class=\"wp-block-buttons is-content-justification-center is-layout-flex wp-container-core-buttons-is-layout-16018d1d wp-block-buttons-is-layout-flex\">\n<div class=\"wp-block-button is-style-vcp-lightblue\"><a class=\"wp-block-button__link wp-element-button\" href=\"https:\/\/vcpmail-my.sharepoint.com\/:p:\/g\/personal\/arno_schaefer_vcp_de\/EZ8Pr72dZK9Jiy9PiT06wDMBPdoFuPQ0PtXXUuK9IKdE2w?e=1o3a7U\" target=\"_blank\" rel=\"noreferrer noopener\">Material downloaden<\/a><\/div>\n<\/div>\n<\/div>\n<\/div>\n","protected":false},"excerpt":{"rendered":"<p>Was ist ein Fireside Chat? Die Fireside Chats sind digitale Informations-, Dialog- und Workshopformate zum Thema Nachhaltigkeit.&nbsp;Sie dienen zum einen dazu, das Thema Nachhaltigkeit praktikabel f\u00fcr den pfadfinderischen Alltag der Gruppen aufzubereiten und in den Verband zu tragen, zum anderen aber auch dazu, einen offenen, innerverbandlichen Diskurs zu f\u00fchren.&nbsp;Unsere Fireside-Chats sind ein offenes Angebot f\u00fcr [&hellip;]<\/p>\n","protected":false},"author":69,"featured_media":0,"parent":0,"menu_order":0,"comment_status":"closed","ping_status":"closed","template":"","meta":{"_acf_changed":false,"inline_featured_image":false,"footnotes":""},"class_list":["post-36132","page","type-page","status-publish","hentry"],"acf":[],"_links":{"self":[{"href":"https:\/\/vcp.de\/pfadfinden\/wp-json\/wp\/v2\/pages\/36132","targetHints":{"allow":["GET"]}}],"collection":[{"href":"https:\/\/vcp.de\/pfadfinden\/wp-json\/wp\/v2\/pages"}],"about":[{"href":"https:\/\/vcp.de\/pfadfinden\/wp-json\/wp\/v2\/types\/page"}],"author":[{"embeddable":true,"href":"https:\/\/vcp.de\/pfadfinden\/wp-json\/wp\/v2\/users\/69"}],"replies":[{"embeddable":true,"href":"https:\/\/vcp.de\/pfadfinden\/wp-json\/wp\/v2\/comments?post=36132"}],"version-history":[{"count":6,"href":"https:\/\/vcp.de\/pfadfinden\/wp-json\/wp\/v2\/pages\/36132\/revisions"}],"predecessor-version":[{"id":38150,"href":"https:\/\/vcp.de\/pfadfinden\/wp-json\/wp\/v2\/pages\/36132\/revisions\/38150"}],"wp:attachment":[{"href":"https:\/\/vcp.de\/pfadfinden\/wp-json\/wp\/v2\/media?parent=36132"}],"curies":[{"name":"wp","href":"https:\/\/api.w.org\/{rel}","templated":true}]}}