{"id":35501,"date":"2024-05-16T14:03:34","date_gmt":"2024-05-16T12:03:34","guid":{"rendered":"https:\/\/www.vcp.de\/pfadfinden\/?page_id=35501"},"modified":"2025-01-31T07:51:43","modified_gmt":"2025-01-31T06:51:43","slug":"die-fachgruppe-nachhaltigkeit","status":"publish","type":"page","link":"https:\/\/vcp.de\/pfadfinden\/die-fachgruppe-nachhaltigkeit\/","title":{"rendered":"Die Fachgruppe Nachhaltigkeit"},"content":{"rendered":"\n<div class=\"wp-block-columns is-layout-flex wp-container-core-columns-is-layout-9d6595d7 wp-block-columns-is-layout-flex\">\n<div class=\"wp-block-column is-layout-flow wp-block-column-is-layout-flow\">\n<h4 class=\"wp-block-heading has-text-align-center has-vcp-lightblue-color has-text-color has-link-color wp-elements-a5420dd48a9a71216a5fa84f3c2d9b73\"><strong><em><a href=\"#team\">Unser Team <\/a><\/em><\/strong><\/h4>\n<\/div>\n\n\n\n<div class=\"wp-block-column is-layout-flow wp-block-column-is-layout-flow\">\n<h4 class=\"wp-block-heading has-text-align-center has-vcp-lightblue-color has-text-color has-link-color wp-elements-78b0c63d18cf85aae0cc3286490b1214\"><em><strong><a href=\"#beschreibung\">Was wir tun<\/a><\/strong><\/em><\/h4>\n<\/div>\n\n\n\n<div class=\"wp-block-column is-layout-flow wp-block-column-is-layout-flow\">\n<p class=\"has-text-align-center has-vcp-lightblue-color has-text-color has-link-color wp-elements-2c5f287504b0b63ae25d2a24915b5e08\"><strong><em><a href=\"#events\">Unsere Termine<\/a><\/em><\/strong><\/p>\n<\/div>\n\n\n\n<div class=\"wp-block-column is-layout-flow wp-block-column-is-layout-flow\">\n<p class=\"has-text-align-center has-vcp-lightblue-color has-text-color has-link-color wp-elements-ca2dd1daad8d6daf4ff424775e73364f\"><strong><em><a href=\"#news\">Unsere Termine<\/a><\/em><\/strong><\/p>\n<\/div>\n<\/div>\n\n\n\n<div style=\"height:var(--wp--preset--spacing--20)\" aria-hidden=\"true\" class=\"wp-block-spacer\"><\/div>\n\n\n\n<p>Herzlich willkommen bei der FG Nachhaltigkeit! Hier findet ihr aktuelle Infos, Termine und Aktionen der Fachgruppe Nachhaltigkeit im VCP.<\/p>\n\n\n\n<p><strong>Doch wer sind wir eigentlich?<\/strong><\/p>\n\n\n\n<p>Wir sind eine junge Gruppe von Pfadis, die das Thema Nachhaltigkeit und Klimaschutz im VCP forcieren und st\u00e4rker verbreiten m\u00f6chten.<\/p>\n\n\n\n<div style=\"height:var(--wp--preset--spacing--80)\" aria-hidden=\"true\" class=\"wp-block-spacer\"><\/div>\n\n\n\n<h2 class=\"wp-block-heading\" id=\"Team\">Unser Team<\/h2>\n\n\n\n<div class=\"wp-block-columns is-layout-flex wp-container-core-columns-is-layout-9d6595d7 wp-block-columns-is-layout-flex\">\n<div class=\"wp-block-column is-layout-flow wp-block-column-is-layout-flow\"><!-- TEST -->\n<figure class=\"wp-block-image size-large is-resized is-style-rounded\"><a href=\"https:\/\/www.vcp.de\/pfadfinden\/wp-content\/uploads\/2024\/05\/Bild-scaled.jpg\"><img loading=\"lazy\" decoding=\"async\" width=\"680\" height=\"1024\" src=\"https:\/\/www.vcp.de\/pfadfinden\/wp-content\/uploads\/2024\/05\/Bild-680x1024.jpg\" alt=\"\" class=\"wp-image-35527\" style=\"aspect-ratio:1;object-fit:cover;width:506px;height:auto\" srcset=\"https:\/\/vcp.de\/pfadfinden\/wp-content\/uploads\/2024\/05\/Bild-680x1024.jpg 680w, https:\/\/vcp.de\/pfadfinden\/wp-content\/uploads\/2024\/05\/Bild-199x300.jpg 199w, https:\/\/vcp.de\/pfadfinden\/wp-content\/uploads\/2024\/05\/Bild-768x1156.jpg 768w, https:\/\/vcp.de\/pfadfinden\/wp-content\/uploads\/2024\/05\/Bild-1021x1536.jpg 1021w, https:\/\/vcp.de\/pfadfinden\/wp-content\/uploads\/2024\/05\/Bild-1361x2048.jpg 1361w, https:\/\/vcp.de\/pfadfinden\/wp-content\/uploads\/2024\/05\/Bild-750x1129.jpg 750w, https:\/\/vcp.de\/pfadfinden\/wp-content\/uploads\/2024\/05\/Bild-scaled.jpg 1701w\" sizes=\"auto, (max-width: 680px) 100vw, 680px\" \/><\/a><\/figure>\n\n\n\n<p class=\"has-text-align-center has-small-font-size\"><strong>Florian Brod \/ Fachgruppensprecher<br><\/strong>Siedlung Geronimo &#8211; Ilsfeld und Neckarwestheim<br>VCP W\u00fcrttemberg<\/p>\n<\/div>\n\n\n\n<div class=\"wp-block-column is-layout-flow wp-block-column-is-layout-flow\"><!-- TEST -->\n\n\n<p class=\"has-text-align-center has-small-font-size\"><strong>Josefine Kiel<br><\/strong><\/p>\n<\/div>\n\n\n\n<div class=\"wp-block-column is-layout-flow wp-block-column-is-layout-flow\"><!-- TEST -->\n<figure class=\"wp-block-image size-large is-style-rounded\"><a href=\"https:\/\/www.vcp.de\/pfadfinden\/wp-content\/uploads\/2024\/05\/Image.png\"><img loading=\"lazy\" decoding=\"async\" width=\"775\" height=\"1024\" src=\"https:\/\/www.vcp.de\/pfadfinden\/wp-content\/uploads\/2024\/05\/Image-775x1024.png\" alt=\"\" class=\"wp-image-35503\" style=\"aspect-ratio:1;object-fit:cover\" srcset=\"https:\/\/vcp.de\/pfadfinden\/wp-content\/uploads\/2024\/05\/Image-775x1024.png 775w, https:\/\/vcp.de\/pfadfinden\/wp-content\/uploads\/2024\/05\/Image-227x300.png 227w, https:\/\/vcp.de\/pfadfinden\/wp-content\/uploads\/2024\/05\/Image-768x1015.png 768w, https:\/\/vcp.de\/pfadfinden\/wp-content\/uploads\/2024\/05\/Image-1162x1536.png 1162w, https:\/\/vcp.de\/pfadfinden\/wp-content\/uploads\/2024\/05\/Image-1549x2048.png 1549w, https:\/\/vcp.de\/pfadfinden\/wp-content\/uploads\/2024\/05\/Image-750x991.png 750w\" sizes=\"auto, (max-width: 775px) 100vw, 775px\" \/><\/a><\/figure>\n\n\n\n<p class=\"has-text-align-center has-small-font-size\"><strong>Colleen Forstinger<br><\/strong>Siedlungs Hans Riesser &#8211; Heilbronn<br>VCP Land W\u00fcrttemberg<\/p>\n<\/div>\n\n\n\n<div class=\"wp-block-column is-layout-flow wp-block-column-is-layout-flow\"><!-- TEST -->\n\n\n<p class=\"has-text-align-center has-small-font-size\"><strong>Emil Neudert<\/strong><br><\/p>\n<\/div>\n<\/div>\n\n\n\n<div style=\"height:var(--wp--preset--spacing--80)\" aria-hidden=\"true\" class=\"wp-block-spacer\"><\/div>\n\n\n\n<h2 class=\"wp-block-heading\" id=\"beschreibung\">Was wir tun<\/h2>\n\n\n\n<ul class=\"wp-block-list\">\n<li>Daf\u00fcr planen und organisieren wir verschiedene Aktionen, wie aktuell zum Beispiel unsere <em><a href=\"http:\/\/vcp.de\/pfadfinden\/fireside-chats\" target=\"_blank\" rel=\"noreferrer noopener\">Fireside Chats<\/a><\/em>, bei denen es Input und Austausch zu Nachhaltigkeit bei den Pfadis gibt.<\/li>\n\n\n\n<li>Wir wollen auch die verschiedenen Gruppen, die zu Nachhaltigkeit und \u00d6kologie auf allen Ebenen im VCP arbeiten, sinnvoll miteinander vernetzen, wie auch den Kontakt zur entsprechenden Gruppe im rdp und den in den Partnerverb\u00e4nden halten.<\/li>\n\n\n\n<li>Wir verbreiten nicht nur ein Bewusstsein f\u00fcr Nachhaltigkeit im Verband und entwickeln Ideen f\u00fcr nachhaltigeres Pfadfinden, wir engagieren uns auch in mehreren jugendpolitischen Beteiligungsformaten in Ministerien oder Institutionen und repr\u00e4sentieren VCP und Pfadfinden in Deutschland auf verschiedenen Veranstaltungen.<\/li>\n<\/ul>\n\n\n\n<p>Nachhaltigkeit ist durch den Klimawandel ein wichtiges Thema in unsere Gesellschaft geworden und ganz nach dem Motto ,,Hinterlasst die Welt ein bisschen besser, als ihr sie vorgefunden habt\u201c soll dieses Thema auch im VCP mehr Aufmerksamkeit bekommen. Sodass wir alle etwas umweltbewusster Leben und Handeln \u2013 privat und auch im Pfadfinden.<\/p>\n\n\n\n<div style=\"height:var(--wp--preset--spacing--80)\" aria-hidden=\"true\" class=\"wp-block-spacer\"><\/div>\n\n\n\n<h2 class=\"wp-block-heading\" id=\"events\">Unsere Veranstaltungen<\/h2>\n\n\n\n<p><strong>Fireside Chats <\/strong>sind digitale Informations-, Dialog- und Workshopformate zum Thema Nachhaltigkeit.&nbsp;Sie sollen Nachhaltigkeit, praktikabel f\u00fcr den pfadfinderischen Alltag unserer Gruppen aufbereiten, in den Verband tragen und einen Raum sein f\u00fcr einen offenen, innerverbandlichen Diskurs.&nbsp;Die Fireside Chats sind ein offenes Angebot f\u00fcr VCP-Mitglieder, sowie Interessierte aus den Partnerverb\u00e4nden und G\u00e4sten. Sie unterliegt keiner generellen Zugangsbeschr\u00e4nkung.&nbsp;<\/p>\n\n\n\n<div class=\"wp-block-columns is-layout-flex wp-container-core-columns-is-layout-9d6595d7 wp-block-columns-is-layout-flex\">\n<div class=\"wp-block-column is-layout-flow wp-block-column-is-layout-flow\" style=\"flex-basis:66.66%\">\n<ul class=\"wp-block-list\">\n<li class=\"has-small-font-size\"><strong>Praktische Umsetzung<\/strong>&nbsp;<strong>nachhaltigeres Pfadfinden auf Stammes- und Landesebene<\/strong>&nbsp;<br>Mit den Fireside Chats erhalten Mitglieder im VCP, insbesondere jene in F\u00fchrungs- und Planungsverantwortung, Anregungen, Impulse und konkrete Ans\u00e4tze und Ideen <em>Nachhaltigkeit<\/em> in der allt\u00e4glichen Pfadfinder*innen Arbeit, in ihren Gruppenr\u00e4umen, auf Lagern oder Fahrten umzusetzen. &nbsp;<\/li>\n\n\n\n<li class=\"has-small-font-size\"><strong>Nachhaltigkeit als Programm in allen Stufen.<\/strong>&nbsp;<br>Au\u00dferdem sollen die Fireside Chats dazu beitragen, im Rahmen unserer non-formalen Bildungsarbeit <em>Nachhaltigkeit<\/em> in passender, altersgerechter Form und methodisch aufbereitet, als Thema in die Gruppenarbeit zu tragen.&nbsp;&nbsp;<\/li>\n\n\n\n<li class=\"has-small-font-size\"><strong>Theoretischer, politischer Diskurs<\/strong>&nbsp;und <strong>Auseinandersetzung<\/strong>&nbsp;<br>Die Fireside Chats geben dem inhaltlichen Diskurs den n\u00f6tigen Raum. Sie laden Interessierte unterschiedlichen Niveaus dazu ein, sich insbesondere mit der politischen und gesellschaftlichen Dimension des Themas auseinander zu setzen.&nbsp;<\/li>\n\n\n\n<li class=\"has-small-font-size\"><strong>Willensbildung und Positionierung<\/strong>&nbsp;<br>Der so geschaffene Raum kann dem VCP, aber auch den einzelnen Beteiligten in ihrer Willensbildung helfen und eine klare, gemeinsame Position hervorbringen.<\/li>\n<\/ul>\n<\/div>\n\n\n\n<div class=\"wp-block-column is-layout-flow wp-block-column-is-layout-flow\" style=\"flex-basis:33.33%\">\n<p class=\"has-vcp-red-color has-text-color has-link-color has-medium-font-size wp-elements-6a07378a2c20254dbc9a543dd8ddbcc2\"><strong>24.03.2025<\/strong> (19:30)<\/p>\n\n\n\n<p class=\"has-vcp-blue-color has-text-color has-link-color wp-elements-e552447773c96d0583f4cc72647d3080\">Spielerisch nachhaltigere Grupppenr\u00e4ume.<\/p>\n\n\n\n<div class=\"wp-block-buttons is-content-justification-center is-layout-flex wp-container-core-buttons-is-layout-16018d1d wp-block-buttons-is-layout-flex\">\n<div class=\"wp-block-button has-custom-width wp-block-button__width-100 is-style-vcp-red\"><a class=\"wp-block-button__link wp-element-button\" href=\"http:\/\/vcp.de\/pfadfinden\/fireside-chats\" target=\"_blank\" rel=\"noreferrer noopener\">Kommende und vergangene <strong>Fireside-Chats<\/strong><\/a><\/div>\n<\/div>\n<\/div>\n<\/div>\n\n\n\n<div style=\"height:var(--wp--preset--spacing--80)\" aria-hidden=\"true\" class=\"wp-block-spacer\"><\/div>\n\n\n\n<h2 class=\"wp-block-heading\" id=\"news\">Nachhaltigkeit im VCP Blog &#8211; News, Berichte und Positionen<\/h2>\n\n\n<ul class=\"wp-block-latest-posts__list is-grid columns-3 has-dates aligncenter wp-block-latest-posts has-small-font-size\"><li><div class=\"wp-block-latest-posts__featured-image\"><img loading=\"lazy\" decoding=\"async\" width=\"150\" height=\"150\" src=\"https:\/\/vcp.de\/pfadfinden\/wp-content\/uploads\/2023\/04\/Florian_Trykowski-2-150x150.png\" class=\"attachment-thumbnail size-thumbnail wp-post-image\" alt=\"\" style=\"\" srcset=\"https:\/\/vcp.de\/pfadfinden\/wp-content\/uploads\/2023\/04\/Florian_Trykowski-2-150x150.png 150w, https:\/\/vcp.de\/pfadfinden\/wp-content\/uploads\/2023\/04\/Florian_Trykowski-2-300x300.png 300w, https:\/\/vcp.de\/pfadfinden\/wp-content\/uploads\/2023\/04\/Florian_Trykowski-2-1024x1024.png 1024w, https:\/\/vcp.de\/pfadfinden\/wp-content\/uploads\/2023\/04\/Florian_Trykowski-2-768x768.png 768w, https:\/\/vcp.de\/pfadfinden\/wp-content\/uploads\/2023\/04\/Florian_Trykowski-2-750x750.png 750w, https:\/\/vcp.de\/pfadfinden\/wp-content\/uploads\/2023\/04\/Florian_Trykowski-2-45x45.png 45w, https:\/\/vcp.de\/pfadfinden\/wp-content\/uploads\/2023\/04\/Florian_Trykowski-2.png 1080w\" sizes=\"auto, (max-width: 150px) 100vw, 150px\" \/><\/div><a class=\"wp-block-latest-posts__post-title\" href=\"https:\/\/vcp.de\/pfadfinden\/allgemein\/ausschreibung-fachgruppe-nachhaltigkeit\/\">Ausschreibung: Fachgruppe Nachhaltigkeit<\/a><time datetime=\"2024-01-18T14:07:25+01:00\" class=\"wp-block-latest-posts__post-date\">18. Januar 2024<\/time><div class=\"wp-block-latest-posts__post-excerpt\">Also ich hab&#8216; Bock! Mitarbeit in der Fachgruppe Nachhaltigkeit.<\/div><\/li>\n<li><div class=\"wp-block-latest-posts__featured-image\"><img loading=\"lazy\" decoding=\"async\" width=\"150\" height=\"150\" src=\"https:\/\/vcp.de\/pfadfinden\/wp-content\/uploads\/2021\/01\/true-frog-in-pond-D2WB5AL-150x150.jpg\" class=\"attachment-thumbnail size-thumbnail wp-post-image\" alt=\"Frosch im Wasser\" style=\"\" srcset=\"https:\/\/vcp.de\/pfadfinden\/wp-content\/uploads\/2021\/01\/true-frog-in-pond-D2WB5AL-150x150.jpg 150w, https:\/\/vcp.de\/pfadfinden\/wp-content\/uploads\/2021\/01\/true-frog-in-pond-D2WB5AL-45x45.jpg 45w\" sizes=\"auto, (max-width: 150px) 100vw, 150px\" \/><\/div><a class=\"wp-block-latest-posts__post-title\" href=\"https:\/\/vcp.de\/pfadfinden\/allgemein\/sdg-jahresaktion-mitarbeitende-gesucht\/\">SDG-Jahresaktion &#8211; Mitarbeitende gesucht<\/a><time datetime=\"2021-01-25T14:02:44+01:00\" class=\"wp-block-latest-posts__post-date\">25. Januar 2021<\/time><div class=\"wp-block-latest-posts__post-excerpt\">Ca. 71 % der Erdoberfl\u00e4che ist mit Wasser bedeckt. Es ist vermutlich der Entstehungsort des Lebens und spielt bei fast\u2026\u00a0<a class=\"wp-block-latest-posts__read-more\" href=\"https:\/\/vcp.de\/pfadfinden\/allgemein\/sdg-jahresaktion-mitarbeitende-gesucht\/\" rel=\"noopener noreferrer\"><span class=\"screen-reader-text\">SDG-Jahresaktion &#8211; Mitarbeitende gesucht <\/span>weiterlesen<\/a><\/div><\/li>\n<li><div class=\"wp-block-latest-posts__featured-image\"><img loading=\"lazy\" decoding=\"async\" width=\"150\" height=\"150\" src=\"https:\/\/vcp.de\/pfadfinden\/wp-content\/uploads\/2019\/09\/klimastreik-150x150.jpg\" class=\"attachment-thumbnail size-thumbnail wp-post-image\" alt=\"\" style=\"\" srcset=\"https:\/\/vcp.de\/pfadfinden\/wp-content\/uploads\/2019\/09\/klimastreik-150x150.jpg 150w, https:\/\/vcp.de\/pfadfinden\/wp-content\/uploads\/2019\/09\/klimastreik-45x45.jpg 45w\" sizes=\"auto, (max-width: 150px) 100vw, 150px\" \/><\/div><a class=\"wp-block-latest-posts__post-title\" href=\"https:\/\/vcp.de\/pfadfinden\/allgemein\/allefuersklima-klimastreik-20-09\/\">#Allef\u00fcrsKlima &#8211; Klimastreik 20.09.<\/a><time datetime=\"2019-09-17T15:50:23+02:00\" class=\"wp-block-latest-posts__post-date\">17. September 2019<\/time><div class=\"wp-block-latest-posts__post-excerpt\">Weltweit gehen Kinder und Jugendliche seit Monaten jeden Freitag f\u00fcr ihre Zukunft auf die Stra\u00dfe. Zusammen mit der Arbeitsgemeinschaft der\u2026\u00a0<a class=\"wp-block-latest-posts__read-more\" href=\"https:\/\/vcp.de\/pfadfinden\/allgemein\/allefuersklima-klimastreik-20-09\/\" rel=\"noopener noreferrer\"><span class=\"screen-reader-text\">#Allef\u00fcrsKlima &#8211; Klimastreik 20.09. <\/span>weiterlesen<\/a><\/div><\/li>\n<li><div class=\"wp-block-latest-posts__featured-image\"><img loading=\"lazy\" decoding=\"async\" width=\"150\" height=\"150\" src=\"https:\/\/vcp.de\/pfadfinden\/wp-content\/uploads\/2018\/11\/Delegation_COP14_PM_-c-Adina-Arth-150x150.jpg\" class=\"attachment-thumbnail size-thumbnail wp-post-image\" alt=\"\" style=\"\" srcset=\"https:\/\/vcp.de\/pfadfinden\/wp-content\/uploads\/2018\/11\/Delegation_COP14_PM_-c-Adina-Arth-150x150.jpg 150w, https:\/\/vcp.de\/pfadfinden\/wp-content\/uploads\/2018\/11\/Delegation_COP14_PM_-c-Adina-Arth-45x45.jpg 45w\" sizes=\"auto, (max-width: 150px) 100vw, 150px\" \/><\/div><a class=\"wp-block-latest-posts__post-title\" href=\"https:\/\/vcp.de\/pfadfinden\/aus-dem-verband\/biodiversitaet\/deutsche-jugenddelegation-auf-der-un-konferenz-zum-schutz-der-biologischen-vielfalt-in-aegypten\/\">Deutsche Jugenddelegation auf der UN-Konferenz zum Schutz der Biologischen Vielfalt in \u00c4gypten<\/a><time datetime=\"2018-11-28T13:28:50+01:00\" class=\"wp-block-latest-posts__post-date\">28. November 2018<\/time><div class=\"wp-block-latest-posts__post-excerpt\">Sechs junge Menschen vertreten als \u201eVoice for Biodiv\u201c die Interessen der Jugend auf der UN-Biodiversit\u00e4tskonferenz. Scharm El-Scheich\/Berlin, 19.11.2018 \u2013 Die\u2026\u00a0<a class=\"wp-block-latest-posts__read-more\" href=\"https:\/\/vcp.de\/pfadfinden\/aus-dem-verband\/biodiversitaet\/deutsche-jugenddelegation-auf-der-un-konferenz-zum-schutz-der-biologischen-vielfalt-in-aegypten\/\" rel=\"noopener noreferrer\"><span class=\"screen-reader-text\">Deutsche Jugenddelegation auf der UN-Konferenz zum Schutz der Biologischen Vielfalt in \u00c4gypten <\/span>weiterlesen<\/a><\/div><\/li>\n<li><div class=\"wp-block-latest-posts__featured-image\"><img loading=\"lazy\" decoding=\"async\" width=\"150\" height=\"150\" src=\"https:\/\/vcp.de\/pfadfinden\/wp-content\/uploads\/2018\/10\/anp1803_wildplanzen_beitragsbild-150x150.jpg\" class=\"attachment-thumbnail size-thumbnail wp-post-image\" alt=\"\" style=\"\" srcset=\"https:\/\/vcp.de\/pfadfinden\/wp-content\/uploads\/2018\/10\/anp1803_wildplanzen_beitragsbild-150x150.jpg 150w, https:\/\/vcp.de\/pfadfinden\/wp-content\/uploads\/2018\/10\/anp1803_wildplanzen_beitragsbild-45x45.jpg 45w\" sizes=\"auto, (max-width: 150px) 100vw, 150px\" \/><\/div><a class=\"wp-block-latest-posts__post-title\" href=\"https:\/\/vcp.de\/pfadfinden\/aus-dem-verband\/biodiversitaet\/45-underdogs-und-superhelden-nutzbare-wildpflanzen\/\">45 Underdogs und Superheld*innen \u2013 nutzbare Wildpflanzen<\/a><time datetime=\"2018-10-04T11:04:41+02:00\" class=\"wp-block-latest-posts__post-date\">4. Oktober 2018<\/time><div class=\"wp-block-latest-posts__post-excerpt\">von Rebecca Haugwitz Nicht nur auf Lagern und Fahrten, auch in unseren Siedlungen ist die Natur immer um uns herum.\u2026\u00a0<a class=\"wp-block-latest-posts__read-more\" href=\"https:\/\/vcp.de\/pfadfinden\/aus-dem-verband\/biodiversitaet\/45-underdogs-und-superhelden-nutzbare-wildpflanzen\/\" rel=\"noopener noreferrer\"><span class=\"screen-reader-text\">45 Underdogs und Superheld*innen \u2013 nutzbare Wildpflanzen <\/span>weiterlesen<\/a><\/div><\/li>\n<li><div class=\"wp-block-latest-posts__featured-image\"><img loading=\"lazy\" decoding=\"async\" width=\"150\" height=\"150\" src=\"https:\/\/vcp.de\/pfadfinden\/wp-content\/uploads\/2018\/08\/DSC3033-150x150.jpg\" class=\"attachment-thumbnail size-thumbnail wp-post-image\" alt=\"\" style=\"\" srcset=\"https:\/\/vcp.de\/pfadfinden\/wp-content\/uploads\/2018\/08\/DSC3033-150x150.jpg 150w, https:\/\/vcp.de\/pfadfinden\/wp-content\/uploads\/2018\/08\/DSC3033-45x45.jpg 45w\" sizes=\"auto, (max-width: 150px) 100vw, 150px\" \/><\/div><a class=\"wp-block-latest-posts__post-title\" href=\"https:\/\/vcp.de\/pfadfinden\/aus-dem-verband\/biodiversitaet\/erhalten-durch-aufessen\/\">Erhalten durch Aufessen<\/a><time datetime=\"2018-08-16T12:22:42+02:00\" class=\"wp-block-latest-posts__post-date\">16. August 2018<\/time><div class=\"wp-block-latest-posts__post-excerpt\">Ein eindrucksvolles Lagertor, veganes Essen, Artenvielfalt auf dem BZG, Singerunde, 15 Ranger*Rover auf einem Flo\u00df, neue Erkenntnisse, Wellness mit selbstgemachter\u2026\u00a0<a class=\"wp-block-latest-posts__read-more\" href=\"https:\/\/vcp.de\/pfadfinden\/aus-dem-verband\/biodiversitaet\/erhalten-durch-aufessen\/\" rel=\"noopener noreferrer\"><span class=\"screen-reader-text\">Erhalten durch Aufessen <\/span>weiterlesen<\/a><\/div><\/li>\n<\/ul>","protected":false},"excerpt":{"rendered":"<p>Unser Team Was wir tun Unsere Termine Unsere Termine Herzlich willkommen bei der FG Nachhaltigkeit! Hier findet ihr aktuelle Infos, Termine und Aktionen der Fachgruppe Nachhaltigkeit im VCP. Doch wer sind wir eigentlich? Wir sind eine junge Gruppe von Pfadis, die das Thema Nachhaltigkeit und Klimaschutz im VCP forcieren und st\u00e4rker verbreiten m\u00f6chten. Unser Team [&hellip;]<\/p>\n","protected":false},"author":69,"featured_media":0,"parent":0,"menu_order":0,"comment_status":"closed","ping_status":"closed","template":"","meta":{"_acf_changed":false,"inline_featured_image":false,"footnotes":""},"class_list":["post-35501","page","type-page","status-publish","hentry"],"acf":[],"_links":{"self":[{"href":"https:\/\/vcp.de\/pfadfinden\/wp-json\/wp\/v2\/pages\/35501","targetHints":{"allow":["GET"]}}],"collection":[{"href":"https:\/\/vcp.de\/pfadfinden\/wp-json\/wp\/v2\/pages"}],"about":[{"href":"https:\/\/vcp.de\/pfadfinden\/wp-json\/wp\/v2\/types\/page"}],"author":[{"embeddable":true,"href":"https:\/\/vcp.de\/pfadfinden\/wp-json\/wp\/v2\/users\/69"}],"replies":[{"embeddable":true,"href":"https:\/\/vcp.de\/pfadfinden\/wp-json\/wp\/v2\/comments?post=35501"}],"version-history":[{"count":39,"href":"https:\/\/vcp.de\/pfadfinden\/wp-json\/wp\/v2\/pages\/35501\/revisions"}],"predecessor-version":[{"id":38886,"href":"https:\/\/vcp.de\/pfadfinden\/wp-json\/wp\/v2\/pages\/35501\/revisions\/38886"}],"wp:attachment":[{"href":"https:\/\/vcp.de\/pfadfinden\/wp-json\/wp\/v2\/media?parent=35501"}],"curies":[{"name":"wp","href":"https:\/\/api.w.org\/{rel}","templated":true}]}}