{"id":347,"date":"2014-05-25T14:30:57","date_gmt":"2014-05-25T12:30:57","guid":{"rendered":"http:\/\/www.vcp.de\/pfadfinden\/?page_id=347"},"modified":"2024-09-14T16:51:55","modified_gmt":"2024-09-14T14:51:55","slug":"vcpbv14","status":"publish","type":"page","link":"https:\/\/vcp.de\/pfadfinden\/vcpbv14\/","title":{"rendered":"42. VCP Bundesversammlung"},"content":{"rendered":"<!-- TEST -->\n<figure class=\"wp-block-image aligncenter\"><a href=\"https:\/\/www.vcp.de\/pfadfinden\/wp-content\/uploads\/2014\/05\/2009-06-20-bis-21-PB-BV-Rieneck-titel.jpg\"><img loading=\"lazy\" decoding=\"async\" width=\"1024\" height=\"379\" src=\"https:\/\/www.vcp.de\/pfadfinden\/wp-content\/uploads\/2014\/05\/2009-06-20-bis-21-PB-BV-Rieneck-titel-1024x379.jpg\" alt=\"2009-06-20-bis-21-PB-BV-Rieneck-titel\" class=\"wp-image-342\" srcset=\"https:\/\/vcp.de\/pfadfinden\/wp-content\/uploads\/2014\/05\/2009-06-20-bis-21-PB-BV-Rieneck-titel-1024x379.jpg 1024w, https:\/\/vcp.de\/pfadfinden\/wp-content\/uploads\/2014\/05\/2009-06-20-bis-21-PB-BV-Rieneck-titel-300x111.jpg 300w\" sizes=\"auto, (max-width: 1024px) 100vw, 1024px\" \/><\/a><\/figure>\n\n\n\n<p>Vom 13. bis 15. Juni 2014 findet auf der Burg Rieneck die 42. Bundesversammlung des Verbandes Christlicher Pfadfinderinnen und Pfadfinder (VCP) statt. Erwartet werden rund 160 Delegierte und G\u00e4ste aus den L\u00e4ndern und Arbeitsbereichen des VCP.<\/p>\n\n\n\n<p class=\"has-text-align-center\"><a title=\"Tagesordnung\" href=\"https:\/\/www.vcp.de\/pfadfinden\/vcpbv14-tagesordnung\/\">Tagesordnung<\/a>&nbsp;| <a title=\"Social-Media-Leitfaden\" href=\"https:\/\/www.vcp.de\/pfadfinden\/social-media-leitfaden\/\">Social-Media-Leitfaden<\/a> |&nbsp;<a href=\"https:\/\/www.vcp.de\/pfadfinden\/rubrik\/vcpbv14\/\">Beitr\u00e4ge<\/a> | <a title=\"Bundesversammlung erkl\u00e4rt\" href=\"https:\/\/www.vcp.de\/pfadfinden\/bundesversammlung-erklaert\/\">Bundesversammlung erkl\u00e4rt<\/a> | <a title=\"Mitfahrzentrale\" href=\"https:\/\/www.vcp.de\/pfadfinden\/vcpbv14-mitfahrzentrale\/\">Mitfahrzentrale<\/a>&nbsp;|&nbsp;<a title=\"Bilder 42. VCP Bundesversammlung\" href=\"https:\/\/www.vcp.de\/pfadfinden\/vcpbv14-bilder\/\">Bilder<\/a><\/p>\n\n\n\n<h2 class=\"wp-block-heading\">Die Bundesversammlungen des VCP im R\u00fcckblick<\/h2>\n\n\n\n<p>Was waren die zentralen Themen? Welche Ergebnisse gab es? Diese und weitere Antworten gibt es auf der folgenden Seite:<br><a href=\"https:\/\/www.vcp.de\/was-wir-tun\/gremien\/bundesversammlung\/\" target=\"_blank\" rel=\"noopener\">\/was-wir-tun\/gremien\/bundesversammlung\/<\/a><\/p>\n","protected":false},"excerpt":{"rendered":"<p>Vom 13. bis 15. Juni 2014 findet auf der Burg Rieneck die 42. Bundesversammlung des Verbandes Christlicher Pfadfinderinnen und Pfadfinder (VCP) statt. Erwartet werden rund 160 Delegierte und G\u00e4ste aus den L\u00e4ndern und Arbeitsbereichen des VCP. Tagesordnung&nbsp;| Social-Media-Leitfaden |&nbsp;Beitr\u00e4ge | Bundesversammlung erkl\u00e4rt | Mitfahrzentrale&nbsp;|&nbsp;Bilder Die Bundesversammlungen des VCP im R\u00fcckblick Was waren die zentralen Themen? [&hellip;]<\/p>\n","protected":false},"author":3,"featured_media":0,"parent":0,"menu_order":0,"comment_status":"closed","ping_status":"open","template":"","meta":{"_acf_changed":false,"inline_featured_image":false,"footnotes":""},"class_list":["post-347","page","type-page","status-publish","hentry"],"acf":[],"_links":{"self":[{"href":"https:\/\/vcp.de\/pfadfinden\/wp-json\/wp\/v2\/pages\/347","targetHints":{"allow":["GET"]}}],"collection":[{"href":"https:\/\/vcp.de\/pfadfinden\/wp-json\/wp\/v2\/pages"}],"about":[{"href":"https:\/\/vcp.de\/pfadfinden\/wp-json\/wp\/v2\/types\/page"}],"author":[{"embeddable":true,"href":"https:\/\/vcp.de\/pfadfinden\/wp-json\/wp\/v2\/users\/3"}],"replies":[{"embeddable":true,"href":"https:\/\/vcp.de\/pfadfinden\/wp-json\/wp\/v2\/comments?post=347"}],"version-history":[{"count":1,"href":"https:\/\/vcp.de\/pfadfinden\/wp-json\/wp\/v2\/pages\/347\/revisions"}],"predecessor-version":[{"id":36919,"href":"https:\/\/vcp.de\/pfadfinden\/wp-json\/wp\/v2\/pages\/347\/revisions\/36919"}],"wp:attachment":[{"href":"https:\/\/vcp.de\/pfadfinden\/wp-json\/wp\/v2\/media?parent=347"}],"curies":[{"name":"wp","href":"https:\/\/api.w.org\/{rel}","templated":true}]}}