{"id":34403,"date":"2024-02-29T09:28:32","date_gmt":"2024-02-29T08:28:32","guid":{"rendered":"https:\/\/www.vcp.de\/pfadfinden\/?page_id=34403"},"modified":"2024-03-10T09:44:58","modified_gmt":"2024-03-10T08:44:58","slug":"landesversammlungen-2024","status":"publish","type":"page","link":"https:\/\/vcp.de\/pfadfinden\/landesversammlungen-2024\/","title":{"rendered":"Landesversammlungen 2024"},"content":{"rendered":"\n<p>Hier findet ihr alle wichtigen Links zu unserer Pr\u00e4si bei eurer diesj\u00e4hrigen Landesversammlung. Viel Spa\u00df beim St\u00f6bern!<\/p>\n\n\n\n<p><strong>Stammesr\u00fcckfluss<\/strong><\/p>\n\n\n\n<figure class=\"wp-block-embed is-type-wp-embed is-provider-vcp-blog wp-block-embed-vcp-blog\"><div class=\"wp-block-embed__wrapper\">\n<blockquote class=\"wp-embedded-content\" data-secret=\"Sw2Cicqqn7\"><a href=\"https:\/\/www.vcp.de\/pfadfinden\/allgemein\/stammesrueckfluss-rueckueberweisung-hae\/\">Stammesr\u00fcckfluss, R\u00fcck\u00fcberweisung, H\u00c4?<\/a><\/blockquote><iframe loading=\"lazy\" class=\"wp-embedded-content\" sandbox=\"allow-scripts\" security=\"restricted\" style=\"position: absolute; visibility: hidden;\" title=\"&#8222;Stammesr\u00fcckfluss, R\u00fcck\u00fcberweisung, H\u00c4?&#8220; &#8212; VCP-Blog\" src=\"https:\/\/www.vcp.de\/pfadfinden\/allgemein\/stammesrueckfluss-rueckueberweisung-hae\/embed\/#?secret=Qt7pjCOaNS#?secret=Sw2Cicqqn7\" data-secret=\"Sw2Cicqqn7\" width=\"600\" height=\"338\" frameborder=\"0\" marginwidth=\"0\" marginheight=\"0\" scrolling=\"no\"><\/iframe>\n<\/div><\/figure>\n\n\n\n<p><strong>Youth Advocacy Training<\/strong><\/p>\n\n\n\n<figure class=\"wp-block-embed is-type-wp-embed is-provider-vcp-blog wp-block-embed-vcp-blog\"><div class=\"wp-block-embed__wrapper\">\n<blockquote class=\"wp-embedded-content\" data-secret=\"WM3M1tGBm1\"><a href=\"https:\/\/www.vcp.de\/pfadfinden\/schulung\/anmeldung-zum-youth-advocacy-training-jugend-macht-politik\/\">Anmeldung zum Youth Advocacy Training &#8211; Jugend macht Politik!<\/a><\/blockquote><iframe loading=\"lazy\" class=\"wp-embedded-content\" sandbox=\"allow-scripts\" security=\"restricted\" style=\"position: absolute; visibility: hidden;\" title=\"&#8222;Anmeldung zum Youth Advocacy Training &#8211; Jugend macht Politik!&#8220; &#8212; VCP-Blog\" src=\"https:\/\/www.vcp.de\/pfadfinden\/schulung\/anmeldung-zum-youth-advocacy-training-jugend-macht-politik\/embed\/#?secret=uHnvVNJyoM#?secret=WM3M1tGBm1\" data-secret=\"WM3M1tGBm1\" width=\"600\" height=\"338\" frameborder=\"0\" marginwidth=\"0\" marginheight=\"0\" scrolling=\"no\"><\/iframe>\n<\/div><\/figure>\n\n\n\n<p><strong>Handreichung Pfadfinder*innen auf Demonstrationen<\/strong><\/p>\n\n\n\n<figure class=\"wp-block-embed is-type-wp-embed is-provider-vcp-blog wp-block-embed-vcp-blog\"><div class=\"wp-block-embed__wrapper\">\n<blockquote class=\"wp-embedded-content\" data-secret=\"lxzE8SWQf6\"><a href=\"https:\/\/www.vcp.de\/pfadfinden\/allgemein\/handreichung-pfade-pfadfinderinnen-auf-demonstrationen\/\">Handreichung PfaDe &#8211; Pfadfinder*innen auf Demonstrationen<\/a><\/blockquote><iframe loading=\"lazy\" class=\"wp-embedded-content\" sandbox=\"allow-scripts\" security=\"restricted\" style=\"position: absolute; visibility: hidden;\" title=\"&#8222;Handreichung PfaDe &#8211; Pfadfinder*innen auf Demonstrationen&#8220; &#8212; VCP-Blog\" src=\"https:\/\/www.vcp.de\/pfadfinden\/allgemein\/handreichung-pfade-pfadfinderinnen-auf-demonstrationen\/embed\/#?secret=RwtBuqiUp2#?secret=lxzE8SWQf6\" data-secret=\"lxzE8SWQf6\" width=\"600\" height=\"338\" frameborder=\"0\" marginwidth=\"0\" marginheight=\"0\" scrolling=\"no\"><\/iframe>\n<\/div><\/figure>\n\n\n\n<p><strong>Auf die Pl\u00e4tze gegen Hetze<\/strong><\/p>\n\n\n\n<figure class=\"wp-block-embed is-type-wp-embed is-provider-vcp-blog wp-block-embed-vcp-blog\"><div class=\"wp-block-embed__wrapper\">\n<blockquote class=\"wp-embedded-content\" data-secret=\"TaKMSqHv5e\"><a href=\"https:\/\/www.vcp.de\/pfadfinden\/gegen-hetze\/\">Auf die Pl\u00e4tze gegen Hetze<\/a><\/blockquote><iframe loading=\"lazy\" class=\"wp-embedded-content\" sandbox=\"allow-scripts\" security=\"restricted\" style=\"position: absolute; visibility: hidden;\" title=\"&#8222;Auf die Pl\u00e4tze gegen Hetze&#8220; &#8212; VCP-Blog\" src=\"https:\/\/www.vcp.de\/pfadfinden\/gegen-hetze\/embed\/#?secret=0P22rbiCyB#?secret=TaKMSqHv5e\" data-secret=\"TaKMSqHv5e\" width=\"600\" height=\"338\" frameborder=\"0\" marginwidth=\"0\" marginheight=\"0\" scrolling=\"no\"><\/iframe>\n<\/div><\/figure>\n\n\n\n<p><strong>\u00d6ffentlichkeitsarbeit<\/strong><\/p>\n\n\n\n<figure class=\"wp-block-embed is-type-wp-embed is-provider-vcp-blog wp-block-embed-vcp-blog\"><div class=\"wp-block-embed__wrapper\">\n<blockquote class=\"wp-embedded-content\" data-secret=\"CazUEhOml4\"><a href=\"https:\/\/www.vcp.de\/pfadfinden\/deine-oeffentlichkeitsarbeit-im-vcp\/\">Deine \u00d6ffentlichkeitsarbeit im VCP<\/a><\/blockquote><iframe loading=\"lazy\" class=\"wp-embedded-content\" sandbox=\"allow-scripts\" security=\"restricted\" style=\"position: absolute; visibility: hidden;\" title=\"&#8222;Deine \u00d6ffentlichkeitsarbeit im VCP&#8220; &#8212; VCP-Blog\" src=\"https:\/\/www.vcp.de\/pfadfinden\/deine-oeffentlichkeitsarbeit-im-vcp\/embed\/#?secret=nG75Jc9NhL#?secret=CazUEhOml4\" data-secret=\"CazUEhOml4\" width=\"600\" height=\"338\" frameborder=\"0\" marginwidth=\"0\" marginheight=\"0\" scrolling=\"no\"><\/iframe>\n<\/div><\/figure>\n\n\n\n<p><strong>Stammestemplate<\/strong><\/p>\n\n\n\n<p>Alle Infos zum Stammestemplate gibt es hier: <a href=\"https:\/\/vcp-dev.de\">https:\/\/vcp-dev.de<\/a><\/p>\n\n\n\n<figure class=\"wp-block-embed is-type-wp-embed is-provider-vcp-blog wp-block-embed-vcp-blog\"><div class=\"wp-block-embed__wrapper\">\n<blockquote class=\"wp-embedded-content\" data-secret=\"zPLfliwBSl\"><a href=\"https:\/\/www.vcp.de\/pfadfinden\/allgemein\/vcp-stammestemplate\/\">VCP-Stammestemplate<\/a><\/blockquote><iframe loading=\"lazy\" class=\"wp-embedded-content\" sandbox=\"allow-scripts\" security=\"restricted\" style=\"position: absolute; visibility: hidden;\" title=\"&#8222;VCP-Stammestemplate&#8220; &#8212; VCP-Blog\" src=\"https:\/\/www.vcp.de\/pfadfinden\/allgemein\/vcp-stammestemplate\/embed\/#?secret=byDiEfsq7H#?secret=zPLfliwBSl\" data-secret=\"zPLfliwBSl\" width=\"600\" height=\"338\" frameborder=\"0\" marginwidth=\"0\" marginheight=\"0\" scrolling=\"no\"><\/iframe>\n<\/div><\/figure>\n\n\n\n<p><\/p>\n\n\n\n<p><strong>FSJ in der Bundeszentrale<\/strong><\/p>\n\n\n\n<figure class=\"wp-block-embed is-type-wp-embed is-provider-vcp-blog wp-block-embed-vcp-blog\"><div class=\"wp-block-embed__wrapper\">\nhttps:\/\/www.vcp.de\/pfadfinden\/aus-dem-verband\/jobs\/fsj-in-der-bundeszentrale-jetzt-bewerben\n<\/div><\/figure>\n\n\n\n<figure class=\"wp-block-embed is-type-wp-embed is-provider-vcp-blog wp-block-embed-vcp-blog\"><div class=\"wp-block-embed__wrapper\">\n<blockquote class=\"wp-embedded-content\" data-secret=\"jstyqPUqbb\"><a href=\"https:\/\/www.vcp.de\/pfadfinden\/dein-fsj-2024-2025-im-pfadi-kontext\/\">Dein FSJ 2024\/2025 im Pfadi-Kontext<\/a><\/blockquote><iframe loading=\"lazy\" class=\"wp-embedded-content\" sandbox=\"allow-scripts\" security=\"restricted\" style=\"position: absolute; visibility: hidden;\" title=\"&#8222;Dein FSJ 2024\/2025 im Pfadi-Kontext&#8220; &#8212; VCP-Blog\" src=\"https:\/\/www.vcp.de\/pfadfinden\/dein-fsj-2024-2025-im-pfadi-kontext\/embed\/#?secret=QazixFaQgZ#?secret=jstyqPUqbb\" data-secret=\"jstyqPUqbb\" width=\"600\" height=\"338\" frameborder=\"0\" marginwidth=\"0\" marginheight=\"0\" scrolling=\"no\"><\/iframe>\n<\/div><\/figure>\n\n\n\n<p><strong>Aufarbeitung sexualisierter Gewalt<\/strong><\/p>\n\n\n\n<figure class=\"wp-block-embed is-type-wp-embed is-provider-vcp-blog wp-block-embed-vcp-blog\"><div class=\"wp-block-embed__wrapper\">\n<blockquote class=\"wp-embedded-content\" data-secret=\"YgBG5csrUd\"><a href=\"https:\/\/www.vcp.de\/pfadfinden\/aufarbeitung\/\">Aufarbeitung<\/a><\/blockquote><iframe loading=\"lazy\" class=\"wp-embedded-content\" sandbox=\"allow-scripts\" security=\"restricted\" style=\"position: absolute; visibility: hidden;\" title=\"&#8222;Aufarbeitung&#8220; &#8212; VCP-Blog\" src=\"https:\/\/www.vcp.de\/pfadfinden\/aufarbeitung\/embed\/#?secret=PEOCvIGWE4#?secret=YgBG5csrUd\" data-secret=\"YgBG5csrUd\" width=\"600\" height=\"338\" frameborder=\"0\" marginwidth=\"0\" marginheight=\"0\" scrolling=\"no\"><\/iframe>\n<\/div><\/figure>\n\n\n\n<p><strong>News aus den Netzwerken<\/strong> &#8211; Der Newsletter f\u00fcr alles rund um Internationales und Jugendpolitik<\/p>\n\n\n\n<figure class=\"wp-block-embed is-type-wp-embed is-provider-vcp-blog wp-block-embed-vcp-blog\"><div class=\"wp-block-embed__wrapper\">\n<blockquote class=\"wp-embedded-content\" data-secret=\"DPaqmBrPAQ\"><a href=\"https:\/\/www.vcp.de\/pfadfinden\/news-aus-den-netzwerken\/\">News aus den Netzwerken<\/a><\/blockquote><iframe loading=\"lazy\" class=\"wp-embedded-content\" sandbox=\"allow-scripts\" security=\"restricted\" style=\"position: absolute; visibility: hidden;\" title=\"&#8222;News aus den Netzwerken&#8220; &#8212; VCP-Blog\" src=\"https:\/\/www.vcp.de\/pfadfinden\/news-aus-den-netzwerken\/embed\/#?secret=pH0qkTwP4k#?secret=DPaqmBrPAQ\" data-secret=\"DPaqmBrPAQ\" width=\"600\" height=\"338\" frameborder=\"0\" marginwidth=\"0\" marginheight=\"0\" scrolling=\"no\"><\/iframe>\n<\/div><\/figure>\n","protected":false},"excerpt":{"rendered":"<p>Hier findet ihr alle wichtigen Links zu unserer Pr\u00e4si bei eurer diesj\u00e4hrigen Landesversammlung. Viel Spa\u00df beim St\u00f6bern! Stammesr\u00fcckfluss Youth Advocacy Training Handreichung Pfadfinder*innen auf Demonstrationen Auf die Pl\u00e4tze gegen Hetze \u00d6ffentlichkeitsarbeit Stammestemplate Alle Infos zum Stammestemplate gibt es hier: https:\/\/vcp-dev.de FSJ in der Bundeszentrale Aufarbeitung sexualisierter Gewalt News aus den Netzwerken &#8211; Der Newsletter f\u00fcr [&hellip;]<\/p>\n","protected":false},"author":50,"featured_media":0,"parent":0,"menu_order":0,"comment_status":"closed","ping_status":"closed","template":"","meta":{"_acf_changed":false,"inline_featured_image":false,"footnotes":""},"class_list":["post-34403","page","type-page","status-publish","hentry"],"acf":[],"_links":{"self":[{"href":"https:\/\/vcp.de\/pfadfinden\/wp-json\/wp\/v2\/pages\/34403","targetHints":{"allow":["GET"]}}],"collection":[{"href":"https:\/\/vcp.de\/pfadfinden\/wp-json\/wp\/v2\/pages"}],"about":[{"href":"https:\/\/vcp.de\/pfadfinden\/wp-json\/wp\/v2\/types\/page"}],"author":[{"embeddable":true,"href":"https:\/\/vcp.de\/pfadfinden\/wp-json\/wp\/v2\/users\/50"}],"replies":[{"embeddable":true,"href":"https:\/\/vcp.de\/pfadfinden\/wp-json\/wp\/v2\/comments?post=34403"}],"version-history":[{"count":6,"href":"https:\/\/vcp.de\/pfadfinden\/wp-json\/wp\/v2\/pages\/34403\/revisions"}],"predecessor-version":[{"id":38348,"href":"https:\/\/vcp.de\/pfadfinden\/wp-json\/wp\/v2\/pages\/34403\/revisions\/38348"}],"wp:attachment":[{"href":"https:\/\/vcp.de\/pfadfinden\/wp-json\/wp\/v2\/media?parent=34403"}],"curies":[{"name":"wp","href":"https:\/\/api.w.org\/{rel}","templated":true}]}}