{"id":33542,"date":"2024-04-04T11:11:41","date_gmt":"2024-04-04T09:11:41","guid":{"rendered":"https:\/\/www.vcp.de\/pfadfinden\/?page_id=33542"},"modified":"2024-04-04T11:11:42","modified_gmt":"2024-04-04T09:11:42","slug":"was-jetzt-getan-werden-muss-und","status":"publish","type":"page","link":"https:\/\/vcp.de\/pfadfinden\/was-jetzt-getan-werden-muss-und\/","title":{"rendered":"Was jetzt getan werden muss und &#8230;"},"content":{"rendered":"\n<p><strong>&#8230; <\/strong>was dann noch von alleine passieren wird.<\/p>\n\n\n\n<div class=\"wp-block-columns has-small-font-size is-layout-flex wp-container-core-columns-is-layout-9d6595d7 wp-block-columns-is-layout-flex\">\n<div class=\"wp-block-column is-layout-flow wp-block-column-is-layout-flow\">\n<ol class=\"wp-block-list\">\n<li class=\"has-small-font-size\"><strong>Entlastung<\/strong><br>Weniger Stress, \u00dcberforderung und Frust. Im Ehrenamt braucht es dringend mehr Spa\u00df und Freude, Erf\u00fcllung und Anerkennung.<br><br><\/li>\n\n\n\n<li class=\"has-small-font-size\"><strong>Priorisierung<\/strong><br>Es ist Zeit Unwichtiges sein zu lassen und uns mit aller Energie priorisierten Aufgaben zu widmen.<br><br><br><\/li>\n\n\n\n<li class=\"has-small-font-size\"><strong>Klarheit<\/strong><br>Wir schaffen mehr Klarheit \u00fcber unsere Ziele und Methoden, Aufgaben und Erwartungen \u2013 aneinander und an uns selbst.<br><br><\/li>\n\n\n\n<li class=\"has-small-font-size\"><strong>Kultur leben<\/strong><br>Als emotionale Heimat mit verl\u00e4sslich gelebten Grundwerten und Traditionen verbindet sich der VCP mit den Menschen.<br><br><\/li>\n\n\n\n<li class=\"has-small-font-size\"><strong>Kommunikation<\/strong><br>Wir m\u00fcssen unsere Ideen in- und au\u00dferhalb unseres Verbandes Geh\u00f6r verschaffen und attraktiv in Szene setzen.<\/li>\n<\/ol>\n<\/div>\n\n\n\n<div class=\"wp-block-column is-layout-flow wp-block-column-is-layout-flow\">\n<ul class=\"wp-block-list\">\n<li class=\"has-small-font-size\"><strong>Verst\u00e4rkung<\/strong><br>Wir haben mehr engagierte Menschen um die Arbeit gut verteilt, effizient leisten zu k\u00f6nnen.<br><br><\/li>\n\n\n\n<li class=\"has-small-font-size\"><strong>Kooperationen<\/strong><br>Wer nicht mehr alles selbst schafft, nutz verst\u00e4rkt Synergien, um kommenden Herausforderungen zu begegnen.<br><br><\/li>\n\n\n\n<li class=\"has-small-font-size\"><strong>Ausbildung<\/strong><br>Mit einer starken Ausbildung wecken wir die Potentiale unserer Gemeinschaft und k\u00f6nnen sie effektiv nutzen.<br><br><\/li>\n\n\n\n<li class=\"has-small-font-size\"><strong>Bindung<\/strong><br>Weniger Menschen verlassen den VCP. Insbesondere deutlich weniger potenziellen Mitarbeitenden.<br><br><\/li>\n\n\n\n<li class=\"has-small-font-size\"><strong>Werbung<\/strong><br>Mit einem klaren Profil wird der VCP von potentiellen Mitgliedern und Partnern als attraktiv angesehen.<\/li>\n<\/ul>\n<\/div>\n<\/div>\n\n\n\n<div class=\"wp-block-columns is-layout-flex wp-container-core-columns-is-layout-9d6595d7 wp-block-columns-is-layout-flex\">\n<div class=\"wp-block-column is-layout-flow wp-block-column-is-layout-flow\">\n<p class=\"has-text-align-center has-large-font-size\"><strong>&#8230;<\/strong><\/p>\n<\/div>\n\n\n\n<div class=\"wp-block-column is-layout-flow wp-block-column-is-layout-flow\">\n<p class=\"has-text-align-center has-large-font-size\"><strong>&#8230;<\/strong><\/p>\n<\/div>\n<\/div>\n\n\n\n<p class=\"has-vcp-defaulttext-color has-text-color has-link-color wp-elements-eee17874a73f6c025c5ef03a41f58d5c\">Mit allem was wir schaffen k\u00f6nnen wir auch nachhaltig etwas Positves f\u00fcr den VCP bewirken. Nat\u00fcrlich gibt es auch noch einiges mehr zu tun und zu erreichen. Diese Liste wird sicher noch weiter wachsen, aber hey,<strong> <em>lasst uns doch jetzt einfach mal anfangen!<\/em><\/strong><\/p>\n","protected":false},"excerpt":{"rendered":"<p>&#8230; was dann noch von alleine passieren wird. &#8230; &#8230; Mit allem was wir schaffen k\u00f6nnen wir auch nachhaltig etwas Positves f\u00fcr den VCP bewirken. Nat\u00fcrlich gibt es auch noch einiges mehr zu tun und zu erreichen. Diese Liste wird sicher noch weiter wachsen, aber hey, lasst uns doch jetzt einfach mal anfangen!<\/p>\n","protected":false},"author":60,"featured_media":0,"parent":0,"menu_order":0,"comment_status":"closed","ping_status":"closed","template":"","meta":{"_acf_changed":false,"inline_featured_image":false,"footnotes":""},"class_list":["post-33542","page","type-page","status-publish","hentry"],"acf":[],"_links":{"self":[{"href":"https:\/\/vcp.de\/pfadfinden\/wp-json\/wp\/v2\/pages\/33542","targetHints":{"allow":["GET"]}}],"collection":[{"href":"https:\/\/vcp.de\/pfadfinden\/wp-json\/wp\/v2\/pages"}],"about":[{"href":"https:\/\/vcp.de\/pfadfinden\/wp-json\/wp\/v2\/types\/page"}],"author":[{"embeddable":true,"href":"https:\/\/vcp.de\/pfadfinden\/wp-json\/wp\/v2\/users\/60"}],"replies":[{"embeddable":true,"href":"https:\/\/vcp.de\/pfadfinden\/wp-json\/wp\/v2\/comments?post=33542"}],"version-history":[{"count":20,"href":"https:\/\/vcp.de\/pfadfinden\/wp-json\/wp\/v2\/pages\/33542\/revisions"}],"predecessor-version":[{"id":34978,"href":"https:\/\/vcp.de\/pfadfinden\/wp-json\/wp\/v2\/pages\/33542\/revisions\/34978"}],"wp:attachment":[{"href":"https:\/\/vcp.de\/pfadfinden\/wp-json\/wp\/v2\/media?parent=33542"}],"curies":[{"name":"wp","href":"https:\/\/api.w.org\/{rel}","templated":true}]}}