{"id":33519,"date":"2024-04-04T11:14:42","date_gmt":"2024-04-04T09:14:42","guid":{"rendered":"https:\/\/www.vcp.de\/pfadfinden\/?page_id=33519"},"modified":"2024-04-04T11:14:43","modified_gmt":"2024-04-04T09:14:43","slug":"vorbehalte","status":"publish","type":"page","link":"https:\/\/vcp.de\/pfadfinden\/vorbehalte\/","title":{"rendered":"Vorbehalte"},"content":{"rendered":"\n<p>Uns ist klar, dass nicht jeder Wachstum automatisch und uneingeschr\u00e4nkt geil findet. Wir sind uns auch bewusst dass Wachstum Arbeit und Ver\u00e4nderung bedeutet und da manch Eine*r auch Vorbehalte oder gar Sorgen hat. Daher sammeln wir alle Bedenken und versuchen sie mit \u00fcberzeugenden Antworten zu nehmen, oder mindestens zu mindern.<\/p>\n\n\n\n<p class=\"has-text-align-center has-vcp-lightblue-color has-text-color has-link-color wp-elements-60da47fce5885cfef4be03e642d0645c\"><strong><em>\u201eWir sind einfach zu wenige Schultern f\u00fcr zu viel Arbeit. <\/em><\/strong><br><strong><em>Wir haben da ganz andere Baustellen um die wir uns k\u00fcmmern, da bleibt kein Platz!\u201c<\/em><\/strong><\/p>\n\n\n\n<p class=\"has-small-font-size\">Hierhinter verbergen sich gleich zwei Vorbehalte. Zum einen die Bef\u00fcrchtung von \u00dcberlastung, durch eine zu gringe Mitarbeiter*innenschaft und zweitens der Vorbehalt eine Priorit\u00e4tenverschiebung w\u00fcrde bestehende Probleme und Aufgaben nur ignorieren, nicht l\u00f6sen.<\/p>\n\n\n\n<ul class=\"wp-block-list\">\n<li class=\"has-small-font-size\"><strong>Zu wenige Schultern<br><\/strong>An vielen Stellen in unsere Verbandsstruktur ist die Zahl der Schultern auf denen Verantwortung und Arbeit lastet weniger geworden. Wachstum ist der Weg zu wieder mehr Menschen, die sich im VCP engagieren und aktiv einbringen. Wir sind uns bewusst, dass wir die einzelnen Schritte unserer Strategie immer auch in Abw\u00e4gung der zur Verf\u00fcgung stehenden Ressourcen gestalten m\u00fcssen.<br>Um dieser Entwicklung entgegenzuwirken, bleibt uns jedoch nur Wachstum. Und wir m\u00fcssen es heute angehen, bevor wir \u201ezu klein\u201c sind, um zu wachsen.<\/li>\n\n\n\n<li class=\"has-small-font-size\"><strong>Ganz andere Probleme<br><\/strong>Die Landesverb\u00e4nde und St\u00e4mme haben, und das ist nur richtig so ihre ganz eigenen Agenden du Themen, vielleicht auch Probleme, die gerade alles \u00fcberschatten, die gesamte Aufmerksamkeit brauchen oder viele Ressourcen binden. Wachstum ist kein Selbstzweck und daher auch kein neues Thema. Wir sind der \u00dcberzeugung, dass Wachstum allen anderen Themen in unserem Verband nicht entgegensteht, sondern immer als elementarer Teil von ihnen gedacht und behandelt werden muss.<\/li>\n<\/ul>\n\n\n\n<div style=\"height:var(--wp--preset--spacing--80)\" aria-hidden=\"true\" class=\"wp-block-spacer\"><\/div>\n\n\n\n<p class=\"has-text-align-center has-vcp-lightblue-color has-text-color has-link-color wp-elements-1e17a95ad72d861b59df69b078aa2c78\"><strong><em>\u201eDas ist dann aber nicht mehr der VCP, den ich kenne. <\/em><\/strong><br><strong><em>Das wird alles anonymer, steriler und macht dann keinen Spa\u00df mehr!\u201c<\/em><\/strong><\/p>\n\n\n\n<div class=\"wp-block-media-text has-media-on-the-right is-stacked-on-mobile\"><div class=\"wp-block-media-text__content\">\n<p><\/p>\n\n\n\n<ul class=\"wp-block-list\">\n<li class=\"has-small-font-size\"><strong>Verlust\u00e4ngste<\/strong><br>Verbreitet ist auch die Sorge ein gr\u00f6\u00dferer VCP verl\u00f6re durch Wachstum viel von seiner Identit\u00e4t, von seiner Heimeligkeit und W\u00e4rme? Diese Sorge r\u00fchrt sich er nicht von irgendwo, aber die Antwort ist denkbar einfach: Nicht wenn wir das nicht wollen! Eine aktiv gelebte, reflektierte und immer wieder vermittelte und erkl\u00e4rte Kultur ist stark. Ganz im Gegenteil wird die Identit\u00e4t des VCP sogar ein eigener und wichtiger Punkt in der weiteren Strategie. Sie hat das Potenzial selber anziehend zu wirken und Menschen f\u00fcr den VCP zu gewinnen.<\/li>\n<\/ul>\n<\/div><figure class=\"wp-block-media-text__media\"><img loading=\"lazy\" decoding=\"async\" width=\"800\" height=\"601\" src=\"https:\/\/www.vcp.de\/pfadfinden\/wp-content\/uploads\/2020\/12\/170727_Sonnenberg_Natascha_1010587.jpg\" alt=\"Lager aus Kohten Foto: Natascha Sonnenberg\" class=\"wp-image-19903 size-full\" srcset=\"https:\/\/vcp.de\/pfadfinden\/wp-content\/uploads\/2020\/12\/170727_Sonnenberg_Natascha_1010587.jpg 800w, https:\/\/vcp.de\/pfadfinden\/wp-content\/uploads\/2020\/12\/170727_Sonnenberg_Natascha_1010587-300x225.jpg 300w, https:\/\/vcp.de\/pfadfinden\/wp-content\/uploads\/2020\/12\/170727_Sonnenberg_Natascha_1010587-768x577.jpg 768w\" sizes=\"auto, (max-width: 800px) 100vw, 800px\" \/><\/figure><\/div>\n\n\n\n<div style=\"height:var(--wp--preset--spacing--80)\" aria-hidden=\"true\" class=\"wp-block-spacer\"><\/div>\n\n\n\n<p class=\"has-text-align-center has-vcp-lightblue-color has-text-color has-link-color wp-elements-07e6d6f4fadb92eb2aadf7593f419a2b\"><strong><em>\u201eDie jungen Leute sollen sich mal nicht so anstellen.&nbsp;Das hat doch fr\u00fcher auch alles funktioniert!\u201c<\/em><\/strong><\/p>\n\n\n\n<ul class=\"wp-block-list\">\n<li class=\"has-small-font-size\"><strong>Hat fr\u00fcher doch auch funktioniert!<\/strong><br>Die Zeiten \u00e4ndern sich. Immer. Und das ist auch gut so. Nicht nur dass wir jeder Generation ihre eigenen Perspektiven und Priorit\u00e4ten, W\u00fcnsche und Ziele zugestehen. Wir lehnen es schlichtweg ab die Situation unserer Mitarbeitenden heute mit der von einst zu vergleichen. Wir schauen auf die Kinder und Jugendlichen, sowie die jungen Erwachsenen, die heute Teil unserer Gemeinschaft sind oder sich im VCP engagieren, auf ihre Bed\u00fcrfnisse und Anspr\u00fcche, ihre Motivation und Ziele. In diesem Bewusstsein wollen wir den VCP weiter entwickeln und fit machen f\u00fcr die Zukunft.<\/li>\n<\/ul>\n\n\n\n<div style=\"height:var(--wp--preset--spacing--80)\" aria-hidden=\"true\" class=\"wp-block-spacer\"><\/div>\n\n\n\n<p>Schickt uns Eure Bedenken, Sorgen und Vorbehalte per <a href=\"mailto:arno.schaefer@vcp.de\">Mail <\/a>und wir werden sie hier ver\u00f6ffentlichen, inkl. einer Antwort, die hoffentlich Eure Sorgen etwas d\u00e4mpfen und eure Vorbehalte vielleicht etwas mehr aus dem Weg r\u00e4umen.<\/p>\n\n\n\n<div class=\"wp-block-buttons is-content-justification-center is-layout-flex wp-container-core-buttons-is-layout-16018d1d wp-block-buttons-is-layout-flex\">\n<div class=\"wp-block-button is-style-vcp-red\"><a class=\"wp-block-button__link wp-element-button\" href=\"mailto:arno.schaefer@vcp.de\">Mail schicken<\/a><\/div>\n<\/div>\n\n\n\n<div style=\"height:var(--wp--preset--spacing--80)\" aria-hidden=\"true\" class=\"wp-block-spacer\"><\/div>\n\n\n\n<div class=\"wp-block-columns is-layout-flex wp-container-core-columns-is-layout-9d6595d7 wp-block-columns-is-layout-flex\">\n<div class=\"wp-block-column is-layout-flow wp-block-column-is-layout-flow\">\n<h4 class=\"wp-block-heading has-text-align-center has-vcp-lightblue-color has-text-color has-link-color wp-elements-6cc63ad5d9d444719c13edbacef69a87\">Mehr ist Mehr!<\/h4>\n\n\n\n<ul class=\"wp-block-list\">\n<li class=\"has-small-font-size\">Wir haben in der Bundesversammlung ein ambitioniertes, nominelles Wachstumsziel beschlossen. Hinter dem Ziel bis 2030 die Mitgliederzahl verdoppelt zu haben steckt aber weit mehr als nur die reine Zahl. Wir wollen dieses Wachstum eingebettet wissen in gutes Pfadfinden, starke Strukturen und einem gemeinsamen Verst\u00e4ndnis f\u00fcr unsere Gemeinschaft im VCP. Aber wir brauchen auch eine konkrete Zahl, die das Ziel kurz und knapp verdeutlicht, einfach messbar macht und in ihrer Gr\u00f6\u00dfe eine Herausforderung darstellt, die unsere Ressourcen mobilisiert. Mehr ist mehr als nur Mehr.<\/li>\n<\/ul>\n<\/div>\n\n\n\n<div class=\"wp-block-column is-layout-flow wp-block-column-is-layout-flow\">\n<h4 class=\"wp-block-heading has-text-align-center has-vcp-lightblue-color has-text-color has-link-color wp-elements-bc0aa6fce179472abf24902452ecacb1\">Von oben herab<\/h4>\n\n\n\n<ul class=\"wp-block-list\">\n<li class=\"has-small-font-size\">Wir wollen Wachstum nicht von oben herab vorordnen und das spiegelt sich auch im bisherigen Prozess wider, den wir mit der Pfadfindung offen und partizipativ gestaltet haben und auch im weiteren Vorgehen werden wir auf den verschiedenen Ebenen miteinander den VCP voranbringen. Wir laden alle zur aktiven Mitarbeit&nbsp;ein und beziehen die beteiligten Ebenen regelm\u00e4\u00dfig besten Wissen und Gewissens, aber auch im Sinne eines effizienten Arbeitens immer wieder mit in den Prozess ein.<\/li>\n<\/ul>\n<\/div>\n\n\n\n<div class=\"wp-block-column is-layout-flow wp-block-column-is-layout-flow\">\n<h4 class=\"wp-block-heading has-text-align-center has-vcp-red-color has-text-color has-link-color wp-elements-52de9bb9bd720d0dc76bce1bace47c2c\"><a href=\"mailto:arno.schaefer@vcp.de\">Schreib uns<em> deine <\/em>Sorgen und \u00c4ngste gegen\u00fcber einem wachsenden Verband<\/a><\/h4>\n<\/div>\n<\/div>\n","protected":false},"excerpt":{"rendered":"<p>Uns ist klar, dass nicht jeder Wachstum automatisch und uneingeschr\u00e4nkt geil findet. Wir sind uns auch bewusst dass Wachstum Arbeit und Ver\u00e4nderung bedeutet und da manch Eine*r auch Vorbehalte oder gar Sorgen hat. Daher sammeln wir alle Bedenken und versuchen sie mit \u00fcberzeugenden Antworten zu nehmen, oder mindestens zu mindern. \u201eWir sind einfach zu wenige [&hellip;]<\/p>\n","protected":false},"author":60,"featured_media":0,"parent":0,"menu_order":0,"comment_status":"closed","ping_status":"closed","template":"","meta":{"_acf_changed":false,"inline_featured_image":false,"footnotes":""},"class_list":["post-33519","page","type-page","status-publish","hentry"],"acf":[],"_links":{"self":[{"href":"https:\/\/vcp.de\/pfadfinden\/wp-json\/wp\/v2\/pages\/33519","targetHints":{"allow":["GET"]}}],"collection":[{"href":"https:\/\/vcp.de\/pfadfinden\/wp-json\/wp\/v2\/pages"}],"about":[{"href":"https:\/\/vcp.de\/pfadfinden\/wp-json\/wp\/v2\/types\/page"}],"author":[{"embeddable":true,"href":"https:\/\/vcp.de\/pfadfinden\/wp-json\/wp\/v2\/users\/60"}],"replies":[{"embeddable":true,"href":"https:\/\/vcp.de\/pfadfinden\/wp-json\/wp\/v2\/comments?post=33519"}],"version-history":[{"count":20,"href":"https:\/\/vcp.de\/pfadfinden\/wp-json\/wp\/v2\/pages\/33519\/revisions"}],"predecessor-version":[{"id":34979,"href":"https:\/\/vcp.de\/pfadfinden\/wp-json\/wp\/v2\/pages\/33519\/revisions\/34979"}],"wp:attachment":[{"href":"https:\/\/vcp.de\/pfadfinden\/wp-json\/wp\/v2\/media?parent=33519"}],"curies":[{"name":"wp","href":"https:\/\/api.w.org\/{rel}","templated":true}]}}