{"id":32876,"date":"2023-11-27T11:41:16","date_gmt":"2023-11-27T10:41:16","guid":{"rendered":"https:\/\/www.vcp.de\/pfadfinden\/?page_id=32876"},"modified":"2023-11-27T14:29:32","modified_gmt":"2023-11-27T13:29:32","slug":"deine-oeffentlichkeitsarbeit-im-vcp","status":"publish","type":"page","link":"https:\/\/vcp.de\/pfadfinden\/deine-oeffentlichkeitsarbeit-im-vcp\/","title":{"rendered":"Deine \u00d6ffentlichkeitsarbeit im VCP"},"content":{"rendered":"\n<p>Der VCP macht gute Jugendarbeit. Diese Arbeit wollen wir so vielen jungen Menschen wie m\u00f6glich zug\u00e4nglich machen. Daf\u00fcr braucht es Teilnehmende sowie Mitarbeitende. Und nat\u00fcrlich Unterst\u00fctzung; nicht nur die Unterst\u00fctzung der Mitglieder, sondern auch die der Gesellschaft und der Kirche.<\/p>\n\n\n\n<p>Tue Gutes und rede dar\u00fcber \u2013 eine der wichtigsten Regeln gerade im Non-Profit-Bereich. Pfadfinden als gute Jugendarbeit muss auch f\u00fcr Uneingeweihte sichtbar werden und erlebbar sein. Das wollen wir gemeinsam erreichen!<\/p>\n\n\n\n<p>In Zeiten starker finanzieller Einschnitte kann es sich der VCP nicht mehr leisten, seine gute Arbeit nur Eingeweihten zu pr\u00e4sentieren. Der VCP erh\u00e4lt \u00f6ffentliche Mittel, das sind Gelder von der evangelischen Kirche und auf Bundesebene vom Ministerium f\u00fcr Familie, Senioren, Frauen und Jugend (BMFSFJ). Aus diesem Grund haben wir die Pflicht, die \u00d6ffentlichkeit und unsere Geldgeber*innen dar\u00fcber zu informieren, was wir mit dem Geld machen \u2013 n\u00e4mlich sinnvolle Jugendarbeit, die der gesamten Gesellschaft zugutekommt. \u00d6ffentlichkeitsarbeit ist eigentlich alles, was wir tun und auch das, was wir nicht tun. <\/p>\n\n\n\n<blockquote class=\"wp-block-quote is-layout-flow wp-block-quote-is-layout-flow\">\n<p>&#8222;Man kann nicht nicht kommunizieren\u201c <\/p>\n<cite>Paul Watzlawick<\/cite><\/blockquote>\n\n\n\n<p>Das macht ein bewusstes Auseinandersetzen umso wichtiger.<\/p>\n\n\n\n<p>Dies alles sind gute Gr\u00fcnde, um aktiv \u00d6ffentlichkeitsarbeit zu machen. Damit euch das gelingt, haben wir diese Seite angelegt.<\/p>\n\n\n\n<p>Euch fehlt hier etwas? Dann schreibt an <a href=\"mailto:redaktion@vcp.de\" target=\"_blank\" rel=\"noreferrer noopener\">redaktion@vcp.de<\/a> <\/p>\n\n\n\n<p><\/p>\n","protected":false},"excerpt":{"rendered":"<p>Der VCP macht gute Jugendarbeit. Diese Arbeit wollen wir so vielen jungen Menschen wie m\u00f6glich zug\u00e4nglich machen. Daf\u00fcr braucht es Teilnehmende sowie Mitarbeitende. Und nat\u00fcrlich Unterst\u00fctzung; nicht nur die Unterst\u00fctzung der Mitglieder, sondern auch die der Gesellschaft und der Kirche. Tue Gutes und rede dar\u00fcber \u2013 eine der wichtigsten Regeln gerade im Non-Profit-Bereich. Pfadfinden als [&hellip;]<\/p>\n","protected":false},"author":52,"featured_media":0,"parent":0,"menu_order":0,"comment_status":"closed","ping_status":"closed","template":"","meta":{"_acf_changed":false,"inline_featured_image":false,"footnotes":""},"class_list":["post-32876","page","type-page","status-publish","hentry"],"acf":[],"_links":{"self":[{"href":"https:\/\/vcp.de\/pfadfinden\/wp-json\/wp\/v2\/pages\/32876","targetHints":{"allow":["GET"]}}],"collection":[{"href":"https:\/\/vcp.de\/pfadfinden\/wp-json\/wp\/v2\/pages"}],"about":[{"href":"https:\/\/vcp.de\/pfadfinden\/wp-json\/wp\/v2\/types\/page"}],"author":[{"embeddable":true,"href":"https:\/\/vcp.de\/pfadfinden\/wp-json\/wp\/v2\/users\/52"}],"replies":[{"embeddable":true,"href":"https:\/\/vcp.de\/pfadfinden\/wp-json\/wp\/v2\/comments?post=32876"}],"version-history":[{"count":4,"href":"https:\/\/vcp.de\/pfadfinden\/wp-json\/wp\/v2\/pages\/32876\/revisions"}],"predecessor-version":[{"id":32886,"href":"https:\/\/vcp.de\/pfadfinden\/wp-json\/wp\/v2\/pages\/32876\/revisions\/32886"}],"wp:attachment":[{"href":"https:\/\/vcp.de\/pfadfinden\/wp-json\/wp\/v2\/media?parent=32876"}],"curies":[{"name":"wp","href":"https:\/\/api.w.org\/{rel}","templated":true}]}}