{"id":31977,"date":"2025-05-22T14:04:00","date_gmt":"2025-05-22T12:04:00","guid":{"rendered":"https:\/\/www.vcp.de\/pfadfinden\/?page_id=31977"},"modified":"2026-02-18T10:37:46","modified_gmt":"2026-02-18T09:37:46","slug":"infos-fuer-staemme","status":"publish","type":"page","link":"https:\/\/vcp.de\/pfadfinden\/baghira-startseite\/infos-fuer-staemme\/","title":{"rendered":"Infos f\u00fcr St\u00e4mme"},"content":{"rendered":"\n<p>Dein Stamm hat Interesse teilzunehmen oder du m\u00f6chtest noch mehr Informationen zum Baghira-Programm haben? Melde dich direkt bei der zust\u00e4ndigen Koordination in deinem VCP Land!<\/p>\n\n\n\n<div class=\"wp-block-buttons is-layout-flex wp-block-buttons-is-layout-flex\">\n<div class=\"wp-block-button\"><a class=\"wp-block-button__link wp-element-button\" href=\"#l\u00e4nderkoordinator*innen\">Kontakte der L\u00e4nderkoordinator*innen<\/a><\/div>\n<\/div>\n\n\n\n<p><\/p>\n\n\n\n<p><strong>Was ist eine Stammesschmiede?<\/strong> <\/p>\n\n\n\n<p>Die Stammesschmiede ist ein Wochenende oder ein Tag, an dem ihr als Stamm, beziehungsweise eure Leitungsrunde, gemeinsam mit zwei Baghiras euren Stamm genauer unter die Lupe nehmt. Ihr k\u00f6nnt z.B. eure Jahresplanung gemeinsam machen, schauen, welches Potenzial der Stamm vielleicht noch nicht ausgesch\u00f6pft hat, neue kreative Ideen sammeln oder auch gemeinsam neue Herausforderungen angehen.<\/p>\n\n\n\n<p><strong>Wer sind diese Baghiras? <\/strong><\/p>\n\n\n\n<p>Baghiras sind ganz normale Pfadfinder*innen wie du. Der einzige Unterschied ist, dass sie vielleicht schon ein paar Jahre mehr im VCP unterwegs sind und deshalb eine ganze Palette an Erfahrungen und Wissen mit sich tragen. Und um euch dieses Wissen zur Verf\u00fcgung zu stellen, werden sie auf der VCP-Bundesebene ganz speziell f\u00fcr die Stammesschmiede ausgebildet. Dort erhalten die Baghiras n\u00e4mlich nochmal mehr Methoden und Perspektiven, wie sie euch bestm\u00f6glich unterst\u00fctzen k\u00f6nnen.  <\/p>\n\n\n\n<p><strong>Warum sollte mein Stamm teilnehmen?<\/strong><\/p>\n\n\n\n<p>Die Stammesschmiede bietet euch eine Vielzahl von Vorteilen und M\u00f6glichkeiten, die speziell auf die Bed\u00fcrfnisse und Situationen eures Stammes angepasst sind. Sie bietet euch die einzigartige Gelegenheit, euch den individuellen Herausforderungen und Chancen zu stellen, Ressourcen effektiv zu aktivieren und zukunftsorientierte Strategien zu entwickeln.  <\/p>\n\n\n\n<p>Du bist dir noch nicht ganz sicher, ob das was f\u00fcr euren Stamm ist? Dann schau doch mal unter der Rubrik <a href=\"https:\/\/vcp.de\/pfadfinden\/baghira-startseite\/baghira-aktuelles\/#stammesschmiedenberichten\"><strong><em><mark class=\"has-inline-color has-vcp-blue-color\">Stammesschmiedenberichte<\/mark><\/em><\/strong><\/a> vorbei und lass dich von den bisherigen Erfahrungen inspirieren.<\/p>\n\n\n\n<p><strong>Wie kann mein Stamm an einer Stammesschmiede teilnehmen? <\/strong><\/p>\n\n\n\n<p>Daf\u00fcr k\u00f6nnt ihr euch am besten direkt bei eurem\/eurer<strong> <\/strong>Landeskoordinator*in melden, oder unter <a href=\"mailto:baghira@vcp.de\" target=\"_blank\" rel=\"noreferrer noopener\">baghira@vcp.de<\/a>, dann vermitteln wir euch weiter.<\/p>\n\n\n\n<hr class=\"wp-block-separator has-alpha-channel-opacity\" \/>\n\n\n\n<p id=\"l\u00e4nderkoordinator*innen\"><strong>\u00dcbersicht aller Landeskoordinator*innen: <\/strong><\/p>\n\n\n\n<figure class=\"wp-block-table has-medium-font-size\"><table><tbody><tr><td class=\"has-text-align-right\" data-align=\"right\">Baden<\/td><td>LegoLars (<a href=\"mailto:lars.guenther@vcp.de\">lars.guenther@vcp.de<\/a>)<\/td><\/tr><tr><td class=\"has-text-align-right\" data-align=\"right\">Bayern<\/td><td>Hase (Stefan) (<a href=\"mailto:baghira@vcp-bayern.de\">baghira@vcp-bayern.de<\/a>)<\/td><\/tr><tr><td class=\"has-text-align-right\" data-align=\"right\">Berlin-Brandenburg<\/td><td>Max (<a href=\"mailto:Max.zeterberg@vcp.de\">Max.zeterberg@vcp.de<\/a>)<\/td><\/tr><tr><td class=\"has-text-align-right\" data-align=\"right\">Hamburg<\/td><td>Frances (<a href=\"mailto:baghira@vcp-hamburg.de\">baghira@vcp-hamburg.de<\/a>)<\/td><\/tr><tr><td class=\"has-text-align-right\" data-align=\"right\">Hessen<\/td><td>Lea (<a href=\"mailto:baghira@hessen.vcp.de\">baghira@hessen.vcp.de<\/a>)<\/td><\/tr><tr><td class=\"has-text-align-right\" data-align=\"right\">Mecklenburg-Vorpommern<\/td><td>Anatolij (<a href=\"mailto:anatolij.derksen@vcp.de\">anatolij.derksen@vcp.de<\/a>)<\/td><\/tr><tr><td class=\"has-text-align-right\" data-align=\"right\">Mitteldeutschland<\/td><td><\/td><\/tr><tr><td class=\"has-text-align-right\" data-align=\"right\">Niedersachsen<\/td><td>Anni (<a href=\"mailto:Baghira@vcpnds.de\">Baghira@vcpnds.de<\/a>) <\/td><\/tr><tr><td class=\"has-text-align-right\" data-align=\"right\">Nordrhein<\/td><td>Madita (<a href=\"mailto:madita.beeckmann@vcp-nordrhein.de\">madita.beeckmann@vcp-nordrhein.de<\/a>) <br>weitere Infos: <a href=\"https:\/\/www.vcp-nordrhein.de\/veranstaltungen\/baghira\/\" target=\"_blank\" rel=\"noreferrer noopener\">https:\/\/www.vcp-nordrhein.de\/veranstaltungen\/baghira\/<\/a><\/td><\/tr><tr><td class=\"has-text-align-right\" data-align=\"right\">Rheinland-Pfalz\/Saar<\/td><td>Lou (<a href=\"mailto:baghira@vcp-rps.de\" data-type=\"mailto\" data-id=\"mailto:baghira@vcp-rps.de\">baghira@vcp-rps.de<\/a>)<br>weitere Infos: <a href=\"https:\/\/vcp-rps.de\/baghira-im-vcp-rps\/\" target=\"_blank\" rel=\"noreferrer noopener\">https:\/\/vcp-rps.de\/baghira-im-vcp-rps\/<\/a>\u00a0<\/td><\/tr><tr><td class=\"has-text-align-right\" data-align=\"right\">Sachsen<\/td><td><\/td><\/tr><tr><td class=\"has-text-align-right\" data-align=\"right\">Schleswig-Holstein<\/td><td>Inga und Christina (<a href=\"mailto:staemme@vcp.sh\">staemme@vcp.sh<\/a>)<\/td><\/tr><tr><td class=\"has-text-align-right\" data-align=\"right\">Westfalen<\/td><td>Tabea (<a href=\"mailto:tabea.dreessen@vcp-westfalen.de\">tabea.dreessen@vcp-westfalen.de<\/a>)<\/td><\/tr><tr><td class=\"has-text-align-right\" data-align=\"right\">W\u00fcrttemberg<\/td><td>Patrick (<a href=\"mailto:patrick.roppenecker@vcp-landesstelle.de\">patrick.roppenecker@vcp-landesstelle.de<\/a>)<\/td><\/tr><\/tbody><\/table><\/figure>\n\n\n\n<p><\/p>\n\n\n\n<p><\/p>\n\n\n\n<p><\/p>\n\n\n\n<p><\/p>\n\n\n\n<p><\/p>\n\n\n\n<p><\/p>\n","protected":false},"excerpt":{"rendered":"<p>Dein Stamm hat Interesse teilzunehmen oder du m\u00f6chtest noch mehr Informationen zum Baghira-Programm haben? Melde dich direkt bei der zust\u00e4ndigen Koordination in deinem VCP Land! Was ist eine Stammesschmiede? Die Stammesschmiede ist ein Wochenende oder ein Tag, an dem ihr als Stamm, beziehungsweise eure Leitungsrunde, gemeinsam mit zwei Baghiras euren Stamm genauer unter die Lupe [&hellip;]<\/p>\n","protected":false},"author":66,"featured_media":0,"parent":31525,"menu_order":0,"comment_status":"closed","ping_status":"closed","template":"","meta":{"_acf_changed":false,"inline_featured_image":false,"footnotes":""},"class_list":["post-31977","page","type-page","status-publish","hentry"],"acf":[],"_links":{"self":[{"href":"https:\/\/vcp.de\/pfadfinden\/wp-json\/wp\/v2\/pages\/31977","targetHints":{"allow":["GET"]}}],"collection":[{"href":"https:\/\/vcp.de\/pfadfinden\/wp-json\/wp\/v2\/pages"}],"about":[{"href":"https:\/\/vcp.de\/pfadfinden\/wp-json\/wp\/v2\/types\/page"}],"author":[{"embeddable":true,"href":"https:\/\/vcp.de\/pfadfinden\/wp-json\/wp\/v2\/users\/66"}],"replies":[{"embeddable":true,"href":"https:\/\/vcp.de\/pfadfinden\/wp-json\/wp\/v2\/comments?post=31977"}],"version-history":[{"count":40,"href":"https:\/\/vcp.de\/pfadfinden\/wp-json\/wp\/v2\/pages\/31977\/revisions"}],"predecessor-version":[{"id":40495,"href":"https:\/\/vcp.de\/pfadfinden\/wp-json\/wp\/v2\/pages\/31977\/revisions\/40495"}],"up":[{"embeddable":true,"href":"https:\/\/vcp.de\/pfadfinden\/wp-json\/wp\/v2\/pages\/31525"}],"wp:attachment":[{"href":"https:\/\/vcp.de\/pfadfinden\/wp-json\/wp\/v2\/media?parent=31977"}],"curies":[{"name":"wp","href":"https:\/\/api.w.org\/{rel}","templated":true}]}}