{"id":31525,"date":"2023-06-29T15:41:42","date_gmt":"2023-06-29T13:41:42","guid":{"rendered":"https:\/\/www.vcp.de\/pfadfinden\/?page_id=31525"},"modified":"2025-06-16T14:35:21","modified_gmt":"2025-06-16T12:35:21","slug":"baghira-startseite","status":"publish","type":"page","link":"https:\/\/vcp.de\/pfadfinden\/baghira-startseite\/","title":{"rendered":"Baghira"},"content":{"rendered":"<!-- TEST -->\n<figure data-wp-context=\"{&quot;imageId&quot;:&quot;69dc86ea9c5c5&quot;}\" data-wp-interactive=\"core\/image\" data-wp-key=\"69dc86ea9c5c5\" class=\"wp-block-image size-large wp-lightbox-container\"><img loading=\"lazy\" decoding=\"async\" width=\"1024\" height=\"426\" data-wp-class--hide=\"state.isContentHidden\" data-wp-class--show=\"state.isContentVisible\" data-wp-init=\"callbacks.setButtonStyles\" data-wp-on--click=\"actions.showLightbox\" data-wp-on--load=\"callbacks.setButtonStyles\" data-wp-on-window--resize=\"callbacks.setButtonStyles\" src=\"https:\/\/vcp.de\/pfadfinden\/wp-content\/uploads\/2025\/06\/Vorderseite-alternativ1-1024x426.png\" alt=\"\" class=\"wp-image-39100\" srcset=\"https:\/\/vcp.de\/pfadfinden\/wp-content\/uploads\/2025\/06\/Vorderseite-alternativ1-1024x426.png 1024w, https:\/\/vcp.de\/pfadfinden\/wp-content\/uploads\/2025\/06\/Vorderseite-alternativ1-300x125.png 300w, https:\/\/vcp.de\/pfadfinden\/wp-content\/uploads\/2025\/06\/Vorderseite-alternativ1-768x319.png 768w, https:\/\/vcp.de\/pfadfinden\/wp-content\/uploads\/2025\/06\/Vorderseite-alternativ1-750x312.png 750w, https:\/\/vcp.de\/pfadfinden\/wp-content\/uploads\/2025\/06\/Vorderseite-alternativ1.png 1537w\" sizes=\"auto, (max-width: 1024px) 100vw, 1024px\" \/><button\n\t\t\tclass=\"lightbox-trigger\"\n\t\t\ttype=\"button\"\n\t\t\taria-haspopup=\"dialog\"\n\t\t\taria-label=\"Vergr\u00f6\u00dfern\"\n\t\t\tdata-wp-init=\"callbacks.initTriggerButton\"\n\t\t\tdata-wp-on--click=\"actions.showLightbox\"\n\t\t\tdata-wp-style--right=\"state.imageButtonRight\"\n\t\t\tdata-wp-style--top=\"state.imageButtonTop\"\n\t\t>\n\t\t\t<svg xmlns=\"http:\/\/www.w3.org\/2000\/svg\" width=\"12\" height=\"12\" fill=\"none\" viewBox=\"0 0 12 12\">\n\t\t\t\t<path fill=\"#fff\" d=\"M2 0a2 2 0 0 0-2 2v2h1.5V2a.5.5 0 0 1 .5-.5h2V0H2Zm2 10.5H2a.5.5 0 0 1-.5-.5V8H0v2a2 2 0 0 0 2 2h2v-1.5ZM8 12v-1.5h2a.5.5 0 0 0 .5-.5V8H12v2a2 2 0 0 1-2 2H8Zm2-12a2 2 0 0 1 2 2v2h-1.5V2a.5.5 0 0 0-.5-.5H8V0h2Z\" \/>\n\t\t\t<\/svg>\n\t\t<\/button><figcaption class=\"wp-element-caption\"><em>Quelle: VCP\/Moritz Dilger<\/em><\/figcaption><\/figure>\n\n\n\n<div style=\"height:30px\" aria-hidden=\"true\" class=\"wp-block-spacer\"><\/div>\n\n\n\n<p>Sch\u00f6n, dich zu sehen! \ud83d\ude0a<\/p>\n\n\n\n<p>Hier findest du alle wichtigen Informationen rund um Baghira auf einen Blick.<\/p>\n\n\n\n<p><strong>Aber was ist Bahira \u00fcberhaupt?<\/strong><\/p>\n\n\n\n<hr class=\"wp-block-separator has-alpha-channel-opacity\"\/>\n\n\n\n<p class=\"has-vcp-blue-color has-text-color has-link-color wp-elements-43dd81cc5b6a94ec5f2c3fd39a2a692e\"><strong><em>Baghira ist ein Programm, das St\u00e4mme in der langfristigen Zukunftsplanung unterst\u00fctzt. Begleitet durch 2 Mentor*innen &#8211; die Baghiras &#8211; setzen sich Leiter*innenrunden neue Ziele, Planen ihre Nachfolge und sichern so die Zukunft ihres Stammes. Gleichzeitig bietet das durch die Baghiras moderierte Wochenende &#8211; die Stammesschmiede &#8211; Raum f\u00fcr Reflexion und Teambuilding, damit alle wieder motiviert in den Stammesalltag starten k\u00f6nnen. <\/em><\/strong><\/p>\n\n\n\n<hr class=\"wp-block-separator has-alpha-channel-opacity\"\/>\n\n\n\n<div style=\"height:30px\" aria-hidden=\"true\" class=\"wp-block-spacer\"><\/div>\n\n\n\n<div class=\"wp-block-columns is-layout-flex wp-container-core-columns-is-layout-9d6595d7 wp-block-columns-is-layout-flex\">\n<div class=\"wp-block-column is-layout-flow wp-block-column-is-layout-flow\">\n<p>Du willst wissen, ob Baghira auch was f\u00fcr deinen Stamm ist, dann schau doch einmal bei den Erfahrungsberichten rein. Du willst mehr \u00fcber Baghira wissen? Dann lies die detailliertere Programmvorstellung bei den Infos f\u00fcr St\u00e4mmen.<\/p>\n<\/div>\n\n\n\n<div class=\"wp-block-column is-layout-flow wp-block-column-is-layout-flow\">\n<div class=\"wp-block-buttons is-content-justification-center is-layout-flex wp-container-core-buttons-is-layout-16018d1d wp-block-buttons-is-layout-flex\">\n<div class=\"wp-block-button has-custom-width wp-block-button__width-100 is-style-vcp-brown\"><a class=\"wp-block-button__link wp-element-button\" href=\"https:\/\/vcp.de\/pfadfinden\/baghira\/baghira-aktuelles\/#stammesschmiedenberichten\"><strong>Stammesschmiedenberichte<\/strong><\/a><\/div>\n\n\n\n<div class=\"wp-block-button has-custom-width wp-block-button__width-100 is-style-vcp-lightblue\"><a class=\"wp-block-button__link wp-element-button\" href=\"https:\/\/vcp.de\/pfadfinden\/baghira\/infos-fuer-staemme\/\"><strong>Infos f\u00fcr St\u00e4mme<\/strong><\/a><\/div>\n<\/div>\n<\/div>\n<\/div>\n\n\n\n<div class=\"wp-block-columns is-layout-flex wp-container-core-columns-is-layout-9d6595d7 wp-block-columns-is-layout-flex\">\n<div class=\"wp-block-column is-layout-flow wp-block-column-is-layout-flow\">\n<p>Oder du hast Lust selbst Baghira zu werden? Dann schau doch mal unter Termine, ob du beim n\u00e4chsten Training Zeit hast oder lies dir die Infos f\u00fcr Baghiras durch<\/p>\n<\/div>\n\n\n\n<div class=\"wp-block-column is-layout-flow wp-block-column-is-layout-flow\">\n<div class=\"wp-block-buttons is-content-justification-center is-layout-flex wp-container-core-buttons-is-layout-16018d1d wp-block-buttons-is-layout-flex\">\n<div class=\"wp-block-button has-custom-width wp-block-button__width-100 is-style-vcp-red\"><a class=\"wp-block-button__link wp-element-button\" href=\"https:\/\/vcp.de\/pfadfinden\/baghira-startseite\/termine-2025\/\"><strong>Termine<\/strong><\/a><\/div>\n\n\n\n<div class=\"wp-block-button has-custom-width wp-block-button__width-100 is-style-vcp-yellow\"><a class=\"wp-block-button__link wp-element-button\" href=\"https:\/\/vcp.de\/pfadfinden\/baghira-startseite\/baghira-werden\/\"><strong>Werde Baghira!<\/strong><\/a><\/div>\n<\/div>\n<\/div>\n<\/div>\n\n\n\n<p>Egal, was du brauchst, hier wirst du f\u00fcndig. Und sollte dir doch etwas fehlen oder du kannst etwas nicht finden, dann schreib uns ganz unkompliziert an <a href=\"mailto:baghira@vcp.de\" target=\"_blank\" rel=\"noreferrer noopener\">baghira@vcp.de<\/a><\/p>\n\n\n\n<p><\/p>\n","protected":false},"excerpt":{"rendered":"<p>Sch\u00f6n, dich zu sehen! \ud83d\ude0a Hier findest du alle wichtigen Informationen rund um Baghira auf einen Blick. Aber was ist Bahira \u00fcberhaupt? Baghira ist ein Programm, das St\u00e4mme in der langfristigen Zukunftsplanung unterst\u00fctzt. Begleitet durch 2 Mentor*innen &#8211; die Baghiras &#8211; setzen sich Leiter*innenrunden neue Ziele, Planen ihre Nachfolge und sichern so die Zukunft ihres [&hellip;]<\/p>\n","protected":false},"author":52,"featured_media":0,"parent":0,"menu_order":0,"comment_status":"closed","ping_status":"closed","template":"","meta":{"_acf_changed":false,"inline_featured_image":false,"footnotes":""},"class_list":["post-31525","page","type-page","status-publish","hentry"],"acf":[],"_links":{"self":[{"href":"https:\/\/vcp.de\/pfadfinden\/wp-json\/wp\/v2\/pages\/31525","targetHints":{"allow":["GET"]}}],"collection":[{"href":"https:\/\/vcp.de\/pfadfinden\/wp-json\/wp\/v2\/pages"}],"about":[{"href":"https:\/\/vcp.de\/pfadfinden\/wp-json\/wp\/v2\/types\/page"}],"author":[{"embeddable":true,"href":"https:\/\/vcp.de\/pfadfinden\/wp-json\/wp\/v2\/users\/52"}],"replies":[{"embeddable":true,"href":"https:\/\/vcp.de\/pfadfinden\/wp-json\/wp\/v2\/comments?post=31525"}],"version-history":[{"count":23,"href":"https:\/\/vcp.de\/pfadfinden\/wp-json\/wp\/v2\/pages\/31525\/revisions"}],"predecessor-version":[{"id":39199,"href":"https:\/\/vcp.de\/pfadfinden\/wp-json\/wp\/v2\/pages\/31525\/revisions\/39199"}],"wp:attachment":[{"href":"https:\/\/vcp.de\/pfadfinden\/wp-json\/wp\/v2\/media?parent=31525"}],"curies":[{"name":"wp","href":"https:\/\/api.w.org\/{rel}","templated":true}]}}