{"id":31317,"date":"2023-06-19T14:49:38","date_gmt":"2023-06-19T12:49:38","guid":{"rendered":"https:\/\/www.vcp.de\/pfadfinden\/?page_id=31317"},"modified":"2023-06-20T09:38:30","modified_gmt":"2023-06-20T07:38:30","slug":"witan-2024","status":"publish","type":"page","link":"https:\/\/vcp.de\/pfadfinden\/witan-2024\/","title":{"rendered":"Witan 2024"},"content":{"rendered":"\n<p>Ihr habt Zeit und Lust eine Woche lang internationales Pfadfinden zu erleben, neue Freundschaften zu schlie\u00dfen, in eine neue Pfadfinderkultur einzutauchen und auch unsere Traditionen und Br\u00e4uche zu teilen?&nbsp;<\/p>\n\n\n\n<p>Dann kommt vom 01.- 08. September 2024 f\u00fcr eine Woche auf die Burg Rieneck und erlebt mit PfAU und unserem britischen \u00c4quivalent SSAGO eine einmalige deutsch-britische Begegnung.<\/p>\n\n\n\n<p>Alle Informationen findet ihr hier auf unserer Seite. Bei Fragen schreibt uns unter <a href=\"mailto:witan@vcp.de\" target=\"_blank\" rel=\"noreferrer noopener\">witan@vcp.de<\/a>.<\/p>\n\n\n\n<p>Ihr seid hier gelandet und wisst nicht, was PfAU eigentlich ist?\u00a0<\/p>\n\n\n\n<p>Dann schaut euch gerne die Seite von <a href=\"https:\/\/www.vcp.de\/pfadfinden\/pfau\" target=\"_blank\" rel=\"noreferrer noopener\">PfAU<\/a> an und werdet Teil einer PfAUgruppe in eurer N\u00e4he.<\/p>\n\n\n\n<p><\/p>\n\n\n<ul class=\"wp-block-latest-posts__list wp-block-latest-posts\"><li><div class=\"wp-block-latest-posts__featured-image alignleft\"><img loading=\"lazy\" decoding=\"async\" width=\"150\" height=\"150\" src=\"https:\/\/vcp.de\/pfadfinden\/wp-content\/uploads\/2024\/01\/WitanBadgeFinal-2-150x150.png\" class=\"attachment-thumbnail size-thumbnail wp-post-image\" alt=\"\" style=\"\" srcset=\"https:\/\/vcp.de\/pfadfinden\/wp-content\/uploads\/2024\/01\/WitanBadgeFinal-2-150x150.png 150w, https:\/\/vcp.de\/pfadfinden\/wp-content\/uploads\/2024\/01\/WitanBadgeFinal-2-45x45.png 45w\" sizes=\"auto, (max-width: 150px) 100vw, 150px\" \/><\/div><a class=\"wp-block-latest-posts__post-title\" href=\"https:\/\/vcp.de\/pfadfinden\/witan\/anmeldeschluss-fuer-witan-verlaengert\/\">Anmeldeschluss f\u00fcr Witan verl\u00e4ngert!<\/a><div class=\"wp-block-latest-posts__post-excerpt\">Achtung, Achtung, Anmeldeschluss verl\u00e4ngert bis Ende Februar &#8211; Last Chance! Hi, dein Sommer ist noch nicht ganz durchgeplant,\u00a0du bist 18 oder \u00e4lter, warst vielleicht lange nicht mehr einfach nur als teilnehmende Person auf einer Veranstaltung und hast Lust auf eine Woche internationalen Austausch vom 01.09 bis 08. September 2024 direkt vor deiner Haust\u00fcr? Dann melde\u2026\u00a0<a class=\"wp-block-latest-posts__read-more\" href=\"https:\/\/vcp.de\/pfadfinden\/witan\/anmeldeschluss-fuer-witan-verlaengert\/\" rel=\"noopener noreferrer\"><span class=\"screen-reader-text\">Anmeldeschluss f\u00fcr Witan verl\u00e4ngert! <\/span>weiterlesen<\/a><\/div><\/li>\n<li><div class=\"wp-block-latest-posts__featured-image alignleft\"><img loading=\"lazy\" decoding=\"async\" width=\"150\" height=\"150\" src=\"https:\/\/vcp.de\/pfadfinden\/wp-content\/uploads\/2020\/10\/Burg-Rieneck_Foto_Rica_Roesner-150x150.jpg\" class=\"attachment-thumbnail size-thumbnail wp-post-image\" alt=\"Panorama Burg Rieneck\" style=\"\" srcset=\"https:\/\/vcp.de\/pfadfinden\/wp-content\/uploads\/2020\/10\/Burg-Rieneck_Foto_Rica_Roesner-150x150.jpg 150w, https:\/\/vcp.de\/pfadfinden\/wp-content\/uploads\/2020\/10\/Burg-Rieneck_Foto_Rica_Roesner-45x45.jpg 45w\" sizes=\"auto, (max-width: 150px) 100vw, 150px\" \/><\/div><a class=\"wp-block-latest-posts__post-title\" href=\"https:\/\/vcp.de\/pfadfinden\/witan\/witan-2024-die-anmeldung-ist-eroeffnet\/\">Witan 2024: Last Chance!<\/a><div class=\"wp-block-latest-posts__post-excerpt\">Wir haben darauf hingefiebert, nun ist es endlich soweit: Die Anmeldung f\u00fcr Witan ist er\u00f6ffnet! Die Burg ist gebucht, das Team steckt mitten in der Programmplanung, unsere G\u00e4ste haben die Rucks\u00e4cke quasi schon gepackt; das Einzige was noch fehlt seid ihr! Witan-was? Das erste Witan fand 1959 in Gilwell, England statt, einem der heute immer\u2026\u00a0<a class=\"wp-block-latest-posts__read-more\" href=\"https:\/\/vcp.de\/pfadfinden\/witan\/witan-2024-die-anmeldung-ist-eroeffnet\/\" rel=\"noopener noreferrer\"><span class=\"screen-reader-text\">Witan 2024: Last Chance! <\/span>weiterlesen<\/a><\/div><\/li>\n<li><div class=\"wp-block-latest-posts__featured-image alignleft\"><img loading=\"lazy\" decoding=\"async\" width=\"150\" height=\"150\" src=\"https:\/\/vcp.de\/pfadfinden\/wp-content\/uploads\/2023\/07\/MicrosoftTeams-image-77-150x150.jpg\" class=\"attachment-thumbnail size-thumbnail wp-post-image\" alt=\"\" style=\"\" srcset=\"https:\/\/vcp.de\/pfadfinden\/wp-content\/uploads\/2023\/07\/MicrosoftTeams-image-77-150x150.jpg 150w, https:\/\/vcp.de\/pfadfinden\/wp-content\/uploads\/2023\/07\/MicrosoftTeams-image-77-45x45.jpg 45w\" sizes=\"auto, (max-width: 150px) 100vw, 150px\" \/><\/div><a class=\"wp-block-latest-posts__post-title\" href=\"https:\/\/vcp.de\/pfadfinden\/witan\/pfau-witan-challenge-2023\/\">PfAU-Witan Challenge 2023<\/a><div class=\"wp-block-latest-posts__post-excerpt\">Das Semester 2023 ist fast schon wieder vorbei und die Ferien sind schon in Sicht! F\u00fcr diesen Sommer haben wir uns etwas besonderes ausgedacht. Die allererste deutsch-britische PfAU-Challenge. 2024 geht es f\u00fcr PfAUen und junge Erwachsene im VCP eine Woche auf die Rieneck. Gemeinsam mit der britischen Pfadfinderorganisation f\u00fcr Studierende SSAGO planen wir eine Woche\u2026\u00a0<a class=\"wp-block-latest-posts__read-more\" href=\"https:\/\/vcp.de\/pfadfinden\/witan\/pfau-witan-challenge-2023\/\" rel=\"noopener noreferrer\"><span class=\"screen-reader-text\">PfAU-Witan Challenge 2023 <\/span>weiterlesen<\/a><\/div><\/li>\n<li><div class=\"wp-block-latest-posts__featured-image alignleft\"><img loading=\"lazy\" decoding=\"async\" width=\"150\" height=\"150\" src=\"https:\/\/vcp.de\/pfadfinden\/wp-content\/uploads\/2023\/06\/Instagram-Vorlagen142-150x150.png\" class=\"attachment-thumbnail size-thumbnail wp-post-image\" alt=\"\" style=\"\" srcset=\"https:\/\/vcp.de\/pfadfinden\/wp-content\/uploads\/2023\/06\/Instagram-Vorlagen142-150x150.png 150w, https:\/\/vcp.de\/pfadfinden\/wp-content\/uploads\/2023\/06\/Instagram-Vorlagen142-300x300.png 300w, https:\/\/vcp.de\/pfadfinden\/wp-content\/uploads\/2023\/06\/Instagram-Vorlagen142-1024x1024.png 1024w, https:\/\/vcp.de\/pfadfinden\/wp-content\/uploads\/2023\/06\/Instagram-Vorlagen142-768x768.png 768w, https:\/\/vcp.de\/pfadfinden\/wp-content\/uploads\/2023\/06\/Instagram-Vorlagen142-750x750.png 750w, https:\/\/vcp.de\/pfadfinden\/wp-content\/uploads\/2023\/06\/Instagram-Vorlagen142-45x45.png 45w, https:\/\/vcp.de\/pfadfinden\/wp-content\/uploads\/2023\/06\/Instagram-Vorlagen142.png 1080w\" sizes=\"auto, (max-width: 150px) 100vw, 150px\" \/><\/div><a class=\"wp-block-latest-posts__post-title\" href=\"https:\/\/vcp.de\/pfadfinden\/witan\/sei-dabei-witan-2024-auf-der-burg-rieneck\/\">Sei dabei: Witan 2024 auf der Burg Rieneck<\/a><div class=\"wp-block-latest-posts__post-excerpt\">Der Sommer 2023 fast vollgepackt, lohnt es sich jetzt schon die Augen auf 2024 zu richten. N\u00e4chstes Jahr vom 01.- 08. September m\u00f6chten wir euch alle, PfAUen und Interessierte, die in die Zielgruppe von PfAU (Pfadfinden in Ausbildung und an der Universit\u00e4t) fallen und die zum Zeitpunkt der Veranstaltung mindestens 18 Jahre alt sind, auf\u2026\u00a0<a class=\"wp-block-latest-posts__read-more\" href=\"https:\/\/vcp.de\/pfadfinden\/witan\/sei-dabei-witan-2024-auf-der-burg-rieneck\/\" rel=\"noopener noreferrer\"><span class=\"screen-reader-text\">Sei dabei: Witan 2024 auf der Burg Rieneck <\/span>weiterlesen<\/a><\/div><\/li>\n<li><div class=\"wp-block-latest-posts__featured-image alignleft\"><img loading=\"lazy\" decoding=\"async\" width=\"150\" height=\"150\" src=\"https:\/\/vcp.de\/pfadfinden\/wp-content\/uploads\/2023\/04\/witan-150x150.jpg\" class=\"attachment-thumbnail size-thumbnail wp-post-image\" alt=\"\" style=\"\" srcset=\"https:\/\/vcp.de\/pfadfinden\/wp-content\/uploads\/2023\/04\/witan-150x150.jpg 150w, https:\/\/vcp.de\/pfadfinden\/wp-content\/uploads\/2023\/04\/witan-45x45.jpg 45w\" sizes=\"auto, (max-width: 150px) 100vw, 150px\" \/><\/div><a class=\"wp-block-latest-posts__post-title\" href=\"https:\/\/vcp.de\/pfadfinden\/witan\/witan-2024\/\">Witan 2024<\/a><div class=\"wp-block-latest-posts__post-excerpt\">Von Anna Knuth Den Sommer 2023 fast vollgepackt, lohnt es sich jetzt schon, die Augen auf 2024 zu richten. Liebe Ranger*Rover, Erwachsene und PfAUen \u2013 aufgepasst! N\u00e4chstes Jahr vom 01. bis 08. September m\u00f6chten wir euch auf ein internationales Lager einladen. Wir, das PfAU-Team, wurden von den britischen Pfadfinder*innen von SSAGO eingeladen, deren historische Auslandsfahrt\u2026\u00a0<a class=\"wp-block-latest-posts__read-more\" href=\"https:\/\/vcp.de\/pfadfinden\/witan\/witan-2024\/\" rel=\"noopener noreferrer\"><span class=\"screen-reader-text\">Witan 2024 <\/span>weiterlesen<\/a><\/div><\/li>\n<li><div class=\"wp-block-latest-posts__featured-image alignleft\"><img loading=\"lazy\" decoding=\"async\" width=\"150\" height=\"150\" src=\"https:\/\/vcp.de\/pfadfinden\/wp-content\/uploads\/2022\/06\/Design-ohne-Titel1-150x150.png\" class=\"attachment-thumbnail size-thumbnail wp-post-image\" alt=\"\" style=\"\" srcset=\"https:\/\/vcp.de\/pfadfinden\/wp-content\/uploads\/2022\/06\/Design-ohne-Titel1-150x150.png 150w, https:\/\/vcp.de\/pfadfinden\/wp-content\/uploads\/2022\/06\/Design-ohne-Titel1-300x300.png 300w, https:\/\/vcp.de\/pfadfinden\/wp-content\/uploads\/2022\/06\/Design-ohne-Titel1-1024x1024.png 1024w, https:\/\/vcp.de\/pfadfinden\/wp-content\/uploads\/2022\/06\/Design-ohne-Titel1-768x768.png 768w, https:\/\/vcp.de\/pfadfinden\/wp-content\/uploads\/2022\/06\/Design-ohne-Titel1-45x45.png 45w, https:\/\/vcp.de\/pfadfinden\/wp-content\/uploads\/2022\/06\/Design-ohne-Titel1.png 1080w\" sizes=\"auto, (max-width: 150px) 100vw, 150px\" \/><\/div><a class=\"wp-block-latest-posts__post-title\" href=\"https:\/\/vcp.de\/pfadfinden\/witan\/ausschreibung-mitarbeitende-witan-2024\/\">Ausschreibung Mitarbeitende Witan 2024<\/a><div class=\"wp-block-latest-posts__post-excerpt\">Du\u2026 bist im Studium oder der Ausbildung und m\u00f6chtest weiterhin aktiv sein? du w\u00fcrdest gerne mal eine interkulturelle Begegnung planen? du wolltest schon immer britische Pfadis treffen? Dann bist du in unserem Team genau richtig! Was ist Witan 2024? Witan steht f\u00fcr eine lange Tradition internationaler Begegnungen und wurde vor einigen Jahren als Auslandsfahrt in\u2026\u00a0<a class=\"wp-block-latest-posts__read-more\" href=\"https:\/\/vcp.de\/pfadfinden\/witan\/ausschreibung-mitarbeitende-witan-2024\/\" rel=\"noopener noreferrer\"><span class=\"screen-reader-text\">Ausschreibung Mitarbeitende Witan 2024 <\/span>weiterlesen<\/a><\/div><\/li>\n<\/ul>","protected":false},"excerpt":{"rendered":"<p>Ihr habt Zeit und Lust eine Woche lang internationales Pfadfinden zu erleben, neue Freundschaften zu schlie\u00dfen, in eine neue Pfadfinderkultur einzutauchen und auch unsere Traditionen und Br\u00e4uche zu teilen?&nbsp; Dann kommt vom 01.- 08. September 2024 f\u00fcr eine Woche auf die Burg Rieneck und erlebt mit PfAU und unserem britischen \u00c4quivalent SSAGO eine einmalige deutsch-britische [&hellip;]<\/p>\n","protected":false},"author":52,"featured_media":0,"parent":0,"menu_order":0,"comment_status":"closed","ping_status":"closed","template":"","meta":{"_acf_changed":false,"inline_featured_image":false,"footnotes":""},"class_list":["post-31317","page","type-page","status-publish","hentry"],"acf":[],"_links":{"self":[{"href":"https:\/\/vcp.de\/pfadfinden\/wp-json\/wp\/v2\/pages\/31317","targetHints":{"allow":["GET"]}}],"collection":[{"href":"https:\/\/vcp.de\/pfadfinden\/wp-json\/wp\/v2\/pages"}],"about":[{"href":"https:\/\/vcp.de\/pfadfinden\/wp-json\/wp\/v2\/types\/page"}],"author":[{"embeddable":true,"href":"https:\/\/vcp.de\/pfadfinden\/wp-json\/wp\/v2\/users\/52"}],"replies":[{"embeddable":true,"href":"https:\/\/vcp.de\/pfadfinden\/wp-json\/wp\/v2\/comments?post=31317"}],"version-history":[{"count":6,"href":"https:\/\/vcp.de\/pfadfinden\/wp-json\/wp\/v2\/pages\/31317\/revisions"}],"predecessor-version":[{"id":31343,"href":"https:\/\/vcp.de\/pfadfinden\/wp-json\/wp\/v2\/pages\/31317\/revisions\/31343"}],"wp:attachment":[{"href":"https:\/\/vcp.de\/pfadfinden\/wp-json\/wp\/v2\/media?parent=31317"}],"curies":[{"name":"wp","href":"https:\/\/api.w.org\/{rel}","templated":true}]}}