{"id":29644,"date":"2023-02-18T09:17:44","date_gmt":"2023-02-18T08:17:44","guid":{"rendered":"https:\/\/www.vcp.de\/pfadfinden\/?page_id=29644"},"modified":"2024-10-07T15:35:56","modified_gmt":"2024-10-07T13:35:56","slug":"news-aus-den-netzwerken","status":"publish","type":"page","link":"https:\/\/vcp.de\/pfadfinden\/news-aus-den-netzwerken\/","title":{"rendered":"News aus den Netzwerken"},"content":{"rendered":"\n<p>Hey,<\/p>\n\n\n\n<p>Interessierst du dich f\u00fcr internationales Pfadfinden und Jugendpolitik? M\u00f6chtest du spannende Neuigkeiten und Ausschreibungen zu Veranstaltungen, Schulungen und vielem mehr direkt in dein Postfach bekommen? Dann melde dich jetzt zu unserem Newsletter an und verpasse keine Chance zur Teilnahme!<\/p>\n\n\n\n<p>Einen \u00dcberblick \u00fcber unsere aktuellen Ausschreibungen bekommst zu hier: <a href=\"https:\/\/padlet.com\/arnoschaefer\/ausschreibungen-und-termine-aus-dem-referat-netzwerke-guu7yj752e7hlrsp?token=QkFoN0J6b01jR0Y1Ykc5aFpIc0lPZ3h3ZFhKd2IzTmxTU0lTYzNWeVptRmpaVjkwYjJ0bGJnWTZCa1ZVT2d4MlpYSnphVzl1U1NJR01nWTdCMVE2REhWelpYSmZhV1JwQkNVQ0dUazZEMlY0Y0dseVpYTmZZWFJWT2lCQlkzUnBkbVZUZFhCd2IzSjBPanBVYVcxbFYybDBhRnB2Ym1WYkNFbDFPZ2xVYVcxbERZVVpIOERpUWVUaUNUb05ibUZ1YjE5dWRXMXBBaUVDT2cxdVlXNXZYMlJsYm1rR09nMXpkV0p0YVdOeWJ5SUhWRkE2Q1hwdmJtVkpJZ2hWVkVNR093ZEdTU0lJVlZSREJqc0hWRWwxT3d3TmhSa2Z3T0pCNU9JSk93MXBBaUVDT3c1cEJqc1BJZ2RVVURzUVFBdz0tLTJiNTM2YzRmOGM5ZmFhNDhlMjk5ZDgwMDVmY2ZiY2JhMzg5Njk5ZTM-&amp;signature=e0fb60fe404a3a4a8b086e9ce797ee2f\">Ausschreibungen und Termine<\/a><\/p>\n\n\n\n<p>Herzlich Gut Pfad aus dem Referat Netzwerke<\/p>\n\n\n\n<p>Ilka &amp; Lena<\/p>\n\n\n\n<!-- Begin Brevo Form -->\n<!-- START - We recommend to place the below code in head tag of your website html  -->\n<style>\n  @font-face {\n    font-display: block;\n    font-family: Roboto;\n    src: url(https:\/\/assets.brevo.com\/font\/Roboto\/Latin\/normal\/normal\/7529907e9eaf8ebb5220c5f9850e3811.woff2) format(\"woff2\"), url(https:\/\/assets.brevo.com\/font\/Roboto\/Latin\/normal\/normal\/25c678feafdc175a70922a116c9be3e7.woff) format(\"woff\")\n  }\n\n  @font-face {\n    font-display: fallback;\n    font-family: Roboto;\n    font-weight: 600;\n    src: url(https:\/\/assets.brevo.com\/font\/Roboto\/Latin\/medium\/normal\/6e9caeeafb1f3491be3e32744bc30440.woff2) format(\"woff2\"), url(https:\/\/assets.brevo.com\/font\/Roboto\/Latin\/medium\/normal\/71501f0d8d5aa95960f6475d5487d4c2.woff) format(\"woff\")\n  }\n\n  @font-face {\n    font-display: fallback;\n    font-family: Roboto;\n    font-weight: 700;\n    src: url(https:\/\/assets.brevo.com\/font\/Roboto\/Latin\/bold\/normal\/3ef7cf158f310cf752d5ad08cd0e7e60.woff2) format(\"woff2\"), url(https:\/\/assets.brevo.com\/font\/Roboto\/Latin\/bold\/normal\/ece3a1d82f18b60bcce0211725c476aa.woff) format(\"woff\")\n  }\n\n  #sib-container input:-ms-input-placeholder {\n    text-align: left;\n    font-family: \"Helvetica\", sans-serif;\n    color: #c0ccda;\n  }\n\n  #sib-container input::placeholder {\n    text-align: left;\n    font-family: \"Helvetica\", sans-serif;\n    color: #c0ccda;\n  }\n\n  #sib-container textarea::placeholder {\n    text-align: left;\n    font-family: \"Helvetica\", sans-serif;\n    color: #c0ccda;\n  }\n\n  #sib-container a {\n    text-decoration: underline;\n    color: #e94653;\n  }\n<\/style>\n<link rel=\"stylesheet\" href=\"https:\/\/sibforms.com\/forms\/end-form\/build\/sib-styles.css\">\n<!--  END - We recommend to place the above code in head tag of your website html -->\n\n<!-- START - We recommend to place the below code where you want the form in your website html  -->\n<div class=\"sib-form\" style=\"text-align: center;\n         background-color: transparent;                                 \">\n  <div id=\"sib-form-container\" class=\"sib-form-container\">\n    <div id=\"error-message\" class=\"sib-form-message-panel\" style=\"font-size:16px; text-align:left; font-family:&quot;Helvetica&quot;, sans-serif; color:#000000; background-color:#ffeded; border-radius:3px; border-color:#e94653;max-width:540px;\">\n      <div class=\"sib-form-message-panel__text sib-form-message-panel__text--center\">\n        <svg viewBox=\"0 0 512 512\" class=\"sib-icon sib-notification__icon\">\n          <path d=\"M256 40c118.621 0 216 96.075 216 216 0 119.291-96.61 216-216 216-119.244 0-216-96.562-216-216 0-119.203 96.602-216 216-216m0-32C119.043 8 8 119.083 8 256c0 136.997 111.043 248 248 248s248-111.003 248-248C504 119.083 392.957 8 256 8zm-11.49 120h22.979c6.823 0 12.274 5.682 11.99 12.5l-7 168c-.268 6.428-5.556 11.5-11.99 11.5h-8.979c-6.433 0-11.722-5.073-11.99-11.5l-7-168c-.283-6.818 5.167-12.5 11.99-12.5zM256 340c-15.464 0-28 12.536-28 28s12.536 28 28 28 28-12.536 28-28-12.536-28-28-28z\" \/>\n        <\/svg>\n        <span class=\"sib-form-message-panel__inner-text\">\n                          Deine Anmeldung konnte nicht gespeichert werden. Bitte versuche es erneut.\n                      <\/span>\n      <\/div>\n    <\/div>\n    <div><\/div>\n    <div id=\"success-message\" class=\"sib-form-message-panel\" style=\"font-size:16px; text-align:left; font-family:&quot;Helvetica&quot;, sans-serif; color:#000000; background-color:#e7faf0; border-radius:3px; border-color:#13ce66;max-width:540px;\">\n      <div class=\"sib-form-message-panel__text sib-form-message-panel__text--center\">\n        <svg viewBox=\"0 0 512 512\" class=\"sib-icon sib-notification__icon\">\n          <path d=\"M256 8C119.033 8 8 119.033 8 256s111.033 248 248 248 248-111.033 248-248S392.967 8 256 8zm0 464c-118.664 0-216-96.055-216-216 0-118.663 96.055-216 216-216 118.664 0 216 96.055 216 216 0 118.663-96.055 216-216 216zm141.63-274.961L217.15 376.071c-4.705 4.667-12.303 4.637-16.97-.068l-85.878-86.572c-4.667-4.705-4.637-12.303.068-16.97l8.52-8.451c4.705-4.667 12.303-4.637 16.97.068l68.976 69.533 163.441-162.13c4.705-4.667 12.303-4.637 16.97.068l8.451 8.52c4.668 4.705 4.637 12.303-.068 16.97z\" \/>\n        <\/svg>\n        <span class=\"sib-form-message-panel__inner-text\">\n                          Du solltest eine E-Mail mit einem Best\u00e4tigungslink zur Anmeldung erhalten haben. Pr\u00fcfe auch deinen Spamordner. Vielen Dank f\u00fcr deine Anmeldung!\n                      <\/span>\n      <\/div>\n    <\/div>\n    <div><\/div>\n    <div id=\"sib-container\" class=\"sib-container--large sib-container--vertical\" style=\"text-align:center; background-color:rgba(255,255,255,1); max-width:540px; border-radius:4px; border-width:1px; border-color:#004287; border-style:solid; direction:ltr\">\n      <form id=\"sib-form\" method=\"POST\" action=\"https:\/\/91b38c41.sibforms.com\/serve\/MUIFACmjcPQDicmtr8-LFRyKddsXxYyzKosMgGLLwXiwwohg0FdX8FS0Yba4ESsLVb10JZGXm-I1WtaC-185tKY3egCMlthVnHhgY5HDEOyoH6WVXKKaQwzQe5NwHtbsFpgsbhjPOKVI0PPFXbxQAjBmwhkxd-ViONl_9i6-avUnadjWl85Ji_8j4SH56GPcXodbdJEaas6QhDvq\" data-type=\"subscription\">\n        <div style=\"padding: 8px 0;\">\n          <div class=\"sib-form-block\" style=\"font-size:32px; text-align:left; font-weight:700; font-family:&quot;Helvetica&quot;, sans-serif; color:#004287; background-color:transparent; text-align:left\">\n            <p>News aus den Netzwerken<\/p>\n          <\/div>\n        <\/div>\n        <div style=\"padding: 8px 0;\">\n          <div class=\"sib-form-block\" style=\"font-size:16px; text-align:left; font-family:&quot;Helvetica&quot;, sans-serif; color:#3C4858; background-color:transparent; text-align:left\">\n            <div class=\"sib-text-form-block\">\n              <p>Interessierst du dich f\u00fcr internationales Pfadfinden und Jugendpolitik? M\u00f6chtest du spannende Neuigkeiten und Ausschreibungen zu Veranstaltungen, Schulungen und vielem mehr direkt in dein Postfach bekommen? Dann melde dich jetzt zu unserem Newsletter an und verpasse keine Chance zur Teilnahme!<\/p>\n            <\/div>\n          <\/div>\n        <\/div>\n        <div style=\"padding: 8px 0;\">\n          <div class=\"sib-input sib-form-block\">\n            <div class=\"form__entry entry_block\">\n              <div class=\"form__label-row \">\n                <label class=\"entry__label\" style=\"font-weight: 700; text-align:left; font-size:16px; text-align:left; font-weight:700; font-family:&quot;Helvetica&quot;, sans-serif; color:#004287;\" for=\"FIRSTNAME\" data-required=\"*\">Vorname<\/label>\n\n                <div class=\"entry__field\">\n                  <input class=\"input \" maxlength=\"200\" type=\"text\" id=\"FIRSTNAME\" name=\"FIRSTNAME\" autocomplete=\"off\" placeholder=\"Dein Vorname\" data-required=\"true\" required \/>\n                <\/div>\n              <\/div>\n\n              <label class=\"entry__error entry__error--primary\" style=\"font-size:16px; text-align:left; font-family:&quot;Helvetica&quot;, sans-serif; color:#000000; background-color:#ffeded; border-radius:3px; border-color:#e94653;\">\n              <\/label>\n            <\/div>\n          <\/div>\n        <\/div>\n        <div style=\"padding: 8px 0;\">\n          <div class=\"sib-input sib-form-block\">\n            <div class=\"form__entry entry_block\">\n              <div class=\"form__label-row \">\n                <label class=\"entry__label\" style=\"font-weight: 700; text-align:left; font-size:16px; text-align:left; font-weight:700; font-family:&quot;Helvetica&quot;, sans-serif; color:#004287;\" for=\"LASTNAME\" data-required=\"*\">Nachname<\/label>\n\n                <div class=\"entry__field\">\n                  <input class=\"input \" maxlength=\"200\" type=\"text\" id=\"LASTNAME\" name=\"LASTNAME\" autocomplete=\"off\" placeholder=\"Dein Nachname\" data-required=\"true\" required \/>\n                <\/div>\n              <\/div>\n\n              <label class=\"entry__error entry__error--primary\" style=\"font-size:16px; text-align:left; font-family:&quot;Helvetica&quot;, sans-serif; color:#000000; background-color:#ffeded; border-radius:3px; border-color:#e94653;\">\n              <\/label>\n            <\/div>\n          <\/div>\n        <\/div>\n        <div style=\"padding: 8px 0;\">\n          <div class=\"sib-input sib-form-block\">\n            <div class=\"form__entry entry_block\">\n              <div class=\"form__label-row \">\n                <label class=\"entry__label\" style=\"font-weight: 700; text-align:left; font-size:16px; text-align:left; font-weight:700; font-family:&quot;Helvetica&quot;, sans-serif; color:#004287;\" for=\"EMAIL\" data-required=\"*\">E-Mail-Adresse<\/label>\n\n                <div class=\"entry__field\">\n                  <input class=\"input \" type=\"text\" id=\"EMAIL\" name=\"EMAIL\" autocomplete=\"off\" placeholder=\"Deine E-Mail-Adresse\" data-required=\"true\" required \/>\n                <\/div>\n              <\/div>\n\n              <label class=\"entry__error entry__error--primary\" style=\"font-size:16px; text-align:left; font-family:&quot;Helvetica&quot;, sans-serif; color:#000000; background-color:#ffeded; border-radius:3px; border-color:#e94653;\">\n              <\/label>\n            <\/div>\n          <\/div>\n        <\/div>\n        <div style=\"padding: 8px 0;\">\n          <div class=\"sib-optin sib-form-block\" data-required=\"true\">\n            <div class=\"form__entry entry_mcq\">\n              <div class=\"form__label-row \">\n                <div class=\"entry__choice\" style=\"\">\n                  <label>\n                    <input type=\"checkbox\" class=\"input_replaced\" value=\"1\" id=\"OPT_IN\" name=\"OPT_IN\" required \/>\n                    <span class=\"checkbox checkbox_tick_positive\"\n            style=\"margin-left:\"\n            ><\/span><span style=\"font-size:14px; text-align:left; font-family:&quot;Helvetica&quot;, sans-serif; color:#3C4858; background-color:transparent;\"><p>Ich m\u00f6chte deinen Newsletter erhalten und akzeptiere die Datenschutzerkl\u00e4rung.<\/p><span data-required=\"*\" style=\"display: inline;\" class=\"entry__label entry__label_optin\"><\/span><\/span> <\/label>\n                <\/div>\n              <\/div>\n              <label class=\"entry__error entry__error--primary\" style=\"font-size:16px; text-align:left; font-family:&quot;Helvetica&quot;, sans-serif; color:#000000; background-color:#ffeded; border-radius:3px; border-color:#e94653;\">\n              <\/label>\n            <\/div>\n          <\/div>\n        <\/div>\n        <div style=\"padding: 8px 0;\">\n          <div class=\"sib-form__declaration\" style=\"direction:ltr\">\n            <div class=\"declaration-block-icon\">\n              <svg class=\"icon__SVG\" width=\"0\" height=\"0\" version=\"1.1\" xmlns=\"http:\/\/www.w3.org\/2000\/svg\">\n                <defs>\n                  <symbol id=\"svgIcon-sphere\" viewBox=\"0 0 63 63\">\n                    <path class=\"path1\" d=\"M31.54 0l1.05 3.06 3.385-.01-2.735 1.897 1.05 3.042-2.748-1.886-2.738 1.886 1.044-3.05-2.745-1.897h3.393zm13.97 3.019L46.555 6.4l3.384.01-2.743 2.101 1.048 3.387-2.752-2.1-2.752 2.1 1.054-3.382-2.745-2.105h3.385zm9.998 10.056l1.039 3.382h3.38l-2.751 2.1 1.05 3.382-2.744-2.091-2.743 2.091 1.054-3.381-2.754-2.1h3.385zM58.58 27.1l1.04 3.372h3.379l-2.752 2.096 1.05 3.387-2.744-2.091-2.75 2.092 1.054-3.387-2.747-2.097h3.376zm-3.076 14.02l1.044 3.364h3.385l-2.743 2.09 1.05 3.392-2.744-2.097-2.743 2.097 1.052-3.377-2.752-2.117 3.385-.01zm-9.985 9.91l1.045 3.364h3.393l-2.752 2.09 1.05 3.393-2.745-2.097-2.743 2.097 1.05-3.383-2.751-2.1 3.384-.01zM31.45 55.01l1.044 3.043 3.393-.008-2.752 1.9L34.19 63l-2.744-1.895-2.748 1.891 1.054-3.05-2.743-1.9h3.384zm-13.934-3.98l1.036 3.364h3.402l-2.752 2.09 1.053 3.393-2.747-2.097-2.752 2.097 1.053-3.382-2.743-2.1 3.384-.01zm-9.981-9.91l1.045 3.364h3.398l-2.748 2.09 1.05 3.392-2.753-2.1-2.752 2.096 1.053-3.382-2.743-2.102 3.384-.009zM4.466 27.1l1.038 3.372H8.88l-2.752 2.097 1.053 3.387-2.743-2.09-2.748 2.09 1.053-3.387L0 30.472h3.385zm3.069-14.025l1.045 3.382h3.395L9.23 18.56l1.05 3.381-2.752-2.09-2.752 2.09 1.053-3.381-2.744-2.1h3.384zm9.99-10.056L18.57 6.4l3.393.01-2.743 2.1 1.05 3.373-2.754-2.092-2.751 2.092 1.053-3.382-2.744-2.1h3.384zm24.938 19.394l-10-4.22a2.48 2.48 0 00-1.921 0l-10 4.22A2.529 2.529 0 0019 24.75c0 10.47 5.964 17.705 11.537 20.057a2.48 2.48 0 001.921 0C36.921 42.924 44 36.421 44 24.75a2.532 2.532 0 00-1.537-2.336zm-2.46 6.023l-9.583 9.705a.83.83 0 01-1.177 0l-5.416-5.485a.855.855 0 010-1.192l1.177-1.192a.83.83 0 011.177 0l3.65 3.697 7.819-7.916a.83.83 0 011.177 0l1.177 1.191a.843.843 0 010 1.192z\" fill=\"#0092FF\"><\/path>\n                  <\/symbol>\n                <\/defs>\n              <\/svg>\n              <svg class=\"svgIcon-sphere\" style=\"width:54px; height:54px;\">\n                <use xlink:href=\"#svgIcon-sphere\"><\/use>\n              <\/svg>\n            <\/div>\n            <div style=\"font-size:12px; text-align:left; font-family:&quot;Helvetica&quot;, sans-serif; color:#687484; background-color:transparent;\">\n              <p>Wir verwenden Brevo als unsere Marketing-Plattform. Indem du das Formular absendest, erkl\u00e4rst du dich einverstanden, dass die von dir angegebenen pers\u00f6nlichen Informationen an Brevo zur Bearbeitung \u00fcbertragen werden gem\u00e4\u00df den <a href=\"https:\/\/www.brevo.com\/de\/legal\/privacypolicy\/\" target=\"_blank\" rel=\"noopener\">Datenschutzrichtlinien von Brevo.<\/a><\/p>\n            <\/div>\n          <\/div>\n        <\/div>\n        <div style=\"padding: 8px 0;\">\n          <div class=\"sib-form-block\" style=\"text-align: left\">\n            <button class=\"sib-form-block__button sib-form-block__button-with-loader\" style=\"font-size:16px; text-align:left; font-weight:700; font-family:&quot;Helvetica&quot;, sans-serif; color:#FFFFFF; background-color:#e94653; border-radius:3px; border-width:0px;\" form=\"sib-form\" type=\"submit\">\n              <svg class=\"icon clickable__icon progress-indicator__icon sib-hide-loader-icon\" viewBox=\"0 0 512 512\">\n                <path d=\"M460.116 373.846l-20.823-12.022c-5.541-3.199-7.54-10.159-4.663-15.874 30.137-59.886 28.343-131.652-5.386-189.946-33.641-58.394-94.896-95.833-161.827-99.676C261.028 55.961 256 50.751 256 44.352V20.309c0-6.904 5.808-12.337 12.703-11.982 83.556 4.306 160.163 50.864 202.11 123.677 42.063 72.696 44.079 162.316 6.031 236.832-3.14 6.148-10.75 8.461-16.728 5.01z\" \/>\n              <\/svg>\n              ANMELDEN\n            <\/button>\n          <\/div>\n        <\/div>\n\n        <input type=\"text\" name=\"email_address_check\" value=\"\" class=\"input--hidden\">\n        <input type=\"hidden\" name=\"locale\" value=\"de\">\n      <\/form>\n    <\/div>\n  <\/div>\n<\/div>\n<!-- END - We recommend to place the above code where you want the form in your website html  -->\n\n<!-- START - We recommend to place the below code in footer or bottom of your website html  -->\n<script>\n  window.REQUIRED_CODE_ERROR_MESSAGE = 'W\u00e4hlen Sie bitte einen L\u00e4ndervorwahl aus.';\n  window.LOCALE = 'de';\n  window.EMAIL_INVALID_MESSAGE = window.SMS_INVALID_MESSAGE = \"Die eingegebenen Informationen sind nicht g\u00fcltig. Bitte \u00fcberpr\u00fcfe das Feldformat und versuche es erneut.\";\n\n  window.REQUIRED_ERROR_MESSAGE = \"Dieses Feld darf nicht leer sein. \";\n\n  window.GENERIC_INVALID_MESSAGE = \"Die eingegebenen Informationen sind nicht g\u00fcltig. Bitte \u00fcberpr\u00fcfe das Feldformat und versuche es erneut.\";\n\n\n\n\n  window.translation = {\n    common: {\n      selectedList: '{quantity} Liste ausgew\u00e4hlt',\n      selectedLists: '{quantity} Listen ausgew\u00e4hlt'\n    }\n  };\n\n  var AUTOHIDE = Boolean(0);\n<\/script>\n\n<script defer src=\"https:\/\/sibforms.com\/forms\/end-form\/build\/main.js\"><\/script>\n\n\n<!-- END - We recommend to place the above code in footer or bottom of your website html  -->\n<!-- End Brevo Form -->\n","protected":false},"excerpt":{"rendered":"<p>Hey, Interessierst du dich f\u00fcr internationales Pfadfinden und Jugendpolitik? M\u00f6chtest du spannende Neuigkeiten und Ausschreibungen zu Veranstaltungen, Schulungen und vielem mehr direkt in dein Postfach bekommen? Dann melde dich jetzt zu unserem Newsletter an und verpasse keine Chance zur Teilnahme! Einen \u00dcberblick \u00fcber unsere aktuellen Ausschreibungen bekommst zu hier: Ausschreibungen und Termine Herzlich Gut Pfad [&hellip;]<\/p>\n","protected":false},"author":61,"featured_media":0,"parent":0,"menu_order":0,"comment_status":"closed","ping_status":"closed","template":"","meta":{"_acf_changed":false,"inline_featured_image":false,"footnotes":""},"class_list":["post-29644","page","type-page","status-publish","hentry"],"acf":[],"_links":{"self":[{"href":"https:\/\/vcp.de\/pfadfinden\/wp-json\/wp\/v2\/pages\/29644","targetHints":{"allow":["GET"]}}],"collection":[{"href":"https:\/\/vcp.de\/pfadfinden\/wp-json\/wp\/v2\/pages"}],"about":[{"href":"https:\/\/vcp.de\/pfadfinden\/wp-json\/wp\/v2\/types\/page"}],"author":[{"embeddable":true,"href":"https:\/\/vcp.de\/pfadfinden\/wp-json\/wp\/v2\/users\/61"}],"replies":[{"embeddable":true,"href":"https:\/\/vcp.de\/pfadfinden\/wp-json\/wp\/v2\/comments?post=29644"}],"version-history":[{"count":12,"href":"https:\/\/vcp.de\/pfadfinden\/wp-json\/wp\/v2\/pages\/29644\/revisions"}],"predecessor-version":[{"id":37091,"href":"https:\/\/vcp.de\/pfadfinden\/wp-json\/wp\/v2\/pages\/29644\/revisions\/37091"}],"wp:attachment":[{"href":"https:\/\/vcp.de\/pfadfinden\/wp-json\/wp\/v2\/media?parent=29644"}],"curies":[{"name":"wp","href":"https:\/\/api.w.org\/{rel}","templated":true}]}}