{"id":23,"date":"2014-05-06T14:16:47","date_gmt":"2014-05-06T12:16:47","guid":{"rendered":"http:\/\/www.vcp.de\/pfadfinden\/?page_id=23"},"modified":"2024-04-29T08:46:51","modified_gmt":"2024-04-29T06:46:51","slug":"impressum","status":"publish","type":"page","link":"https:\/\/vcp.de\/pfadfinden\/impressum\/","title":{"rendered":"Impressum"},"content":{"rendered":"<p><a href=\"https:\/\/www.vcp.de\/pfadfinden\" target=\"_blank\" rel=\"noopener\">https:\/\/www.vcp.de\/pfadfinden<\/a> ist der begleitende Blog der Verbandszeitschrift &#8222;anp &#8211; auf neuem Pfad&#8220; des Verbandes Christlicher Pfadfinder*innen (VCP). Der Blog entstand auf Initiative des Referats Mitglieder der VCP Bundesleitung und wurde technisch umgesetzt von der Fachgruppe &#8222;Die Netzstecker&#8220; des VCP.<\/p>\n<p>Mit \u00adNamen\u00ad gekennzeichnete \u00adArtikel \u00adgeben\u00ad nicht \u00adimmer die \u00adMeinung \u00adder Redaktion\u00ad wieder.<\/p>\n<p>J<span class=\"fontstyle0\">ohanna \u00adMixsa <\/span><span class=\"fontstyle1\">Bundesleitung und Herausgeberin<\/span><\/p>\n<h2>Impressum<\/h2>\n<p>Verband Christlicher Pfadfinder*innen (VCP) e.V.<br \/>\nWichernweg 3<br \/>\n34121 Kassel<\/p>\n<p>Tel.: 0561-78437-0<br \/>\nFax: 0561-78437-40<br \/>\nEmail: <a href=\"mailto:info@vcp.de\">info(at)vcp.de<\/a><\/p>\n<h2>Vertretungsberechtigter Vorstand<\/h2>\n<p>VCP Bundesvorstand bestehend aus:<\/p>\n<ul>\n<li>Leah Albrecht<\/li>\n<li>Peter \u201eflip\u201c Keil<\/li>\n<li>Eric Stahlmann<\/li>\n<li>Daniel Werner<\/li>\n<\/ul>\n<h2>Redaktion<\/h2>\n<p>VCP-Redaktion besteht aus folgenden Redakteur*innen:<\/p>\n<table width=\"223\">\n<tbody>\n<tr>\n<td width=\"143\">Benedikt Bahl<\/td>\n<td width=\"80\">BB<\/td>\n<\/tr>\n<tr>\n<td>Clara Drammeh<\/td>\n<td>CD<\/td>\n<\/tr>\n<tr>\n<td>Esther Koch<\/td>\n<td>EK<\/td>\n<\/tr>\n<tr>\n<td>Hanno Terbuyken<\/td>\n<td>HAT<\/td>\n<\/tr>\n<tr>\n<td>Johanna Mixsa<\/td>\n<td>JM<\/td>\n<\/tr>\n<tr>\n<td>Josefin Schr\u00f6der<\/td>\n<td>JS<\/td>\n<\/tr>\n<tr>\n<td>Jule Lumma<\/td>\n<td>JL<\/td>\n<\/tr>\n<tr>\n<td>Lars Andresen<\/td>\n<td>LA<\/td>\n<\/tr>\n<tr>\n<td>Lena Dohmann<\/td>\n<td>LD<\/td>\n<\/tr>\n<tr>\n<td>Lena Kiefer<\/td>\n<td>LK<\/td>\n<\/tr>\n<tr>\n<td>Lukas Zintel-Lumma<\/td>\n<td>LZL<\/td>\n<\/tr>\n<tr>\n<td>Marvin Daab<\/td>\n<td>MD<\/td>\n<\/tr>\n<tr>\n<td>Patrick Franz<\/td>\n<td>PF<\/td>\n<\/tr>\n<tr>\n<td>Peter Diehl<\/td>\n<td>PD<\/td>\n<\/tr>\n<tr>\n<td><strong>anp-Redaktion<br \/>\n<\/strong><\/td>\n<td><\/td>\n<\/tr>\n<tr>\n<td>Andreas Witt<\/td>\n<td>AW<\/td>\n<\/tr>\n<tr>\n<td>Jascha Buder<\/td>\n<td>JB<\/td>\n<\/tr>\n<tr>\n<td>Jule Hoffmann<\/td>\n<td>JH<\/td>\n<\/tr>\n<tr>\n<td>Jakob Krueger<\/td>\n<td>JK<\/td>\n<\/tr>\n<tr>\n<td>Lilli Burlafinger<\/td>\n<td>LB<\/td>\n<\/tr>\n<tr>\n<td>Lena Radmer<\/td>\n<td>LR<\/td>\n<\/tr>\n<tr>\n<td>Lena Simosek<\/td>\n<td>LS<\/td>\n<\/tr>\n<tr>\n<td>Rebecca Haugwitz<\/td>\n<td>RH<\/td>\n<\/tr>\n<tr>\n<td>Rica R\u00f6sner<\/td>\n<td>RR<\/td>\n<\/tr>\n<tr>\n<td>Sandra Gr\u00fcnewald<\/td>\n<td>SG<\/td>\n<\/tr>\n<tr>\n<td>Verena Kunberger<\/td>\n<td>VK<\/td>\n<\/tr>\n<\/tbody>\n<\/table>\n<h2>Registergericht<\/h2>\n<p>Kassel, VR 5169<\/p>\n<h2>Internet-Adresse<\/h2>\n<p><a href=\"https:\/\/www.vcp.de\/pfadfinden\">www.vcp.de\/pfadfinden<\/a><\/p>\n<h2>Statistische Auswertungen mit PIWIK<\/h2>\n<p>Auf diesen Webseiten wird die Open-Source-Software PIWIK zur statistischen Auswertung der Nutzung eingesetzt. Die durch PIWIK gesammelten Daten (u.a. Uhrzeit, abgerufene Seite, benutzter Browser, Suchmaschine, Plugins, gek\u00fcrzte IP) werden in einer Datenbank gespeichert. Hierbei sind die mit PIWIK erzeugten Auswertungen vollst\u00e4ndig anonymisiert und lassen sich nicht zur Identifikation einzelner Personen nutzen. Eine Verkn\u00fcpfung der durch PIWIK gespeicherten Daten mit anderen Datenquellen oder eine Weitergabe an Dritte findet nicht statt.<\/p>\n<p><iframe loading=\"lazy\" style=\"border: 0; height: 200px; width: 600px;\" src=\"https:\/\/stats.vcp.de\/index.php?module=CoreAdminHome&amp;action=optOut&amp;language=de\" width=\"300\" height=\"150\"><\/iframe><\/p>\n<p>Die Inhalte auf unserer Webseite enthalten Links zu externen Webseiten und Messenger-Diensten (u.a. Telegram, Signal, Whatsapp, Threema). Wir haben keinen Einfluss auf deren Inhalte und darauf, dass die Betreiber die Datenschutzbestimmungen (gem\u00e4\u00df DSG-EKD bzw. DSGVO) einhalten. Nach Verlassen unserer Webseite \u00fcbernehmen wir keine Gew\u00e4hr f\u00fcr die Inhalte und weisen explizit auf die Datenschutz-Richtlinien der jeweiligen Betreiber hin. Weitere Informationen zum Haftungsausschluss (Disclaimer) findet ihr hier: <a href=\"https:\/\/www.vcp.de\/pfadfinden\/impressum\/disclaimer\/\" target=\"_blank\" rel=\"noopener\">https:\/\/www.vcp.de\/pfadfinden\/impressum\/disclaimer\/<\/a><\/p>\n","protected":false},"excerpt":{"rendered":"<p>https:\/\/www.vcp.de\/pfadfinden ist der begleitende Blog der Verbandszeitschrift &#8222;anp &#8211; auf neuem Pfad&#8220; des Verbandes Christlicher Pfadfinder*innen (VCP). Der Blog entstand auf Initiative des Referats Mitglieder der VCP Bundesleitung und wurde technisch umgesetzt von der Fachgruppe &#8222;Die Netzstecker&#8220; des VCP. Mit \u00adNamen\u00ad gekennzeichnete \u00adArtikel \u00adgeben\u00ad nicht \u00adimmer die \u00adMeinung \u00adder Redaktion\u00ad wieder. Johanna \u00adMixsa Bundesleitung und [&hellip;]<\/p>\n","protected":false},"author":52,"featured_media":0,"parent":0,"menu_order":0,"comment_status":"closed","ping_status":"open","template":"","meta":{"_acf_changed":false,"inline_featured_image":false,"footnotes":""},"class_list":["post-23","page","type-page","status-publish","hentry"],"acf":[],"_links":{"self":[{"href":"https:\/\/vcp.de\/pfadfinden\/wp-json\/wp\/v2\/pages\/23","targetHints":{"allow":["GET"]}}],"collection":[{"href":"https:\/\/vcp.de\/pfadfinden\/wp-json\/wp\/v2\/pages"}],"about":[{"href":"https:\/\/vcp.de\/pfadfinden\/wp-json\/wp\/v2\/types\/page"}],"author":[{"embeddable":true,"href":"https:\/\/vcp.de\/pfadfinden\/wp-json\/wp\/v2\/users\/52"}],"replies":[{"embeddable":true,"href":"https:\/\/vcp.de\/pfadfinden\/wp-json\/wp\/v2\/comments?post=23"}],"version-history":[{"count":1,"href":"https:\/\/vcp.de\/pfadfinden\/wp-json\/wp\/v2\/pages\/23\/revisions"}],"predecessor-version":[{"id":35279,"href":"https:\/\/vcp.de\/pfadfinden\/wp-json\/wp\/v2\/pages\/23\/revisions\/35279"}],"wp:attachment":[{"href":"https:\/\/vcp.de\/pfadfinden\/wp-json\/wp\/v2\/media?parent=23"}],"curies":[{"name":"wp","href":"https:\/\/api.w.org\/{rel}","templated":true}]}}