{"id":21754,"date":"2021-05-07T11:45:22","date_gmt":"2021-05-07T09:45:22","guid":{"rendered":"https:\/\/www.vcp.de\/pfadfinden\/?page_id=21754"},"modified":"2021-05-07T13:43:03","modified_gmt":"2021-05-07T11:43:03","slug":"pfau-faq","status":"publish","type":"page","link":"https:\/\/vcp.de\/pfadfinden\/pfau\/pfau-faq\/","title":{"rendered":"PfAU FAQ"},"content":{"rendered":"<p>PfAU klingt Spannend f\u00fcr dich, einiges ist aber noch unklar? Du arbeitest auf Landesebene und fragst dich was du mit PfAU am Hut hast? Du w\u00fcrdest am liebsten eine Gruppe gr\u00fcnden, wei\u00dft aber nicht wie? Schau mal ins FAQ!<\/p>\n<p style=\"padding-left: 40px;\"><strong>Was ist PfAU?<\/strong><br \/>\nPfAU steht f\u00fcr Pfadfinden in Ausbildung und an Universit\u00e4ten. PfAU-Gruppen bestehen aus jungen erwachsenen Pfadis zwischen 17 und 27 Jahren, die ihr Programm selbst gestalten und sich unabh\u00e4ngig von St\u00e4mmen selbst organisieren. Dabei sind sie \u00fcber Chat-Gruppen strukturiert und f\u00fcr L\u00e4nder und St\u00e4mme f\u00fcr einzelne Aktionen ansprechbar.<\/p>\n<p style=\"padding-left: 40px;\"><strong>F\u00fcr wen ist PfAU?<\/strong><br \/>\nPfAU ist f\u00fcr alle Menschen, die in Ausbildung oder Universit\u00e4t #Pfadisbleiben wollen. Dazu z\u00e4hlen Pfadis aller B\u00fcnde, Menschen, die bisher noch keine Pfadis sind oder Studis, die f\u00fcr ein Erasmus nach Deutschland gekommen sind.<\/p>\n<p style=\"padding-left: 40px;\"><strong>Kann man bei PfAU mitmachen?<\/strong> Klar, als Teilnehmer*in! Schau mal, ob in deiner Stadt schon eine PfAU Gruppe vorhanden ist. <a href=\"https:\/\/www.vcp.de\/pfadfinden\/pfau\/\" target=\"_blank\" rel=\"noopener\">Hier<\/a> findest Du unsere interaktive Karte. Dar\u00fcber hinaus kannst du nat\u00fcrlich eine PfAU-Gruppe gr\u00fcnden, wenn es in deiner Stadt noch keine gibt, oder im PfAU-Team mitarbeiten, dass PfAU auf Bundesebene koordiniert. Dazu unten mehr.<\/p>\n<p style=\"padding-left: 40px;\"><strong>Kann ich in meiner Stadt eine PfAU-Gruppe gr\u00fcnden?<br \/>\n<\/strong>Na klar! Das Gr\u00fcnden einer PfAU-Gruppe ist kinderleicht. F\u00fcr den Anfang reicht es die Gruppe auf der Website einzutragen und Gleichgesinnte zu suchen, mit denen man ab und zu gemeinsam Pfadi ist; zum Beispiel eine Singerunde besucht oder sich einfach so trifft. <strong>Auf unserer Website gibt es auch die M\u00f6glichkeit, dass sich Interessierte in eine Datenbank eintragen lassen.<\/strong> Melde dich bei uns, wenn du wissen m\u00f6chtest wie viele Interessent*innen es f\u00fcr deine Stadt gibt! Wir k\u00f6nnen euch dann miteinander vernetzen.<\/p>\n<p style=\"padding-left: 40px;\"><strong>PfAU klingt super cool, leider habe ich nicht so viel Zeit<\/strong>.<br \/>\nDie Idee hinter PfAU ist, f\u00fcr Azubis und Studis ein Freizeitangebot zu schaffen. Wenn Du also zwei Freund*innen hast, mit denen du ab und an pfadfinderischen Kram machen m\u00f6chtest, k\u00f6nnt ihr direkt als PfAU-Gruppe loslegen. Einfach auf unserer Website eintragen und ihr seid bereit zum Abheben! Mit Sicherheit werden euch in K\u00fcrze Anfragen von Menschen erreichen, die Lust haben mitzumachen.<\/p>\n<p style=\"padding-left: 40px;\"><strong>PfAU auf Bundesebene?<\/strong><br \/>\nWenn du schon immer mal wissen wolltest wie die Arbeit in einer Gruppe auf Bundesebene ist, kannst du auch mal in unserem Team vorbeischauen. Schreib uns einfach unter <a href=\"mailto:pfau@vcp.de\">pfau@vcp.de<\/a>. Ziele f\u00fcr die Zukunft sind u.a. ein Getr\u00e4nkesponsoring f\u00fcr die Gruppen vor Ort, bundesweite PfAU-Aktionen (gemeinsame Gro\u00df(p)fahrt?!), die St\u00e4rkung bestehender Gruppen und Neugr\u00fcndungen.<\/p>\n<p style=\"padding-left: 40px;\"><strong>Wie bekomme ich Menschen in meine PfAU-Gruppe?<\/strong><br \/>\nKlar: Werben, werben, werben. Auf unserer Website gibt es eine \u00dcbersicht \u00fcber die Werbemittel, die wir euch zur Verf\u00fcgung stellen. Die Printmedien k\u00f6nnt ihr im Materialversand der Bundeszentrale bestellen, die digitalen Medien direkt auf der Website herunterladen. Macht euch die Werbemittel gerne zu eigen und nutzt sie auf euren Instagram-Accounts, Facebookseiten und wo es euch sonst beliebt. Nur das Logo sollte als Wiedererkennungsmerkmal so bleiben wie es gerade ist ?<\/p>\n<p style=\"padding-left: 40px;\"><strong>Und wer bezahlt das alles?<\/strong><br \/>\nAktuell m\u00fcsst ihr eure PfAU-Aktionen vor Ort leider aus eigener Tasche bezahlen. Gl\u00fccklicherweise ist es ja so, dass Singerunden, Fahrten und all das, was uns sonst Spa\u00df macht, nicht so viel kostet. Wir arbeiten daran, dass ihr in Zukunft durch uns oder andere Stellen finanzielle Unterst\u00fctzung bekommt.<\/p>\n<p style=\"padding-left: 40px;\"><strong>Was bringt PfAU den L\u00e4ndern?<br \/>\n<\/strong>Viele Pfadis verlassen nach der Schule nicht nur ihren Wohnort und Heimatstamm, sondern auch den VCP. PfAU m\u00f6chte diesen Pfadfinder*innen eine #Pfadiheimat geben. Die PfAU-Gruppen k\u00f6nnen von den L\u00e4ndern und St\u00e4mmen f\u00fcr einzelne Aktionen angefragt werden und sie so unterst\u00fctzen. Langfristig bleiben die PfAU-Mitglieder dem Verband l\u00e4nger verbunden und sind sp\u00e4ter eher dazu bereit neue St\u00e4mme zu gr\u00fcnden oder sich in bestehenden St\u00e4mmen zu beteiligen. Das zeigen auch Zahlen von SSAGO, einem britischen Pfadi-Verband, der PfAU sehr \u00e4hnlich ist. Auch f\u00fcr VCPer*innen die weiterhin im Verband aktiv sind, k\u00f6nnen PfAU-Gruppen ein Ort sein, an dem sie mal wieder einfach Teilnehmer*in sein k\u00f6nnen.<\/p>\n<p style=\"padding-left: 40px;\"><strong>Stehlt ihr uns dann jetzt die Mitglieder aus den Gremien und St\u00e4mmen?<br \/>\n<\/strong>Es liegt in der Natur von PfAU gerade das Gegenteil zu tun. Eine PfAU-Gruppe kann ein Rahmen sein, in dem junge erwachsene Pfadis zusammenkommen, Spa\u00df haben und so auch einen Ausgleich zur Verantwortung der Landes-, Bundes- und Stammesarbeit finden. Au\u00dferdem werden \u00fcber PfAU-Gruppen viele Menschen in der N\u00e4he des Verbandes gehalten oder kommen erst aufs Pfadfinden. Manche dieser Pfadis werden sich auch daf\u00fcr entscheiden in die Stammes-, Bundes- oder Landesarbeit einzusteigen.<\/p>\n<p style=\"padding-left: 40px;\"><strong>Das klingt super, k\u00f6nnen wir euch als Land oder als Stamm unterst\u00fctzen?<\/strong><br \/>\nJa, indem ihr \u00fcber die PfAU-Gruppen sprecht, \u00fcber eure Kan\u00e4le f\u00fcr das neue Angebot werbt oder sogar selbst gezielt Gruppengr\u00fcndungen an attraktiven Orten organisiert. Unsere Werbemittel findet ihr <a href=\"https:\/\/www.vcp.de\/pfadfinden\/pfau\/werbematerialien\/\" target=\"_blank\" rel=\"noopener\">hier<\/a>.<\/p>\n<p style=\"padding-left: 40px;\"><strong>Gibt es nicht schon das Hochschulnetzwerk?<\/strong><br \/>\nIst das dann das Gleiche? PfAU und das Hochschulnetzwerk haben teilweise die gleiche Zielgruppe: Studis. Daher kann man sie schonmal verwechseln. Das Hochschulnetzwerk wird allerdings von PfAU abgel\u00f6st. Auch inhaltlich werden sich ein paar Sachen: Chatgruppen statt Mailverteiler, offeneres Programm, inklusivere Zielgruppe und noch einiges mehr&#8230;<\/p>\n<p style=\"padding-left: 40px;\"><strong>Jetzt habe ich richtig Lust, aber noch sooo viele Fragen!<br \/>\n<\/strong>Hast du schonmal einen Blick in unsere Handreichung How-To-PfAU geworfen? Hier haben wir versucht noch einiges mehr zu erkl\u00e4ren. Ansonsten schreib uns einfach eine E-Mail: <a href=\"mailto:pfau@vcp.de\">pfau@vcp.de<\/a><\/p>\n","protected":false},"excerpt":{"rendered":"<p>PfAU klingt Spannend f\u00fcr dich, einiges ist aber noch unklar? Du arbeitest auf Landesebene und fragst dich was du mit PfAU am Hut hast? Du w\u00fcrdest am liebsten eine Gruppe gr\u00fcnden, wei\u00dft aber nicht wie? Schau mal ins FAQ! Was ist PfAU? PfAU steht f\u00fcr Pfadfinden in Ausbildung und an Universit\u00e4ten. PfAU-Gruppen bestehen aus jungen [&hellip;]<\/p>\n","protected":false},"author":3,"featured_media":21077,"parent":19608,"menu_order":0,"comment_status":"closed","ping_status":"closed","template":"","meta":{"_acf_changed":false,"inline_featured_image":false,"footnotes":""},"class_list":["post-21754","page","type-page","status-publish","has-post-thumbnail","hentry"],"acf":[],"_links":{"self":[{"href":"https:\/\/vcp.de\/pfadfinden\/wp-json\/wp\/v2\/pages\/21754","targetHints":{"allow":["GET"]}}],"collection":[{"href":"https:\/\/vcp.de\/pfadfinden\/wp-json\/wp\/v2\/pages"}],"about":[{"href":"https:\/\/vcp.de\/pfadfinden\/wp-json\/wp\/v2\/types\/page"}],"author":[{"embeddable":true,"href":"https:\/\/vcp.de\/pfadfinden\/wp-json\/wp\/v2\/users\/3"}],"replies":[{"embeddable":true,"href":"https:\/\/vcp.de\/pfadfinden\/wp-json\/wp\/v2\/comments?post=21754"}],"version-history":[{"count":0,"href":"https:\/\/vcp.de\/pfadfinden\/wp-json\/wp\/v2\/pages\/21754\/revisions"}],"up":[{"embeddable":true,"href":"https:\/\/vcp.de\/pfadfinden\/wp-json\/wp\/v2\/pages\/19608"}],"wp:featuredmedia":[{"embeddable":true,"href":"https:\/\/vcp.de\/pfadfinden\/wp-json\/wp\/v2\/media\/21077"}],"wp:attachment":[{"href":"https:\/\/vcp.de\/pfadfinden\/wp-json\/wp\/v2\/media?parent=21754"}],"curies":[{"name":"wp","href":"https:\/\/api.w.org\/{rel}","templated":true}]}}