{"id":21402,"date":"2021-04-19T11:21:52","date_gmt":"2021-04-19T09:21:52","guid":{"rendered":"https:\/\/www.vcp.de\/pfadfinden\/?page_id=21402"},"modified":"2024-09-14T17:43:47","modified_gmt":"2024-09-14T15:43:47","slug":"gruppenstunden","status":"publish","type":"page","link":"https:\/\/vcp.de\/pfadfinden\/superwahljahr\/gruppenstunden\/","title":{"rendered":"Gruppenstunden"},"content":{"rendered":"\n<h3 class=\"wp-block-heading\">Ihr seid auf der Suche nach spannenden Aktivit\u00e4ten rund um das Thema &#8222;Wahlen&#8220;? Dann seid ihr hier genau richtig! Auf dieser Seite stellen wir euch Methoden, Aktionen und Spielideen f\u00fcr (digitale) Gruppenstunden vor.<\/h3>\n\n\n<!-- TEST -->\n<figure class=\"wp-block-image\"><a href=\"https:\/\/www.vcp.de\/pfadfinden\/wp-content\/uploads\/2021\/03\/MicrosoftTeams-image-9.png\"><img loading=\"lazy\" decoding=\"async\" width=\"2165\" height=\"1251\" src=\"https:\/\/www.vcp.de\/pfadfinden\/wp-content\/uploads\/2021\/03\/MicrosoftTeams-image-9.png\" alt=\"\" class=\"wp-image-21378\" srcset=\"https:\/\/vcp.de\/pfadfinden\/wp-content\/uploads\/2021\/03\/MicrosoftTeams-image-9.png 2165w, https:\/\/vcp.de\/pfadfinden\/wp-content\/uploads\/2021\/03\/MicrosoftTeams-image-9-300x173.png 300w, https:\/\/vcp.de\/pfadfinden\/wp-content\/uploads\/2021\/03\/MicrosoftTeams-image-9-1024x592.png 1024w, https:\/\/vcp.de\/pfadfinden\/wp-content\/uploads\/2021\/03\/MicrosoftTeams-image-9-768x444.png 768w, https:\/\/vcp.de\/pfadfinden\/wp-content\/uploads\/2021\/03\/MicrosoftTeams-image-9-1536x888.png 1536w, https:\/\/vcp.de\/pfadfinden\/wp-content\/uploads\/2021\/03\/MicrosoftTeams-image-9-2048x1183.png 2048w\" sizes=\"auto, (max-width: 2165px) 100vw, 2165px\" \/><\/a><\/figure>\n\n\n\n<p>Ihr habt selbst tolle Ideen und m\u00f6chtet sie hier vorstellen? Dann schreibt uns an <a href=\"mailto:jugendpoltik@vcp.de\">jugendpolitik@vcp.de<\/a>!<\/p>\n\n\n\n<div class=\"wp-block-query is-layout-flow wp-block-query-is-layout-flow\"><ul class=\"wp-block-post-template is-layout-flow wp-block-post-template-is-layout-flow\"><li class=\"wp-block-post post-33349 post type-post status-publish format-standard has-post-thumbnail hentry category-auf-neuem-pfad category-gruppenstunden\">\n\n<div class=\"wp-block-columns is-layout-flex wp-container-core-columns-is-layout-9d6595d7 wp-block-columns-is-layout-flex\">\n<div class=\"wp-block-column is-layout-flow wp-block-column-is-layout-flow\" style=\"flex-basis:33.33%\"><figure style=\"aspect-ratio:1;width:200px;\" class=\"aligncenter wp-block-post-featured-image\"><a href=\"https:\/\/vcp.de\/pfadfinden\/auf-neuem-pfad\/gruppenstundenidee-interview-mit-der-bibel\/\" target=\"_self\"  ><img loading=\"lazy\" decoding=\"async\" width=\"2560\" height=\"1440\" src=\"https:\/\/vcp.de\/pfadfinden\/wp-content\/uploads\/2021\/09\/Gottesdienst-an-der-Kreuzwiese-scaled.jpg\" class=\"attachment-post-thumbnail size-post-thumbnail wp-post-image\" alt=\"Gruppenstundenidee: Interview mit der Bibel\" style=\"width:100%;height:100%;object-fit:cover;\" srcset=\"https:\/\/vcp.de\/pfadfinden\/wp-content\/uploads\/2021\/09\/Gottesdienst-an-der-Kreuzwiese-scaled.jpg 2560w, https:\/\/vcp.de\/pfadfinden\/wp-content\/uploads\/2021\/09\/Gottesdienst-an-der-Kreuzwiese-300x169.jpg 300w, https:\/\/vcp.de\/pfadfinden\/wp-content\/uploads\/2021\/09\/Gottesdienst-an-der-Kreuzwiese-1024x576.jpg 1024w, https:\/\/vcp.de\/pfadfinden\/wp-content\/uploads\/2021\/09\/Gottesdienst-an-der-Kreuzwiese-768x432.jpg 768w, https:\/\/vcp.de\/pfadfinden\/wp-content\/uploads\/2021\/09\/Gottesdienst-an-der-Kreuzwiese-1536x864.jpg 1536w, https:\/\/vcp.de\/pfadfinden\/wp-content\/uploads\/2021\/09\/Gottesdienst-an-der-Kreuzwiese-2048x1152.jpg 2048w\" sizes=\"auto, (max-width: 2560px) 100vw, 2560px\" \/><\/a><\/figure><\/div>\n\n\n\n<div class=\"wp-block-column is-layout-flow wp-block-column-is-layout-flow\" style=\"flex-basis:66.66%\"><h5 class=\"wp-block-post-title\"><a href=\"https:\/\/vcp.de\/pfadfinden\/auf-neuem-pfad\/gruppenstundenidee-interview-mit-der-bibel\/\" target=\"_self\" >Gruppenstundenidee: Interview mit der Bibel<\/a><\/h5>\n\n<div class=\"wp-block-post-excerpt\"><p class=\"wp-block-post-excerpt__excerpt\">Viele biblische Geschichten wurden m\u00fcndlich weitererz\u00e4hlt, bevor sie schlie\u00dflich aufgeschrieben worden sind. \u00c4hnlich wie beim Spiel \u201eStille Post\u201c ver\u00e4ndern sich&hellip;<\/p><p class=\"wp-block-post-excerpt__more-text\"><a class=\"wp-block-post-excerpt__more-link\" href=\"https:\/\/vcp.de\/pfadfinden\/auf-neuem-pfad\/gruppenstundenidee-interview-mit-der-bibel\/\">Weiterlesen<\/a><\/p><\/div><\/div>\n<\/div>\n\n\n\n<hr class=\"wp-block-separator has-alpha-channel-opacity\"\/>\n\n<\/li><li class=\"wp-block-post post-21394 post type-post status-publish format-standard has-post-thumbnail hentry category-gruppenstunden category-superwahljahr tag-vcpolitisch tag-jugendpolitik tag-superwahljahr\">\n\n<div class=\"wp-block-columns is-layout-flex wp-container-core-columns-is-layout-9d6595d7 wp-block-columns-is-layout-flex\">\n<div class=\"wp-block-column is-layout-flow wp-block-column-is-layout-flow\" style=\"flex-basis:33.33%\"><figure style=\"aspect-ratio:1;width:200px;\" class=\"aligncenter wp-block-post-featured-image\"><a href=\"https:\/\/vcp.de\/pfadfinden\/superwahljahr\/spielidee-politabu-politik-einfach-erklaert-entwurf\/\" target=\"_self\"  ><img loading=\"lazy\" decoding=\"async\" width=\"2165\" height=\"1251\" src=\"https:\/\/vcp.de\/pfadfinden\/wp-content\/uploads\/2021\/03\/MicrosoftTeams-image-9.png\" class=\"attachment-post-thumbnail size-post-thumbnail wp-post-image\" alt=\"Politabu &#8211; Politik einfach erkl\u00e4rt!\" style=\"width:100%;height:100%;object-fit:cover;\" srcset=\"https:\/\/vcp.de\/pfadfinden\/wp-content\/uploads\/2021\/03\/MicrosoftTeams-image-9.png 2165w, https:\/\/vcp.de\/pfadfinden\/wp-content\/uploads\/2021\/03\/MicrosoftTeams-image-9-300x173.png 300w, https:\/\/vcp.de\/pfadfinden\/wp-content\/uploads\/2021\/03\/MicrosoftTeams-image-9-1024x592.png 1024w, https:\/\/vcp.de\/pfadfinden\/wp-content\/uploads\/2021\/03\/MicrosoftTeams-image-9-768x444.png 768w, https:\/\/vcp.de\/pfadfinden\/wp-content\/uploads\/2021\/03\/MicrosoftTeams-image-9-1536x888.png 1536w, https:\/\/vcp.de\/pfadfinden\/wp-content\/uploads\/2021\/03\/MicrosoftTeams-image-9-2048x1183.png 2048w\" sizes=\"auto, (max-width: 2165px) 100vw, 2165px\" \/><\/a><\/figure><\/div>\n\n\n\n<div class=\"wp-block-column is-layout-flow wp-block-column-is-layout-flow\" style=\"flex-basis:66.66%\"><h5 class=\"wp-block-post-title\"><a href=\"https:\/\/vcp.de\/pfadfinden\/superwahljahr\/spielidee-politabu-politik-einfach-erklaert-entwurf\/\" target=\"_self\" >Politabu &#8211; Politik einfach erkl\u00e4rt!<\/a><\/h5>\n\n<div class=\"wp-block-post-excerpt\"><p class=\"wp-block-post-excerpt__excerpt\">Politik muss nicht langweilig oder kompliziert sein, sondern kann Spa\u00df machen. Am meisten Spa\u00df macht es dabei mit anderen Menschen&hellip;<\/p><p class=\"wp-block-post-excerpt__more-text\"><a class=\"wp-block-post-excerpt__more-link\" href=\"https:\/\/vcp.de\/pfadfinden\/superwahljahr\/spielidee-politabu-politik-einfach-erklaert-entwurf\/\">Weiterlesen<\/a><\/p><\/div><\/div>\n<\/div>\n\n\n\n<hr class=\"wp-block-separator has-alpha-channel-opacity\"\/>\n\n<\/li><li class=\"wp-block-post post-21430 post type-post status-publish format-standard has-post-thumbnail hentry category-gruppenstunden category-superwahljahr tag-gruppenstunden tag-jugendpolitik tag-superwahljahr\">\n\n<div class=\"wp-block-columns is-layout-flex wp-container-core-columns-is-layout-9d6595d7 wp-block-columns-is-layout-flex\">\n<div class=\"wp-block-column is-layout-flow wp-block-column-is-layout-flow\" style=\"flex-basis:33.33%\"><figure style=\"aspect-ratio:1;width:200px;\" class=\"aligncenter wp-block-post-featured-image\"><a href=\"https:\/\/vcp.de\/pfadfinden\/superwahljahr\/foto-challenge-zu-wahlplakaten\/\" target=\"_self\"  ><img loading=\"lazy\" decoding=\"async\" width=\"2165\" height=\"1251\" src=\"https:\/\/vcp.de\/pfadfinden\/wp-content\/uploads\/2021\/03\/MicrosoftTeams-image-9.png\" class=\"attachment-post-thumbnail size-post-thumbnail wp-post-image\" alt=\"Foto-Challenge zu Wahlplakaten\" style=\"width:100%;height:100%;object-fit:cover;\" srcset=\"https:\/\/vcp.de\/pfadfinden\/wp-content\/uploads\/2021\/03\/MicrosoftTeams-image-9.png 2165w, https:\/\/vcp.de\/pfadfinden\/wp-content\/uploads\/2021\/03\/MicrosoftTeams-image-9-300x173.png 300w, https:\/\/vcp.de\/pfadfinden\/wp-content\/uploads\/2021\/03\/MicrosoftTeams-image-9-1024x592.png 1024w, https:\/\/vcp.de\/pfadfinden\/wp-content\/uploads\/2021\/03\/MicrosoftTeams-image-9-768x444.png 768w, https:\/\/vcp.de\/pfadfinden\/wp-content\/uploads\/2021\/03\/MicrosoftTeams-image-9-1536x888.png 1536w, https:\/\/vcp.de\/pfadfinden\/wp-content\/uploads\/2021\/03\/MicrosoftTeams-image-9-2048x1183.png 2048w\" sizes=\"auto, (max-width: 2165px) 100vw, 2165px\" \/><\/a><\/figure><\/div>\n\n\n\n<div class=\"wp-block-column is-layout-flow wp-block-column-is-layout-flow\" style=\"flex-basis:66.66%\"><h5 class=\"wp-block-post-title\"><a href=\"https:\/\/vcp.de\/pfadfinden\/superwahljahr\/foto-challenge-zu-wahlplakaten\/\" target=\"_self\" >Foto-Challenge zu Wahlplakaten<\/a><\/h5>\n\n<div class=\"wp-block-post-excerpt\"><p class=\"wp-block-post-excerpt__excerpt\">Im Superwahljahr stellen sich Kandidat*innen und Parteien im Internet, auf (digitalen) Veranstaltungen und auch auf Plakaten in deiner Stadt vor.&hellip;<\/p><p class=\"wp-block-post-excerpt__more-text\"><a class=\"wp-block-post-excerpt__more-link\" href=\"https:\/\/vcp.de\/pfadfinden\/superwahljahr\/foto-challenge-zu-wahlplakaten\/\">Weiterlesen<\/a><\/p><\/div><\/div>\n<\/div>\n\n\n\n<hr class=\"wp-block-separator has-alpha-channel-opacity\"\/>\n\n<\/li><li class=\"wp-block-post post-21144 post type-post status-publish format-standard has-post-thumbnail hentry category-gruppenstunden category-superwahljahr tag-vcpolitisch tag-jugendpolitik tag-superwahljahr\">\n\n<div class=\"wp-block-columns is-layout-flex wp-container-core-columns-is-layout-9d6595d7 wp-block-columns-is-layout-flex\">\n<div class=\"wp-block-column is-layout-flow wp-block-column-is-layout-flow\" style=\"flex-basis:33.33%\"><figure style=\"aspect-ratio:1;width:200px;\" class=\"aligncenter wp-block-post-featured-image\"><a href=\"https:\/\/vcp.de\/pfadfinden\/superwahljahr\/sind-wir-nicht-alle-ein-bisschen-politisch\/\" target=\"_self\"  ><img loading=\"lazy\" decoding=\"async\" width=\"2165\" height=\"1251\" src=\"https:\/\/vcp.de\/pfadfinden\/wp-content\/uploads\/2021\/03\/MicrosoftTeams-image-9.png\" class=\"attachment-post-thumbnail size-post-thumbnail wp-post-image\" alt=\"Sind wir nicht alle ein bisschen politisch?\" style=\"width:100%;height:100%;object-fit:cover;\" srcset=\"https:\/\/vcp.de\/pfadfinden\/wp-content\/uploads\/2021\/03\/MicrosoftTeams-image-9.png 2165w, https:\/\/vcp.de\/pfadfinden\/wp-content\/uploads\/2021\/03\/MicrosoftTeams-image-9-300x173.png 300w, https:\/\/vcp.de\/pfadfinden\/wp-content\/uploads\/2021\/03\/MicrosoftTeams-image-9-1024x592.png 1024w, https:\/\/vcp.de\/pfadfinden\/wp-content\/uploads\/2021\/03\/MicrosoftTeams-image-9-768x444.png 768w, https:\/\/vcp.de\/pfadfinden\/wp-content\/uploads\/2021\/03\/MicrosoftTeams-image-9-1536x888.png 1536w, https:\/\/vcp.de\/pfadfinden\/wp-content\/uploads\/2021\/03\/MicrosoftTeams-image-9-2048x1183.png 2048w\" sizes=\"auto, (max-width: 2165px) 100vw, 2165px\" \/><\/a><\/figure><\/div>\n\n\n\n<div class=\"wp-block-column is-layout-flow wp-block-column-is-layout-flow\" style=\"flex-basis:66.66%\"><h5 class=\"wp-block-post-title\"><a href=\"https:\/\/vcp.de\/pfadfinden\/superwahljahr\/sind-wir-nicht-alle-ein-bisschen-politisch\/\" target=\"_self\" >Sind wir nicht alle ein bisschen politisch?<\/a><\/h5>\n\n<div class=\"wp-block-post-excerpt\"><p class=\"wp-block-post-excerpt__excerpt\">&#8222;Sind wir nicht alle ein bisschen politisch?&#8220; ist eine Spielidee abgeleitet vom Spiel&#8220; Alle, die&#8220; und kann den Teilnehmer*innen einen&hellip;<\/p><p class=\"wp-block-post-excerpt__more-text\"><a class=\"wp-block-post-excerpt__more-link\" href=\"https:\/\/vcp.de\/pfadfinden\/superwahljahr\/sind-wir-nicht-alle-ein-bisschen-politisch\/\">Weiterlesen<\/a><\/p><\/div><\/div>\n<\/div>\n\n\n\n<hr class=\"wp-block-separator has-alpha-channel-opacity\"\/>\n\n<\/li><li class=\"wp-block-post post-21142 post type-post status-publish format-standard has-post-thumbnail hentry category-gruppenstunden category-superwahljahr tag-vcpolitisch tag-gruppenstunden tag-jugendpolitik tag-superwahljahr\">\n\n<div class=\"wp-block-columns is-layout-flex wp-container-core-columns-is-layout-9d6595d7 wp-block-columns-is-layout-flex\">\n<div class=\"wp-block-column is-layout-flow wp-block-column-is-layout-flow\" style=\"flex-basis:33.33%\"><figure style=\"aspect-ratio:1;width:200px;\" class=\"aligncenter wp-block-post-featured-image\"><a href=\"https:\/\/vcp.de\/pfadfinden\/superwahljahr\/stadt-land-politik\/\" target=\"_self\"  ><img loading=\"lazy\" decoding=\"async\" width=\"2165\" height=\"1251\" src=\"https:\/\/vcp.de\/pfadfinden\/wp-content\/uploads\/2021\/03\/MicrosoftTeams-image-9.png\" class=\"attachment-post-thumbnail size-post-thumbnail wp-post-image\" alt=\"Spielidee: Stadt, Land, Politik\" style=\"width:100%;height:100%;object-fit:cover;\" srcset=\"https:\/\/vcp.de\/pfadfinden\/wp-content\/uploads\/2021\/03\/MicrosoftTeams-image-9.png 2165w, https:\/\/vcp.de\/pfadfinden\/wp-content\/uploads\/2021\/03\/MicrosoftTeams-image-9-300x173.png 300w, https:\/\/vcp.de\/pfadfinden\/wp-content\/uploads\/2021\/03\/MicrosoftTeams-image-9-1024x592.png 1024w, https:\/\/vcp.de\/pfadfinden\/wp-content\/uploads\/2021\/03\/MicrosoftTeams-image-9-768x444.png 768w, https:\/\/vcp.de\/pfadfinden\/wp-content\/uploads\/2021\/03\/MicrosoftTeams-image-9-1536x888.png 1536w, https:\/\/vcp.de\/pfadfinden\/wp-content\/uploads\/2021\/03\/MicrosoftTeams-image-9-2048x1183.png 2048w\" sizes=\"auto, (max-width: 2165px) 100vw, 2165px\" \/><\/a><\/figure><\/div>\n\n\n\n<div class=\"wp-block-column is-layout-flow wp-block-column-is-layout-flow\" style=\"flex-basis:66.66%\"><h5 class=\"wp-block-post-title\"><a href=\"https:\/\/vcp.de\/pfadfinden\/superwahljahr\/stadt-land-politik\/\" target=\"_self\" >Spielidee: Stadt, Land, Politik<\/a><\/h5>\n\n<div class=\"wp-block-post-excerpt\"><p class=\"wp-block-post-excerpt__excerpt\">&#8222;Stadt, Land, Politik&#8220; ist eine Variante des bekannten Spiels &#8222;Stadt, Land, Fluss&#8220; die sich gut f\u00fcr den Einstieg in das&hellip;<\/p><p class=\"wp-block-post-excerpt__more-text\"><a class=\"wp-block-post-excerpt__more-link\" href=\"https:\/\/vcp.de\/pfadfinden\/superwahljahr\/stadt-land-politik\/\">Weiterlesen<\/a><\/p><\/div><\/div>\n<\/div>\n\n\n\n<hr class=\"wp-block-separator has-alpha-channel-opacity\"\/>\n\n<\/li><li class=\"wp-block-post post-20323 post type-post status-publish format-standard has-post-thumbnail hentry category-gruppenstunden category-superwahljahr tag-vcpolitisch tag-jugendpolitik tag-superwahljahr\">\n\n<div class=\"wp-block-columns is-layout-flex wp-container-core-columns-is-layout-9d6595d7 wp-block-columns-is-layout-flex\">\n<div class=\"wp-block-column is-layout-flow wp-block-column-is-layout-flow\" style=\"flex-basis:33.33%\"><figure style=\"aspect-ratio:1;width:200px;\" class=\"aligncenter wp-block-post-featured-image\"><a href=\"https:\/\/vcp.de\/pfadfinden\/superwahljahr\/buchstabenschlange-demokratie-und-was-bedeutet-das-fuer-mich\/\" target=\"_self\"  ><img loading=\"lazy\" decoding=\"async\" width=\"2165\" height=\"1251\" src=\"https:\/\/vcp.de\/pfadfinden\/wp-content\/uploads\/2021\/03\/MicrosoftTeams-image-9.png\" class=\"attachment-post-thumbnail size-post-thumbnail wp-post-image\" alt=\"Buchstabenschlange: Demokratie und ich!\" style=\"width:100%;height:100%;object-fit:cover;\" srcset=\"https:\/\/vcp.de\/pfadfinden\/wp-content\/uploads\/2021\/03\/MicrosoftTeams-image-9.png 2165w, https:\/\/vcp.de\/pfadfinden\/wp-content\/uploads\/2021\/03\/MicrosoftTeams-image-9-300x173.png 300w, https:\/\/vcp.de\/pfadfinden\/wp-content\/uploads\/2021\/03\/MicrosoftTeams-image-9-1024x592.png 1024w, https:\/\/vcp.de\/pfadfinden\/wp-content\/uploads\/2021\/03\/MicrosoftTeams-image-9-768x444.png 768w, https:\/\/vcp.de\/pfadfinden\/wp-content\/uploads\/2021\/03\/MicrosoftTeams-image-9-1536x888.png 1536w, https:\/\/vcp.de\/pfadfinden\/wp-content\/uploads\/2021\/03\/MicrosoftTeams-image-9-2048x1183.png 2048w\" sizes=\"auto, (max-width: 2165px) 100vw, 2165px\" \/><\/a><\/figure><\/div>\n\n\n\n<div class=\"wp-block-column is-layout-flow wp-block-column-is-layout-flow\" style=\"flex-basis:66.66%\"><h5 class=\"wp-block-post-title\"><a href=\"https:\/\/vcp.de\/pfadfinden\/superwahljahr\/buchstabenschlange-demokratie-und-was-bedeutet-das-fuer-mich\/\" target=\"_self\" >Buchstabenschlange: Demokratie und ich!<\/a><\/h5>\n\n<div class=\"wp-block-post-excerpt\"><p class=\"wp-block-post-excerpt__excerpt\">\u201eWir leben in einer Demokratie.\u201c Diesen Ausdruck h\u00f6ren wir oft in den Nachrichten. Doch Demokratie hat findet in ganz unterschiedlichen&hellip;<\/p><p class=\"wp-block-post-excerpt__more-text\"><a class=\"wp-block-post-excerpt__more-link\" href=\"https:\/\/vcp.de\/pfadfinden\/superwahljahr\/buchstabenschlange-demokratie-und-was-bedeutet-das-fuer-mich\/\">Weiterlesen<\/a><\/p><\/div><\/div>\n<\/div>\n\n\n\n<hr class=\"wp-block-separator has-alpha-channel-opacity\"\/>\n\n<\/li><li class=\"wp-block-post post-20305 post type-post status-publish format-standard has-post-thumbnail hentry category-gruppenstunden category-superwahljahr tag-vcpolitisch tag-jugendpolitik tag-superwahljahr\">\n\n<div class=\"wp-block-columns is-layout-flex wp-container-core-columns-is-layout-9d6595d7 wp-block-columns-is-layout-flex\">\n<div class=\"wp-block-column is-layout-flow wp-block-column-is-layout-flow\" style=\"flex-basis:33.33%\"><figure style=\"aspect-ratio:1;width:200px;\" class=\"aligncenter wp-block-post-featured-image\"><a href=\"https:\/\/vcp.de\/pfadfinden\/superwahljahr\/schwedenraetsel-findet-das-parlament\/\" target=\"_self\"  ><img loading=\"lazy\" decoding=\"async\" width=\"2165\" height=\"1251\" src=\"https:\/\/vcp.de\/pfadfinden\/wp-content\/uploads\/2021\/03\/MicrosoftTeams-image-9.png\" class=\"attachment-post-thumbnail size-post-thumbnail wp-post-image\" alt=\"R\u00e4tselzeit: Parlamente und Demokratie\" style=\"width:100%;height:100%;object-fit:cover;\" srcset=\"https:\/\/vcp.de\/pfadfinden\/wp-content\/uploads\/2021\/03\/MicrosoftTeams-image-9.png 2165w, https:\/\/vcp.de\/pfadfinden\/wp-content\/uploads\/2021\/03\/MicrosoftTeams-image-9-300x173.png 300w, https:\/\/vcp.de\/pfadfinden\/wp-content\/uploads\/2021\/03\/MicrosoftTeams-image-9-1024x592.png 1024w, https:\/\/vcp.de\/pfadfinden\/wp-content\/uploads\/2021\/03\/MicrosoftTeams-image-9-768x444.png 768w, https:\/\/vcp.de\/pfadfinden\/wp-content\/uploads\/2021\/03\/MicrosoftTeams-image-9-1536x888.png 1536w, https:\/\/vcp.de\/pfadfinden\/wp-content\/uploads\/2021\/03\/MicrosoftTeams-image-9-2048x1183.png 2048w\" sizes=\"auto, (max-width: 2165px) 100vw, 2165px\" \/><\/a><\/figure><\/div>\n\n\n\n<div class=\"wp-block-column is-layout-flow wp-block-column-is-layout-flow\" style=\"flex-basis:66.66%\"><h5 class=\"wp-block-post-title\"><a href=\"https:\/\/vcp.de\/pfadfinden\/superwahljahr\/schwedenraetsel-findet-das-parlament\/\" target=\"_self\" >R\u00e4tselzeit: Parlamente und Demokratie<\/a><\/h5>\n\n<div class=\"wp-block-post-excerpt\"><p class=\"wp-block-post-excerpt__excerpt\">In diesem Jahr stehen viele Wahlen an: Landtagswahlen, Kommunal- und Gemeindewahlen und die Bundestagswahl. Wir w\u00e4hlen also f\u00fcr ganz unterschiedliche&hellip;<\/p><p class=\"wp-block-post-excerpt__more-text\"><a class=\"wp-block-post-excerpt__more-link\" href=\"https:\/\/vcp.de\/pfadfinden\/superwahljahr\/schwedenraetsel-findet-das-parlament\/\">Weiterlesen<\/a><\/p><\/div><\/div>\n<\/div>\n\n\n\n<hr class=\"wp-block-separator has-alpha-channel-opacity\"\/>\n\n<\/li><\/ul>\n\n\n\n<\/div>\n","protected":false},"excerpt":{"rendered":"<p>Ihr seid auf der Suche nach spannenden Aktivit\u00e4ten rund um das Thema &#8222;Wahlen&#8220;? Dann seid ihr hier genau richtig! Auf dieser Seite stellen wir euch Methoden, Aktionen und Spielideen f\u00fcr (digitale) Gruppenstunden vor. Ihr habt selbst tolle Ideen und m\u00f6chtet sie hier vorstellen? Dann schreibt uns an jugendpolitik@vcp.de!<\/p>\n","protected":false},"author":3,"featured_media":21378,"parent":20284,"menu_order":0,"comment_status":"closed","ping_status":"closed","template":"","meta":{"_acf_changed":false,"inline_featured_image":false,"footnotes":""},"class_list":["post-21402","page","type-page","status-publish","has-post-thumbnail","hentry"],"acf":[],"_links":{"self":[{"href":"https:\/\/vcp.de\/pfadfinden\/wp-json\/wp\/v2\/pages\/21402","targetHints":{"allow":["GET"]}}],"collection":[{"href":"https:\/\/vcp.de\/pfadfinden\/wp-json\/wp\/v2\/pages"}],"about":[{"href":"https:\/\/vcp.de\/pfadfinden\/wp-json\/wp\/v2\/types\/page"}],"author":[{"embeddable":true,"href":"https:\/\/vcp.de\/pfadfinden\/wp-json\/wp\/v2\/users\/3"}],"replies":[{"embeddable":true,"href":"https:\/\/vcp.de\/pfadfinden\/wp-json\/wp\/v2\/comments?post=21402"}],"version-history":[{"count":1,"href":"https:\/\/vcp.de\/pfadfinden\/wp-json\/wp\/v2\/pages\/21402\/revisions"}],"predecessor-version":[{"id":36966,"href":"https:\/\/vcp.de\/pfadfinden\/wp-json\/wp\/v2\/pages\/21402\/revisions\/36966"}],"up":[{"embeddable":true,"href":"https:\/\/vcp.de\/pfadfinden\/wp-json\/wp\/v2\/pages\/20284"}],"wp:featuredmedia":[{"embeddable":true,"href":"https:\/\/vcp.de\/pfadfinden\/wp-json\/wp\/v2\/media\/21378"}],"wp:attachment":[{"href":"https:\/\/vcp.de\/pfadfinden\/wp-json\/wp\/v2\/media?parent=21402"}],"curies":[{"name":"wp","href":"https:\/\/api.w.org\/{rel}","templated":true}]}}