{"id":20414,"date":"2021-02-16T15:18:34","date_gmt":"2021-02-16T14:18:34","guid":{"rendered":"https:\/\/www.vcp.de\/pfadfinden\/?page_id=20414"},"modified":"2024-09-14T17:38:23","modified_gmt":"2024-09-14T15:38:23","slug":"grossspiel","status":"publish","type":"page","link":"https:\/\/vcp.de\/pfadfinden\/pfadisbleiben\/grossspiel\/","title":{"rendered":"Die Abenteuer von Cheevuap"},"content":{"rendered":"<!-- TEST -->\n<figure class=\"wp-block-image aligncenter\"><a href=\"https:\/\/www.vcp.de\/pfadfinden\/wp-content\/uploads\/2021\/03\/2103_dAvC_Final_60mm_Text.png\"><img loading=\"lazy\" decoding=\"async\" width=\"300\" height=\"275\" src=\"https:\/\/www.vcp.de\/pfadfinden\/wp-content\/uploads\/2021\/03\/2103_dAvC_Final_60mm_Text-300x275.png\" alt=\"\" class=\"wp-image-21050\" srcset=\"https:\/\/vcp.de\/pfadfinden\/wp-content\/uploads\/2021\/03\/2103_dAvC_Final_60mm_Text-300x275.png 300w, https:\/\/vcp.de\/pfadfinden\/wp-content\/uploads\/2021\/03\/2103_dAvC_Final_60mm_Text-768x704.png 768w, https:\/\/vcp.de\/pfadfinden\/wp-content\/uploads\/2021\/03\/2103_dAvC_Final_60mm_Text.png 854w\" sizes=\"auto, (max-width: 300px) 100vw, 300px\" \/><\/a><\/figure>\n\n\n\n<p>Im fernen Land&nbsp;Cheevuap&nbsp;sind die Elemente durcheinandergeraten. Eure&nbsp;Zaubergilde&nbsp;steht vor einem R\u00e4tsel. Was k\u00f6nnt ihr tun, um die Welt wieder ins Gleichgewicht zu bringen?<br>Im Mai und Juni&nbsp;stehen&nbsp;unsere Chancen&nbsp;vielleicht nicht schlecht, uns wieder in Kleingruppen treffen zu d\u00fcrfen. Dann k\u00f6nnt ihr&nbsp;in euren Gruppenstunden&nbsp;mitspielen&nbsp;und&nbsp;mehrere Wochen&nbsp;lang&nbsp;R\u00e4tsel&nbsp;l\u00f6sen, kreativ werden, mit anderen Gruppen zusammenarbeiten und&nbsp;die Elemente wieder ins Lot bringen.<\/p>\n\n\n\n<p>Zeitraum: Anfang Mai bis Ende Juni, alle zwei Wochen in eurer Gruppenstunde<\/p>\n\n\n\n<p><strong>&#8230; und das Gro\u00dfspiel l\u00e4uft: <\/strong><a href=\"https:\/\/cheevuap.wordpress.com\/\"><strong>Hier gibt es aktuelle Infos aus Cheevuap<\/strong><\/a><\/p>\n\n\n\n<p>Kontakt: <a href=\"mailto:cheevuap@vcp.de\">cheevuap@vcp.de<\/a>\u200b<\/p>\n\n\n\n<div class=\"wp-block-query is-layout-flow wp-block-query-is-layout-flow\"><ul class=\"wp-block-post-template is-layout-flow wp-block-post-template-is-layout-flow\"><li class=\"wp-block-post post-21294 post type-post status-publish format-standard has-post-thumbnail hentry category-grossspiel\">\n\n<div class=\"wp-block-columns is-layout-flex wp-container-core-columns-is-layout-9d6595d7 wp-block-columns-is-layout-flex\">\n<div class=\"wp-block-column is-layout-flow wp-block-column-is-layout-flow\" style=\"flex-basis:33.33%\"><figure style=\"aspect-ratio:1;width:200px;\" class=\"aligncenter wp-block-post-featured-image\"><a href=\"https:\/\/vcp.de\/pfadfinden\/pfadisbleiben\/grossspiel\/informationen-fuer-gruppenleitungen\/\" target=\"_self\"  ><img loading=\"lazy\" decoding=\"async\" width=\"1080\" height=\"1080\" src=\"https:\/\/vcp.de\/pfadfinden\/wp-content\/uploads\/2021\/04\/Beitragsbild-Blog-Cheevuap-08.04..png\" class=\"attachment-post-thumbnail size-post-thumbnail wp-post-image\" alt=\"Informationen f\u00fcr Gruppenleitungen\" style=\"width:100%;height:100%;object-fit:cover;\" srcset=\"https:\/\/vcp.de\/pfadfinden\/wp-content\/uploads\/2021\/04\/Beitragsbild-Blog-Cheevuap-08.04..png 1080w, https:\/\/vcp.de\/pfadfinden\/wp-content\/uploads\/2021\/04\/Beitragsbild-Blog-Cheevuap-08.04.-300x300.png 300w, https:\/\/vcp.de\/pfadfinden\/wp-content\/uploads\/2021\/04\/Beitragsbild-Blog-Cheevuap-08.04.-1024x1024.png 1024w, https:\/\/vcp.de\/pfadfinden\/wp-content\/uploads\/2021\/04\/Beitragsbild-Blog-Cheevuap-08.04.-150x150.png 150w, https:\/\/vcp.de\/pfadfinden\/wp-content\/uploads\/2021\/04\/Beitragsbild-Blog-Cheevuap-08.04.-768x768.png 768w, https:\/\/vcp.de\/pfadfinden\/wp-content\/uploads\/2021\/04\/Beitragsbild-Blog-Cheevuap-08.04.-45x45.png 45w\" sizes=\"auto, (max-width: 1080px) 100vw, 1080px\" \/><\/a><\/figure><\/div>\n\n\n\n<div class=\"wp-block-column is-layout-flow wp-block-column-is-layout-flow\" style=\"flex-basis:66.66%\"><h5 class=\"wp-block-post-title\"><a href=\"https:\/\/vcp.de\/pfadfinden\/pfadisbleiben\/grossspiel\/informationen-fuer-gruppenleitungen\/\" target=\"_self\" >Informationen f\u00fcr Gruppenleitungen<\/a><\/h5>\n\n<div class=\"wp-block-post-excerpt\"><p class=\"wp-block-post-excerpt__excerpt\">Kommt nach Cheevuap, dem Land in dem Magie und Wunder noch Wirklichkeit sind! Gemeinsam werden wir es schaffen die Elemente&hellip;<\/p><p class=\"wp-block-post-excerpt__more-text\"><a class=\"wp-block-post-excerpt__more-link\" href=\"https:\/\/vcp.de\/pfadfinden\/pfadisbleiben\/grossspiel\/informationen-fuer-gruppenleitungen\/\">Weiterlesen<\/a><\/p><\/div><\/div>\n<\/div>\n\n\n\n<hr class=\"wp-block-separator has-alpha-channel-opacity\"\/>\n\n<\/li><li class=\"wp-block-post post-21271 post type-post status-publish format-standard has-post-thumbnail hentry category-grossspiel\">\n\n<div class=\"wp-block-columns is-layout-flex wp-container-core-columns-is-layout-9d6595d7 wp-block-columns-is-layout-flex\">\n<div class=\"wp-block-column is-layout-flow wp-block-column-is-layout-flow\" style=\"flex-basis:33.33%\"><figure style=\"aspect-ratio:1;width:200px;\" class=\"aligncenter wp-block-post-featured-image\"><a href=\"https:\/\/vcp.de\/pfadfinden\/pfadisbleiben\/grossspiel\/meldet-euch-jetzt-zum-grossspiel-an\/\" target=\"_self\"  ><img loading=\"lazy\" decoding=\"async\" width=\"1080\" height=\"1080\" src=\"https:\/\/vcp.de\/pfadfinden\/wp-content\/uploads\/2021\/04\/Beitragsbild-Blog-Cheevuap-08.04..png\" class=\"attachment-post-thumbnail size-post-thumbnail wp-post-image\" alt=\"Meldet euch jetzt zum Gro\u00dfspiel an!\" style=\"width:100%;height:100%;object-fit:cover;\" srcset=\"https:\/\/vcp.de\/pfadfinden\/wp-content\/uploads\/2021\/04\/Beitragsbild-Blog-Cheevuap-08.04..png 1080w, https:\/\/vcp.de\/pfadfinden\/wp-content\/uploads\/2021\/04\/Beitragsbild-Blog-Cheevuap-08.04.-300x300.png 300w, https:\/\/vcp.de\/pfadfinden\/wp-content\/uploads\/2021\/04\/Beitragsbild-Blog-Cheevuap-08.04.-1024x1024.png 1024w, https:\/\/vcp.de\/pfadfinden\/wp-content\/uploads\/2021\/04\/Beitragsbild-Blog-Cheevuap-08.04.-150x150.png 150w, https:\/\/vcp.de\/pfadfinden\/wp-content\/uploads\/2021\/04\/Beitragsbild-Blog-Cheevuap-08.04.-768x768.png 768w, https:\/\/vcp.de\/pfadfinden\/wp-content\/uploads\/2021\/04\/Beitragsbild-Blog-Cheevuap-08.04.-45x45.png 45w\" sizes=\"auto, (max-width: 1080px) 100vw, 1080px\" \/><\/a><\/figure><\/div>\n\n\n\n<div class=\"wp-block-column is-layout-flow wp-block-column-is-layout-flow\" style=\"flex-basis:66.66%\"><h5 class=\"wp-block-post-title\"><a href=\"https:\/\/vcp.de\/pfadfinden\/pfadisbleiben\/grossspiel\/meldet-euch-jetzt-zum-grossspiel-an\/\" target=\"_self\" >Meldet euch jetzt zum Gro\u00dfspiel an!<\/a><\/h5>\n\n<div class=\"wp-block-post-excerpt\"><p class=\"wp-block-post-excerpt__excerpt\">Worum geht es? Die Abenteuer von Cheevuap ist ein Fantasy-Gro\u00dfspiel. Als Teil einer Zaubergilde gilt es R\u00e4tsel zu l\u00f6sen und&hellip;<\/p><p class=\"wp-block-post-excerpt__more-text\"><a class=\"wp-block-post-excerpt__more-link\" href=\"https:\/\/vcp.de\/pfadfinden\/pfadisbleiben\/grossspiel\/meldet-euch-jetzt-zum-grossspiel-an\/\">Weiterlesen<\/a><\/p><\/div><\/div>\n<\/div>\n\n\n\n<hr class=\"wp-block-separator has-alpha-channel-opacity\"\/>\n\n<\/li><\/ul>\n\n\n\n<\/div>\n\n\n<p>[rpwe limit=&#8220;50&#8243; cat=&#8220;429&#8243; date=&#8220;0&#8243; thumb=&#8220;1&#8243; thumb_height=&#8220;80&#8243; thumb_width=&#8220;80&#8243; excerpt=&#8220;true&#8220; length=&#8220;30&#8243; readmore=&#8220;true&#8220; readmore_text=&#8220;weiterlesen \u00bb&#8220;]<\/p>\n","protected":false},"excerpt":{"rendered":"<p>Im fernen Land&nbsp;Cheevuap&nbsp;sind die Elemente durcheinandergeraten. Eure&nbsp;Zaubergilde&nbsp;steht vor einem R\u00e4tsel. Was k\u00f6nnt ihr tun, um die Welt wieder ins Gleichgewicht zu bringen?Im Mai und Juni&nbsp;stehen&nbsp;unsere Chancen&nbsp;vielleicht nicht schlecht, uns wieder in Kleingruppen treffen zu d\u00fcrfen. Dann k\u00f6nnt ihr&nbsp;in euren Gruppenstunden&nbsp;mitspielen&nbsp;und&nbsp;mehrere Wochen&nbsp;lang&nbsp;R\u00e4tsel&nbsp;l\u00f6sen, kreativ werden, mit anderen Gruppen zusammenarbeiten und&nbsp;die Elemente wieder ins Lot bringen. Zeitraum: Anfang [&hellip;]<\/p>\n","protected":false},"author":3,"featured_media":20745,"parent":20409,"menu_order":0,"comment_status":"closed","ping_status":"closed","template":"","meta":{"_acf_changed":false,"inline_featured_image":false,"footnotes":""},"class_list":["post-20414","page","type-page","status-publish","has-post-thumbnail","hentry"],"acf":[],"_links":{"self":[{"href":"https:\/\/vcp.de\/pfadfinden\/wp-json\/wp\/v2\/pages\/20414","targetHints":{"allow":["GET"]}}],"collection":[{"href":"https:\/\/vcp.de\/pfadfinden\/wp-json\/wp\/v2\/pages"}],"about":[{"href":"https:\/\/vcp.de\/pfadfinden\/wp-json\/wp\/v2\/types\/page"}],"author":[{"embeddable":true,"href":"https:\/\/vcp.de\/pfadfinden\/wp-json\/wp\/v2\/users\/3"}],"replies":[{"embeddable":true,"href":"https:\/\/vcp.de\/pfadfinden\/wp-json\/wp\/v2\/comments?post=20414"}],"version-history":[{"count":1,"href":"https:\/\/vcp.de\/pfadfinden\/wp-json\/wp\/v2\/pages\/20414\/revisions"}],"predecessor-version":[{"id":36962,"href":"https:\/\/vcp.de\/pfadfinden\/wp-json\/wp\/v2\/pages\/20414\/revisions\/36962"}],"up":[{"embeddable":true,"href":"https:\/\/vcp.de\/pfadfinden\/wp-json\/wp\/v2\/pages\/20409"}],"wp:featuredmedia":[{"embeddable":true,"href":"https:\/\/vcp.de\/pfadfinden\/wp-json\/wp\/v2\/media\/20745"}],"wp:attachment":[{"href":"https:\/\/vcp.de\/pfadfinden\/wp-json\/wp\/v2\/media?parent=20414"}],"curies":[{"name":"wp","href":"https:\/\/api.w.org\/{rel}","templated":true}]}}