{"id":20409,"date":"2021-02-16T14:47:30","date_gmt":"2021-02-16T13:47:30","guid":{"rendered":"https:\/\/www.vcp.de\/pfadfinden\/?page_id=20409"},"modified":"2024-09-14T17:37:01","modified_gmt":"2024-09-14T15:37:01","slug":"pfadisbleiben","status":"publish","type":"page","link":"https:\/\/vcp.de\/pfadfinden\/pfadisbleiben\/","title":{"rendered":"pfadisbleiben"},"content":{"rendered":"<!-- TEST -->\n<figure class=\"wp-block-image\"><a href=\"https:\/\/www.vcp.de\/pfadfinden\/wp-content\/uploads\/2021\/02\/pfadisbleiben_logo.png\"><img loading=\"lazy\" decoding=\"async\" width=\"300\" height=\"225\" src=\"https:\/\/www.vcp.de\/pfadfinden\/wp-content\/uploads\/2021\/02\/pfadisbleiben_logo-300x225.png\" alt=\"\" class=\"wp-image-20488\" srcset=\"https:\/\/vcp.de\/pfadfinden\/wp-content\/uploads\/2021\/02\/pfadisbleiben_logo-300x225.png 300w, https:\/\/vcp.de\/pfadfinden\/wp-content\/uploads\/2021\/02\/pfadisbleiben_logo-1024x768.png 1024w, https:\/\/vcp.de\/pfadfinden\/wp-content\/uploads\/2021\/02\/pfadisbleiben_logo-768x576.png 768w, https:\/\/vcp.de\/pfadfinden\/wp-content\/uploads\/2021\/02\/pfadisbleiben_logo-1536x1152.png 1536w, https:\/\/vcp.de\/pfadfinden\/wp-content\/uploads\/2021\/02\/pfadisbleiben_logo-2048x1536.png 2048w\" sizes=\"auto, (max-width: 300px) 100vw, 300px\" \/><\/a><\/figure>\n\n\n\n<p><strong>Was ist #pfadisbleiben?<\/strong><\/p>\n\n\n\n<p>#pfadisbleiben ist ein Projekt mit dem Ziel, Pfadfinden auch w\u00e4hrend der Corona-Pandemie m\u00f6glich zu machen. Im letzten Jahr mussten wir uns in vielen Bereichen unseres Lebens einschr\u00e4nken und auf Vieles verzichten. Das beinhaltet auch die Pfadfinderei. Die meisten Fahrten mussten abgesagt werden, auch Gruppenstunden konnten nur in einem begrenzten Rahmen stattfinden. Urspr\u00fcnglich hatten viele noch die Hoffnung, dass das Ganze schnell vorbei sein w\u00fcrde und wir dieses Jahr wieder in unseren Alltag zur\u00fcckkehren k\u00f6nnten. Dem ist allerdings nicht so, eine schnelle R\u00fcckkehr zur Normalit\u00e4t scheint noch nicht in Sicht zu sein.<br>Das Sch\u00f6ne am Pfadfinden ist allerdings, dass man keine Riesengruppen oder weite Fahrten braucht. W\u00e4hrend sowas zwar klasse ist, kann man auch alleine oder mit ein paar Freund*innen, direkt vor der eigenen Haust\u00fcr, Pfadfinder*in sein. Und genau das wollen wir bei #pfadisbleiben machen.<br>Momentan planen wir mehrere Aktionen, zum Beispiel ein Gro\u00dfspiel und einen Hajk, die im Laufe der n\u00e4chsten Monate starten sollen. Im Rahmen der dann geltenden Corona-Regeln k\u00f6nnt ihr alleine oder in kleinen Gruppen mitmachen und eure Ergebnisse danach online mit anderen teilen. So k\u00f6nnt ihr auch w\u00e4hrend der Pandemie mit Pfadfinder*innen in ganz Deutschland in Kontakt kommen und auf ein gemeinsames Ziel hinarbeiten.<br>Genaueres \u00fcber die einzelnen Projekte erfahrt ihr auf dieser Website und alle noch ungekl\u00e4rten Fragen beantworten wir euch gern per E-Mail unter <a href=\"mailto:pfadisbleiben@vcp.de\">pfadisbleiben@vcp.de<\/a>.<br>Gut Pfad und bleibt gesund!<\/p>\n\n\n\n<p>euer #pfadisbleiben-Team<\/p>\n\n\n\n<div class=\"wp-block-query is-layout-flow wp-block-query-is-layout-flow\"><ul class=\"wp-block-post-template is-layout-flow wp-block-post-template-is-layout-flow\"><li class=\"wp-block-post post-21897 post type-post status-publish format-standard has-post-thumbnail hentry category-hajk category-pfadisbleiben tag-hajk\">\n\n<div class=\"wp-block-columns is-layout-flex wp-container-core-columns-is-layout-9d6595d7 wp-block-columns-is-layout-flex\">\n<div class=\"wp-block-column is-layout-flow wp-block-column-is-layout-flow\" style=\"flex-basis:33.33%\"><figure style=\"aspect-ratio:1;width:200px;\" class=\"aligncenter wp-block-post-featured-image\"><a href=\"https:\/\/vcp.de\/pfadfinden\/pfadisbleiben\/in-80-tagen-um-die-welt-jetzt-zur-bundesweiten-hajk-aktion-anmelden\/\" target=\"_self\"  ><img loading=\"lazy\" decoding=\"async\" width=\"1748\" height=\"1240\" src=\"https:\/\/vcp.de\/pfadfinden\/wp-content\/uploads\/2021\/06\/20210330_222249_0000.png\" class=\"attachment-post-thumbnail size-post-thumbnail wp-post-image\" alt=\"In 80 Tagen um die Welt: Jetzt zur bundesweiten Hajk-Aktion anmelden\" style=\"width:100%;height:100%;object-fit:cover;\" srcset=\"https:\/\/vcp.de\/pfadfinden\/wp-content\/uploads\/2021\/06\/20210330_222249_0000.png 1748w, https:\/\/vcp.de\/pfadfinden\/wp-content\/uploads\/2021\/06\/20210330_222249_0000-300x213.png 300w, https:\/\/vcp.de\/pfadfinden\/wp-content\/uploads\/2021\/06\/20210330_222249_0000-1024x726.png 1024w, https:\/\/vcp.de\/pfadfinden\/wp-content\/uploads\/2021\/06\/20210330_222249_0000-768x545.png 768w, https:\/\/vcp.de\/pfadfinden\/wp-content\/uploads\/2021\/06\/20210330_222249_0000-1536x1090.png 1536w\" sizes=\"auto, (max-width: 1748px) 100vw, 1748px\" \/><\/a><\/figure><\/div>\n\n\n\n<div class=\"wp-block-column is-layout-flow wp-block-column-is-layout-flow\" style=\"flex-basis:66.66%\"><h5 class=\"wp-block-post-title\"><a href=\"https:\/\/vcp.de\/pfadfinden\/pfadisbleiben\/in-80-tagen-um-die-welt-jetzt-zur-bundesweiten-hajk-aktion-anmelden\/\" target=\"_self\" >In 80 Tagen um die Welt: Jetzt zur bundesweiten Hajk-Aktion anmelden<\/a><\/h5>\n\n<div class=\"wp-block-post-excerpt\"><p class=\"wp-block-post-excerpt__excerpt\">Einmal um die Welt laufen bzw. den Ozean durchschwimmen Hajk-Aktion vom 24.06.2021 bis 12.09.2021 Insgesamt wollen wir als Verband innerhalb&hellip;<\/p><p class=\"wp-block-post-excerpt__more-text\"><a class=\"wp-block-post-excerpt__more-link\" href=\"https:\/\/vcp.de\/pfadfinden\/pfadisbleiben\/in-80-tagen-um-die-welt-jetzt-zur-bundesweiten-hajk-aktion-anmelden\/\">Weiterlesen<\/a><\/p><\/div><\/div>\n<\/div>\n\n\n\n<hr class=\"wp-block-separator has-alpha-channel-opacity\"\/>\n\n<\/li><li class=\"wp-block-post post-20743 post type-post status-publish format-standard has-post-thumbnail hentry category-pfadisbleiben\">\n\n<div class=\"wp-block-columns is-layout-flex wp-container-core-columns-is-layout-9d6595d7 wp-block-columns-is-layout-flex\">\n<div class=\"wp-block-column is-layout-flow wp-block-column-is-layout-flow\" style=\"flex-basis:33.33%\"><figure style=\"aspect-ratio:1;width:200px;\" class=\"aligncenter wp-block-post-featured-image\"><a href=\"https:\/\/vcp.de\/pfadfinden\/pfadisbleiben\/mit-pfadisbleiben-in-euren-pfadisommer\/\" target=\"_self\"  ><img loading=\"lazy\" decoding=\"async\" width=\"2560\" height=\"1920\" src=\"https:\/\/vcp.de\/pfadfinden\/wp-content\/uploads\/2021\/03\/pfadisbleiben_logo-scaled.jpg\" class=\"attachment-post-thumbnail size-post-thumbnail wp-post-image\" alt=\"Mit #pfadisbleiben in euren Pfadisommer\" style=\"width:100%;height:100%;object-fit:cover;\" srcset=\"https:\/\/vcp.de\/pfadfinden\/wp-content\/uploads\/2021\/03\/pfadisbleiben_logo-scaled.jpg 2560w, https:\/\/vcp.de\/pfadfinden\/wp-content\/uploads\/2021\/03\/pfadisbleiben_logo-300x225.jpg 300w, https:\/\/vcp.de\/pfadfinden\/wp-content\/uploads\/2021\/03\/pfadisbleiben_logo-1024x768.jpg 1024w, https:\/\/vcp.de\/pfadfinden\/wp-content\/uploads\/2021\/03\/pfadisbleiben_logo-768x576.jpg 768w, https:\/\/vcp.de\/pfadfinden\/wp-content\/uploads\/2021\/03\/pfadisbleiben_logo-1536x1152.jpg 1536w, https:\/\/vcp.de\/pfadfinden\/wp-content\/uploads\/2021\/03\/pfadisbleiben_logo-2048x1536.jpg 2048w\" sizes=\"auto, (max-width: 2560px) 100vw, 2560px\" \/><\/a><\/figure><\/div>\n\n\n\n<div class=\"wp-block-column is-layout-flow wp-block-column-is-layout-flow\" style=\"flex-basis:66.66%\"><h5 class=\"wp-block-post-title\"><a href=\"https:\/\/vcp.de\/pfadfinden\/pfadisbleiben\/mit-pfadisbleiben-in-euren-pfadisommer\/\" target=\"_self\" >Mit #pfadisbleiben in euren Pfadisommer<\/a><\/h5>\n\n<div class=\"wp-block-post-excerpt\"><p class=\"wp-block-post-excerpt__excerpt\">Lockdown, Kontaktbeschr\u00e4nkungen, abgesagte Veranstaltungen \u2013 das k\u00f6nnt ihr doch wahrscheinlich auch schon nicht mehr h\u00f6ren\u2026 Nehmt stattdessen das Ruder wieder&hellip;<\/p><p class=\"wp-block-post-excerpt__more-text\"><a class=\"wp-block-post-excerpt__more-link\" href=\"https:\/\/vcp.de\/pfadfinden\/pfadisbleiben\/mit-pfadisbleiben-in-euren-pfadisommer\/\">Weiterlesen<\/a><\/p><\/div><\/div>\n<\/div>\n\n\n\n<hr class=\"wp-block-separator has-alpha-channel-opacity\"\/>\n\n<\/li><li class=\"wp-block-post post-20235 post type-post status-publish format-standard has-post-thumbnail hentry category-pfadisbleiben tag-pfadisbleiben\">\n\n<div class=\"wp-block-columns is-layout-flex wp-container-core-columns-is-layout-9d6595d7 wp-block-columns-is-layout-flex\">\n<div class=\"wp-block-column is-layout-flow wp-block-column-is-layout-flow\" style=\"flex-basis:33.33%\"><figure style=\"aspect-ratio:1;width:200px;\" class=\"aligncenter wp-block-post-featured-image\"><a href=\"https:\/\/vcp.de\/pfadfinden\/pfadisbleiben\/pfadisbleiben-das-grossprojekt-fuer-den-gesamten-verband\/\" target=\"_self\"  ><img loading=\"lazy\" decoding=\"async\" width=\"1770\" height=\"1327\" src=\"https:\/\/vcp.de\/pfadfinden\/wp-content\/uploads\/2020\/02\/FF9F4C68-7862-47B5-8E6B-D2EEFAB59FCA.jpg\" class=\"attachment-post-thumbnail size-post-thumbnail wp-post-image\" alt=\"#pfadisbleiben \u2013 das Gro\u00dfprojekt f\u00fcr den gesamten Verband\u00a0\" style=\"width:100%;height:100%;object-fit:cover;\" srcset=\"https:\/\/vcp.de\/pfadfinden\/wp-content\/uploads\/2020\/02\/FF9F4C68-7862-47B5-8E6B-D2EEFAB59FCA.jpg 1770w, https:\/\/vcp.de\/pfadfinden\/wp-content\/uploads\/2020\/02\/FF9F4C68-7862-47B5-8E6B-D2EEFAB59FCA-300x225.jpg 300w, https:\/\/vcp.de\/pfadfinden\/wp-content\/uploads\/2020\/02\/FF9F4C68-7862-47B5-8E6B-D2EEFAB59FCA-1024x768.jpg 1024w, https:\/\/vcp.de\/pfadfinden\/wp-content\/uploads\/2020\/02\/FF9F4C68-7862-47B5-8E6B-D2EEFAB59FCA-768x576.jpg 768w, https:\/\/vcp.de\/pfadfinden\/wp-content\/uploads\/2020\/02\/FF9F4C68-7862-47B5-8E6B-D2EEFAB59FCA-1536x1152.jpg 1536w\" sizes=\"auto, (max-width: 1770px) 100vw, 1770px\" \/><\/a><\/figure><\/div>\n\n\n\n<div class=\"wp-block-column is-layout-flow wp-block-column-is-layout-flow\" style=\"flex-basis:66.66%\"><h5 class=\"wp-block-post-title\"><a href=\"https:\/\/vcp.de\/pfadfinden\/pfadisbleiben\/pfadisbleiben-das-grossprojekt-fuer-den-gesamten-verband\/\" target=\"_self\" >#pfadisbleiben \u2013 das Gro\u00dfprojekt f\u00fcr den gesamten Verband\u00a0<\/a><\/h5>\n\n<div class=\"wp-block-post-excerpt\"><p class=\"wp-block-post-excerpt__excerpt\">2021 wird alles wieder wie fr\u00fcher! Aber was, wenn nicht?\u202fDie Projektgruppe #pfadisbleiben\u202fder VCP-Bundesebene\u202fsucht\u202fPfadfinder*innen\u00a0mit kreativen Ideen, wie wir als\u00a0Verband\u00a0gemeinsam durch\u00a0dieses\u00a0Jahr kommen&hellip;<\/p><p class=\"wp-block-post-excerpt__more-text\"><a class=\"wp-block-post-excerpt__more-link\" href=\"https:\/\/vcp.de\/pfadfinden\/pfadisbleiben\/pfadisbleiben-das-grossprojekt-fuer-den-gesamten-verband\/\">Weiterlesen<\/a><\/p><\/div><\/div>\n<\/div>\n\n\n\n<hr class=\"wp-block-separator has-alpha-channel-opacity\"\/>\n\n<\/li><\/ul>\n\n\n\n<\/div>\n","protected":false},"excerpt":{"rendered":"<p>Was ist #pfadisbleiben? #pfadisbleiben ist ein Projekt mit dem Ziel, Pfadfinden auch w\u00e4hrend der Corona-Pandemie m\u00f6glich zu machen. Im letzten Jahr mussten wir uns in vielen Bereichen unseres Lebens einschr\u00e4nken und auf Vieles verzichten. Das beinhaltet auch die Pfadfinderei. Die meisten Fahrten mussten abgesagt werden, auch Gruppenstunden konnten nur in einem begrenzten Rahmen stattfinden. Urspr\u00fcnglich [&hellip;]<\/p>\n","protected":false},"author":3,"featured_media":20745,"parent":0,"menu_order":0,"comment_status":"closed","ping_status":"closed","template":"","meta":{"_acf_changed":false,"inline_featured_image":false,"footnotes":""},"class_list":["post-20409","page","type-page","status-publish","has-post-thumbnail","hentry"],"acf":[],"_links":{"self":[{"href":"https:\/\/vcp.de\/pfadfinden\/wp-json\/wp\/v2\/pages\/20409","targetHints":{"allow":["GET"]}}],"collection":[{"href":"https:\/\/vcp.de\/pfadfinden\/wp-json\/wp\/v2\/pages"}],"about":[{"href":"https:\/\/vcp.de\/pfadfinden\/wp-json\/wp\/v2\/types\/page"}],"author":[{"embeddable":true,"href":"https:\/\/vcp.de\/pfadfinden\/wp-json\/wp\/v2\/users\/3"}],"replies":[{"embeddable":true,"href":"https:\/\/vcp.de\/pfadfinden\/wp-json\/wp\/v2\/comments?post=20409"}],"version-history":[{"count":2,"href":"https:\/\/vcp.de\/pfadfinden\/wp-json\/wp\/v2\/pages\/20409\/revisions"}],"predecessor-version":[{"id":36960,"href":"https:\/\/vcp.de\/pfadfinden\/wp-json\/wp\/v2\/pages\/20409\/revisions\/36960"}],"wp:featuredmedia":[{"embeddable":true,"href":"https:\/\/vcp.de\/pfadfinden\/wp-json\/wp\/v2\/media\/20745"}],"wp:attachment":[{"href":"https:\/\/vcp.de\/pfadfinden\/wp-json\/wp\/v2\/media?parent=20409"}],"curies":[{"name":"wp","href":"https:\/\/api.w.org\/{rel}","templated":true}]}}