{"id":20366,"date":"2021-02-08T13:20:42","date_gmt":"2021-02-08T12:20:42","guid":{"rendered":"https:\/\/www.vcp.de\/pfadfinden\/?page_id=20366"},"modified":"2022-03-25T11:47:02","modified_gmt":"2022-03-25T10:47:02","slug":"werbematerialien","status":"publish","type":"page","link":"https:\/\/vcp.de\/pfadfinden\/pfau\/werbematerialien\/","title":{"rendered":"Werbematerialien f\u00fcr PfAU"},"content":{"rendered":"<p>Wenn ihr mit PfAU in eurer Stadt richtig abheben wollt, werdet ihr um Werbung kaum herumkommen. Nat\u00fcrlich k\u00f6nnt ihr eure Kreativit\u00e4t voll ausleben und eigene Werbemittel gestalten. Wenn mal nicht die Zeit oder Lust da ist, k\u00f6nnt ihr aber auch ganz einfach auf unsere Werbemittel zur\u00fcckgreifen. Diese gibt es in digitaler und gedruckter Form. Das Ganze nat\u00fcrlich kostenlos.<\/p>\n<h3>Digitale Werbemittel<\/h3>\n<p>Auf unsere Werbemittel in digitaler Form k\u00f6nnt ihr \u00fcber diesen <a href=\"https:\/\/vcpmail.sharepoint.com\/:f:\/s\/teams.fgpfau\/ErZZl-1a9D9Oj086-78f4LMBCJhc-40vJb3ypsz999MGjA?e=d3GPnZ\">Link<\/a> zu greifen. F\u00fcr euch bereitgestellt haben wir:<\/p>\n<ul>\n<li>Das PfAU-Logo in allen Farben und Formen<\/li>\n<li>Verschiedene digitale Flyer<\/li>\n<li>Bunte PfAU Illustrationen<\/li>\n<li>Instagram-Stories und Vorlagen<\/li>\n<\/ul>\n<h3>Gedruckte Werbemittel<\/h3>\n<p>Die Werbemittel in gedruckter Form k\u00f6nnt ihr \u00fcber die <a href=\"https:\/\/www.vcp.de\/service\/materialbestellung\">Materialbestellung<\/a> bequem zu euch nach Hause bestellen:<\/p>\n<ul>\n<li>Getr\u00e4nkeuntersetzer: Zu finden im Reiter Publikationen ganz weit unten.<\/li>\n<li>Plakate in A3 und A4, wahlweise zum Selbstbeschriften: Zu finden im Reiter Flyer, Poster, Postkarten ganz weit oben.<\/li>\n<li>PfAU-Standardsticker &amp; PfAU-Standardsticker (Englische Version) Zu finden im Reiter Publikationen ganz ganz weit oben<\/li>\n<\/ul>\n<p>Falls euch Werbemittel fehlen, wir ein Werbemittel auf eure W\u00fcnsche zuschneiden sollen oder ihr andere Fragen und W\u00fcnsche habt, schreibt gerne an <a href=\"mailto:pfau@vcp.de\">pfau@vcp.de<\/a>.<\/p>\n<p>&nbsp;<\/p>\n<div>\n<div>\n<p><a href=\"https:\/\/www.vcp.de\/pfadfinden\/wp-content\/uploads\/2021\/04\/digitaler-Flyer-alle.png\"><img loading=\"lazy\" decoding=\"async\" class=\"size-full wp-image-21555 aligncenter\" src=\"https:\/\/www.vcp.de\/pfadfinden\/wp-content\/uploads\/2021\/04\/digitaler-Flyer-alle.png\" alt=\"\" width=\"874\" height=\"620\" srcset=\"https:\/\/vcp.de\/pfadfinden\/wp-content\/uploads\/2021\/04\/digitaler-Flyer-alle.png 874w, https:\/\/vcp.de\/pfadfinden\/wp-content\/uploads\/2021\/04\/digitaler-Flyer-alle-300x213.png 300w, https:\/\/vcp.de\/pfadfinden\/wp-content\/uploads\/2021\/04\/digitaler-Flyer-alle-768x545.png 768w\" sizes=\"auto, (max-width: 874px) 100vw, 874px\" \/><\/a><\/p>\n<\/div>\n<\/div>\n<p>&nbsp;<\/p>\n<p>&nbsp;<\/p>\n","protected":false},"excerpt":{"rendered":"<p>Wenn ihr mit PfAU in eurer Stadt richtig abheben wollt, werdet ihr um Werbung kaum herumkommen. Nat\u00fcrlich k\u00f6nnt ihr eure Kreativit\u00e4t voll ausleben und eigene Werbemittel gestalten. Wenn mal nicht die Zeit oder Lust da ist, k\u00f6nnt ihr aber auch ganz einfach auf unsere Werbemittel zur\u00fcckgreifen. Diese gibt es in digitaler und gedruckter Form. Das [&hellip;]<\/p>\n","protected":false},"author":3,"featured_media":21077,"parent":19608,"menu_order":0,"comment_status":"closed","ping_status":"closed","template":"","meta":{"_acf_changed":false,"inline_featured_image":false,"footnotes":""},"class_list":["post-20366","page","type-page","status-publish","has-post-thumbnail","hentry"],"acf":[],"_links":{"self":[{"href":"https:\/\/vcp.de\/pfadfinden\/wp-json\/wp\/v2\/pages\/20366","targetHints":{"allow":["GET"]}}],"collection":[{"href":"https:\/\/vcp.de\/pfadfinden\/wp-json\/wp\/v2\/pages"}],"about":[{"href":"https:\/\/vcp.de\/pfadfinden\/wp-json\/wp\/v2\/types\/page"}],"author":[{"embeddable":true,"href":"https:\/\/vcp.de\/pfadfinden\/wp-json\/wp\/v2\/users\/3"}],"replies":[{"embeddable":true,"href":"https:\/\/vcp.de\/pfadfinden\/wp-json\/wp\/v2\/comments?post=20366"}],"version-history":[{"count":0,"href":"https:\/\/vcp.de\/pfadfinden\/wp-json\/wp\/v2\/pages\/20366\/revisions"}],"up":[{"embeddable":true,"href":"https:\/\/vcp.de\/pfadfinden\/wp-json\/wp\/v2\/pages\/19608"}],"wp:featuredmedia":[{"embeddable":true,"href":"https:\/\/vcp.de\/pfadfinden\/wp-json\/wp\/v2\/media\/21077"}],"wp:attachment":[{"href":"https:\/\/vcp.de\/pfadfinden\/wp-json\/wp\/v2\/media?parent=20366"}],"curies":[{"name":"wp","href":"https:\/\/api.w.org\/{rel}","templated":true}]}}