{"id":20363,"date":"2021-02-08T13:16:46","date_gmt":"2021-02-08T12:16:46","guid":{"rendered":"https:\/\/www.vcp.de\/pfadfinden\/?page_id=20363"},"modified":"2021-04-29T10:00:20","modified_gmt":"2021-04-29T08:00:20","slug":"how-to-pfau","status":"publish","type":"page","link":"https:\/\/vcp.de\/pfadfinden\/pfau\/how-to-pfau\/","title":{"rendered":"How to PfAU"},"content":{"rendered":"<p style=\"text-align: left;\">Hier werdet ihr demn\u00e4chst viele n\u00fctzliche Materialien finden. Grade arbeiten wir f\u00fcr euch noch an deren Fertigstellung.<\/p>\n","protected":false},"excerpt":{"rendered":"<p>Hier werdet ihr demn\u00e4chst viele n\u00fctzliche Materialien finden. Grade arbeiten wir f\u00fcr euch noch an deren Fertigstellung.<\/p>\n","protected":false},"author":3,"featured_media":21077,"parent":19608,"menu_order":0,"comment_status":"closed","ping_status":"closed","template":"","meta":{"_acf_changed":false,"inline_featured_image":false,"footnotes":""},"class_list":["post-20363","page","type-page","status-publish","has-post-thumbnail","hentry"],"acf":[],"_links":{"self":[{"href":"https:\/\/vcp.de\/pfadfinden\/wp-json\/wp\/v2\/pages\/20363","targetHints":{"allow":["GET"]}}],"collection":[{"href":"https:\/\/vcp.de\/pfadfinden\/wp-json\/wp\/v2\/pages"}],"about":[{"href":"https:\/\/vcp.de\/pfadfinden\/wp-json\/wp\/v2\/types\/page"}],"author":[{"embeddable":true,"href":"https:\/\/vcp.de\/pfadfinden\/wp-json\/wp\/v2\/users\/3"}],"replies":[{"embeddable":true,"href":"https:\/\/vcp.de\/pfadfinden\/wp-json\/wp\/v2\/comments?post=20363"}],"version-history":[{"count":0,"href":"https:\/\/vcp.de\/pfadfinden\/wp-json\/wp\/v2\/pages\/20363\/revisions"}],"up":[{"embeddable":true,"href":"https:\/\/vcp.de\/pfadfinden\/wp-json\/wp\/v2\/pages\/19608"}],"wp:featuredmedia":[{"embeddable":true,"href":"https:\/\/vcp.de\/pfadfinden\/wp-json\/wp\/v2\/media\/21077"}],"wp:attachment":[{"href":"https:\/\/vcp.de\/pfadfinden\/wp-json\/wp\/v2\/media?parent=20363"}],"curies":[{"name":"wp","href":"https:\/\/api.w.org\/{rel}","templated":true}]}}