{"id":19415,"date":"2025-03-31T09:19:11","date_gmt":"2025-03-31T07:19:11","guid":{"rendered":"https:\/\/www.vcp.de\/pfadfinden\/?page_id=19415"},"modified":"2025-07-09T12:51:49","modified_gmt":"2025-07-09T10:51:49","slug":"auf-neuem-pfad","status":"publish","type":"page","link":"https:\/\/vcp.de\/pfadfinden\/auf-neuem-pfad\/","title":{"rendered":"auf neuem pfad"},"content":{"rendered":"\n<p>auf neuem pfad (seit 1921) ist die Zeitschrift des Verbandes Christlicher Pfadfinder*innen (VCP) e. V. und erscheint vier Mal im Jahr.<\/p>\n\n\n\n<h2 class=\"wp-block-heading has-text-align-center\"><a href=\"https:\/\/www.vcp.de\/pfadfinden\/tag\/mitmachen\">Mitmachen<\/a> | <a href=\"https:\/\/www.vcp.de\/pfadfinden\/tag\/fahrtentipp\">Fahrtentipps <\/a>| <a href=\"https:\/\/vcp.de\/pfadfinden\/wp-content\/uploads\/2025\/07\/250701_PP25-0163_anp_25-02_ISSUU.pdf\" target=\"_blank\" rel=\"noreferrer noopener\">anp 02|25<\/a><\/h2>\n\n\n\n<hr class=\"wp-block-separator has-alpha-channel-opacity\"\/>\n\n\n\n<div class=\"wp-block-columns is-layout-flex wp-container-core-columns-is-layout-9d6595d7 wp-block-columns-is-layout-flex\">\n<div class=\"wp-block-column is-layout-flow wp-block-column-is-layout-flow\" style=\"flex-basis:33.33%\"><!-- TEST -->\n<figure class=\"wp-block-image aligncenter size-large is-resized\"><a href=\"https:\/\/vcp.de\/pfadfinden\/wp-content\/uploads\/2025\/07\/20240726-120837_Landeslager-2024_kb-2-scaled.jpg\"><img loading=\"lazy\" decoding=\"async\" width=\"1024\" height=\"683\" src=\"https:\/\/vcp.de\/pfadfinden\/wp-content\/uploads\/2025\/07\/20240726-120837_Landeslager-2024_kb-2-1024x683.jpg\" alt=\"\" class=\"wp-image-39317\" style=\"width:176px;height:auto\" srcset=\"https:\/\/vcp.de\/pfadfinden\/wp-content\/uploads\/2025\/07\/20240726-120837_Landeslager-2024_kb-2-1024x683.jpg 1024w, https:\/\/vcp.de\/pfadfinden\/wp-content\/uploads\/2025\/07\/20240726-120837_Landeslager-2024_kb-2-300x200.jpg 300w, https:\/\/vcp.de\/pfadfinden\/wp-content\/uploads\/2025\/07\/20240726-120837_Landeslager-2024_kb-2-768x512.jpg 768w, https:\/\/vcp.de\/pfadfinden\/wp-content\/uploads\/2025\/07\/20240726-120837_Landeslager-2024_kb-2-1536x1024.jpg 1536w, https:\/\/vcp.de\/pfadfinden\/wp-content\/uploads\/2025\/07\/20240726-120837_Landeslager-2024_kb-2-2048x1366.jpg 2048w, https:\/\/vcp.de\/pfadfinden\/wp-content\/uploads\/2025\/07\/20240726-120837_Landeslager-2024_kb-2-750x500.jpg 750w\" sizes=\"auto, (max-width: 1024px) 100vw, 1024px\" \/><\/a><\/figure>\n<\/div>\n\n\n\n<div class=\"wp-block-column is-layout-flow wp-block-column-is-layout-flow\" style=\"flex-basis:66.66%\">\n<h5 class=\"wp-block-heading\"><a href=\"https:\/\/vcp.de\/pfadfinden\/auf-neuem-pfad\/zuendstoff-konflikte-richtig-loesen\/\" target=\"_blank\" rel=\"noreferrer noopener\">Z\u00fcndstoff \u2013 Konflikte richtig l\u00f6sen<\/a><\/h5>\n\n\n\n<p><strong>Wie wir lernen, jeden feurigen Konflikt zu l\u00f6sen<\/strong><\/p>\n\n\n\n<p>&#8222;Es ist Abend. Das Feuer w\u00e4rmt, Schatten flackern \u00fcber eure Gesichter. Jemand spielt Gitarre, aber niemand singt. Ihr seid m\u00fcde, es war ein langer Tag. Nudeln mit Pesto \u2013 was sonst? Von au\u00dfen wirkt alles wie ein perfekter Lagerabend. Zehn Tage Haijk, nur ihr, eure Rucks\u00e4cke und jede Menge Kilometer&#8230;&#8220;<\/p>\n\n\n\n<p><a href=\"https:\/\/vcp.de\/pfadfinden\/auf-neuem-pfad\/zuendstoff-konflikte-richtig-loesen\/\" target=\"_blank\" rel=\"noreferrer noopener\">weiterlesen<\/a><\/p>\n<\/div>\n<\/div>\n\n\n\n<hr class=\"wp-block-separator has-alpha-channel-opacity\"\/>\n\n\n\n<div class=\"wp-block-columns is-layout-flex wp-container-core-columns-is-layout-9d6595d7 wp-block-columns-is-layout-flex\">\n<div class=\"wp-block-column is-layout-flow wp-block-column-is-layout-flow\" style=\"flex-basis:33.33%\"><!-- TEST -->\n<figure class=\"wp-block-image aligncenter size-large is-resized\"><a href=\"https:\/\/vcp.de\/pfadfinden\/wp-content\/uploads\/2025\/07\/20240802-205924_Landeslager2024_OF-scaled.jpg\"><img loading=\"lazy\" decoding=\"async\" width=\"1024\" height=\"683\" src=\"https:\/\/vcp.de\/pfadfinden\/wp-content\/uploads\/2025\/07\/20240802-205924_Landeslager2024_OF-1024x683.jpg\" alt=\"\" class=\"wp-image-39291\" style=\"width:181px;height:auto\" srcset=\"https:\/\/vcp.de\/pfadfinden\/wp-content\/uploads\/2025\/07\/20240802-205924_Landeslager2024_OF-1024x683.jpg 1024w, https:\/\/vcp.de\/pfadfinden\/wp-content\/uploads\/2025\/07\/20240802-205924_Landeslager2024_OF-300x200.jpg 300w, https:\/\/vcp.de\/pfadfinden\/wp-content\/uploads\/2025\/07\/20240802-205924_Landeslager2024_OF-768x512.jpg 768w, https:\/\/vcp.de\/pfadfinden\/wp-content\/uploads\/2025\/07\/20240802-205924_Landeslager2024_OF-1536x1024.jpg 1536w, https:\/\/vcp.de\/pfadfinden\/wp-content\/uploads\/2025\/07\/20240802-205924_Landeslager2024_OF-2048x1365.jpg 2048w, https:\/\/vcp.de\/pfadfinden\/wp-content\/uploads\/2025\/07\/20240802-205924_Landeslager2024_OF-750x500.jpg 750w\" sizes=\"auto, (max-width: 1024px) 100vw, 1024px\" \/><\/a><\/figure>\n<\/div>\n\n\n\n<div class=\"wp-block-column is-layout-flow wp-block-column-is-layout-flow\" style=\"flex-basis:66.66%\">\n<h5 class=\"wp-block-heading\"><a href=\"https:\/\/vcp.de\/pfadfinden\/auf-neuem-pfad\/wofuer-brennst-du\/\" data-type=\"link\" data-id=\"https:\/\/vcp.de\/pfadfinden\/auf-neuem-pfad\/wofuer-brennst-du\/\" target=\"_blank\" rel=\"noreferrer noopener\">Wof\u00fcr brennst du?<\/a><\/h5>\n\n\n\n<p>&#8222;Wer uns Pfadis kennt, wei\u00df: Wir machen gute und wichtige Arbeit. Wir f\u00f6rdern die Entwicklung von Kindern und Jugendlichen, wir wachsen alle aneinander und miteinander, wir sind Teil einer weltweiten Gemeinschaft und \u00fcbernehmen Verantwortung f\u00fcr uns, die Gesellschaft und die Natur. Wer uns Pfadis nicht kennt, wei\u00df das nicht&#8230;&#8220;<\/p>\n\n\n\n<p><a href=\"https:\/\/vcp.de\/pfadfinden\/auf-neuem-pfad\/wofuer-brennst-du\/\" data-type=\"link\" data-id=\"https:\/\/vcp.de\/pfadfinden\/auf-neuem-pfad\/wofuer-brennst-du\/\" target=\"_blank\" rel=\"noreferrer noopener\">Weiterlesen<\/a><\/p>\n<\/div>\n<\/div>\n\n\n\n<hr class=\"wp-block-separator has-alpha-channel-opacity\"\/>\n\n\n\n<div class=\"wp-block-columns is-layout-flex wp-container-core-columns-is-layout-9d6595d7 wp-block-columns-is-layout-flex\">\n<div class=\"wp-block-column is-layout-flow wp-block-column-is-layout-flow\" style=\"flex-basis:33.33%\"><!-- TEST -->\n<figure class=\"wp-block-image aligncenter size-large is-resized\"><a href=\"https:\/\/vcp.de\/pfadfinden\/wp-content\/uploads\/2025\/07\/Kopie-von-Bundeslager-2026-Origami-Flyer2-1-scaled.png\"><img loading=\"lazy\" decoding=\"async\" width=\"1024\" height=\"726\" src=\"https:\/\/vcp.de\/pfadfinden\/wp-content\/uploads\/2025\/07\/Kopie-von-Bundeslager-2026-Origami-Flyer2-1-1024x726.png\" alt=\"\" class=\"wp-image-39410\" style=\"width:186px;height:auto\" srcset=\"https:\/\/vcp.de\/pfadfinden\/wp-content\/uploads\/2025\/07\/Kopie-von-Bundeslager-2026-Origami-Flyer2-1-1024x726.png 1024w, https:\/\/vcp.de\/pfadfinden\/wp-content\/uploads\/2025\/07\/Kopie-von-Bundeslager-2026-Origami-Flyer2-1-300x213.png 300w, https:\/\/vcp.de\/pfadfinden\/wp-content\/uploads\/2025\/07\/Kopie-von-Bundeslager-2026-Origami-Flyer2-1-768x545.png 768w, https:\/\/vcp.de\/pfadfinden\/wp-content\/uploads\/2025\/07\/Kopie-von-Bundeslager-2026-Origami-Flyer2-1-1536x1089.png 1536w, https:\/\/vcp.de\/pfadfinden\/wp-content\/uploads\/2025\/07\/Kopie-von-Bundeslager-2026-Origami-Flyer2-1-2048x1453.png 2048w, https:\/\/vcp.de\/pfadfinden\/wp-content\/uploads\/2025\/07\/Kopie-von-Bundeslager-2026-Origami-Flyer2-1-750x532.png 750w\" sizes=\"auto, (max-width: 1024px) 100vw, 1024px\" \/><\/a><\/figure>\n<\/div>\n\n\n\n<div class=\"wp-block-column is-layout-flow wp-block-column-is-layout-flow\" style=\"flex-basis:66.66%\">\n<h5 class=\"wp-block-heading\"><a href=\"https:\/\/vcp.de\/pfadfinden\/auf-neuem-pfad\/der-wald-als-zunder-wie-waldbraende-verhindern\/\" data-type=\"link\" data-id=\"https:\/\/vcp.de\/pfadfinden\/auf-neuem-pfad\/der-wald-als-zunder-wie-waldbraende-verhindern\/\" target=\"_blank\" rel=\"noreferrer noopener\">Der Wald als Zunder: Wie k\u00f6nnen wir Waldbr\u00e4nde verhindern?<\/a><\/h5>\n\n\n\n<p>&#8222;Nichts ist sch\u00f6ner als die tanzenden Flammen eines Lagerfeuers. Aber so ein kleines Feuer kann auch au\u00dfer Kontrolle geraten&#8230;&#8220;<\/p>\n\n\n\n<p><a href=\"https:\/\/vcp.de\/pfadfinden\/auf-neuem-pfad\/der-wald-als-zunder-wie-waldbraende-verhindern\/\" data-type=\"link\" data-id=\"https:\/\/vcp.de\/pfadfinden\/auf-neuem-pfad\/der-wald-als-zunder-wie-waldbraende-verhindern\/\" target=\"_blank\" rel=\"noreferrer noopener\">Weiterlesen<\/a><\/p>\n<\/div>\n<\/div>\n\n\n\n<hr class=\"wp-block-separator has-alpha-channel-opacity\"\/>\n\n\n\n<div class=\"wp-block-columns is-layout-flex wp-container-core-columns-is-layout-9d6595d7 wp-block-columns-is-layout-flex\">\n<div class=\"wp-block-column is-layout-flow wp-block-column-is-layout-flow\" style=\"flex-basis:33.33%\"><!-- TEST -->\n<figure class=\"wp-block-image aligncenter size-large is-resized\"><a href=\"https:\/\/vcp.de\/pfadfinden\/wp-content\/uploads\/2025\/07\/Foto_Privat_BdP-Landesverband-Sachsen-1-scaled.jpg\"><img loading=\"lazy\" decoding=\"async\" width=\"768\" height=\"1024\" src=\"https:\/\/vcp.de\/pfadfinden\/wp-content\/uploads\/2025\/07\/Foto_Privat_BdP-Landesverband-Sachsen-1-768x1024.jpg\" alt=\"\" class=\"wp-image-39357\" style=\"width:187px;height:auto\" srcset=\"https:\/\/vcp.de\/pfadfinden\/wp-content\/uploads\/2025\/07\/Foto_Privat_BdP-Landesverband-Sachsen-1-768x1024.jpg 768w, https:\/\/vcp.de\/pfadfinden\/wp-content\/uploads\/2025\/07\/Foto_Privat_BdP-Landesverband-Sachsen-1-225x300.jpg 225w, https:\/\/vcp.de\/pfadfinden\/wp-content\/uploads\/2025\/07\/Foto_Privat_BdP-Landesverband-Sachsen-1-1152x1536.jpg 1152w, https:\/\/vcp.de\/pfadfinden\/wp-content\/uploads\/2025\/07\/Foto_Privat_BdP-Landesverband-Sachsen-1-1536x2048.jpg 1536w, https:\/\/vcp.de\/pfadfinden\/wp-content\/uploads\/2025\/07\/Foto_Privat_BdP-Landesverband-Sachsen-1-750x1000.jpg 750w, https:\/\/vcp.de\/pfadfinden\/wp-content\/uploads\/2025\/07\/Foto_Privat_BdP-Landesverband-Sachsen-1-scaled.jpg 1920w\" sizes=\"auto, (max-width: 768px) 100vw, 768px\" \/><\/a><\/figure>\n<\/div>\n\n\n\n<div class=\"wp-block-column is-layout-flow wp-block-column-is-layout-flow\" style=\"flex-basis:66.66%\">\n<h5 class=\"wp-block-heading\"><a href=\"https:\/\/vcp.de\/pfadfinden\/auf-neuem-pfad\/funke-der-vielfalt-pfadfinderinnen-auf-dem-csd\/\" data-type=\"link\" data-id=\"https:\/\/vcp.de\/pfadfinden\/auf-neuem-pfad\/funke-der-vielfalt-pfadfinderinnen-auf-dem-csd\/\">Funke der Vielfalt! Pfadfinder*innen auf dem CSD<\/a><\/h5>\n\n\n\n<p>&#8222;Wenn Pfadfinder*innen gemeinsam f\u00fcr Vielfalt und gegen Diskriminierung auf die Stra\u00dfe gehen, entstehen Funken \u2013 und genau so ein Funke ist auch diesen Juni wieder \u00fcbergesprungen. Eine \u00fcberb\u00fcndische Pfadigruppe war auf dem Christopher Street Day in Dresden und Leipzig pr\u00e4sent&#8230;&#8220;\u00a0<\/p>\n\n\n\n<p><a href=\"https:\/\/vcp.de\/pfadfinden\/auf-neuem-pfad\/funke-der-vielfalt-pfadfinderinnen-auf-dem-csd\/\" data-type=\"link\" data-id=\"https:\/\/vcp.de\/pfadfinden\/auf-neuem-pfad\/funke-der-vielfalt-pfadfinderinnen-auf-dem-csd\/\" target=\"_blank\" rel=\"noreferrer noopener\">Weiterlesen<\/a><\/p>\n<\/div>\n<\/div>\n\n\n\n<hr class=\"wp-block-separator has-alpha-channel-opacity\"\/>\n","protected":false},"excerpt":{"rendered":"<p>auf neuem pfad (seit 1921) ist die Zeitschrift des Verbandes Christlicher Pfadfinder*innen (VCP) e. V. und erscheint vier Mal im Jahr. Mitmachen | Fahrtentipps | anp 02|25 Z\u00fcndstoff \u2013 Konflikte richtig l\u00f6sen Wie wir lernen, jeden feurigen Konflikt zu l\u00f6sen &#8222;Es ist Abend. Das Feuer w\u00e4rmt, Schatten flackern \u00fcber eure Gesichter. Jemand spielt Gitarre, aber [&hellip;]<\/p>\n","protected":false},"author":3,"featured_media":39255,"parent":0,"menu_order":0,"comment_status":"closed","ping_status":"closed","template":"","meta":{"_acf_changed":false,"inline_featured_image":false,"footnotes":""},"class_list":["post-19415","page","type-page","status-publish","has-post-thumbnail","hentry"],"acf":[],"_links":{"self":[{"href":"https:\/\/vcp.de\/pfadfinden\/wp-json\/wp\/v2\/pages\/19415","targetHints":{"allow":["GET"]}}],"collection":[{"href":"https:\/\/vcp.de\/pfadfinden\/wp-json\/wp\/v2\/pages"}],"about":[{"href":"https:\/\/vcp.de\/pfadfinden\/wp-json\/wp\/v2\/types\/page"}],"author":[{"embeddable":true,"href":"https:\/\/vcp.de\/pfadfinden\/wp-json\/wp\/v2\/users\/3"}],"replies":[{"embeddable":true,"href":"https:\/\/vcp.de\/pfadfinden\/wp-json\/wp\/v2\/comments?post=19415"}],"version-history":[{"count":27,"href":"https:\/\/vcp.de\/pfadfinden\/wp-json\/wp\/v2\/pages\/19415\/revisions"}],"predecessor-version":[{"id":39411,"href":"https:\/\/vcp.de\/pfadfinden\/wp-json\/wp\/v2\/pages\/19415\/revisions\/39411"}],"wp:featuredmedia":[{"embeddable":true,"href":"https:\/\/vcp.de\/pfadfinden\/wp-json\/wp\/v2\/media\/39255"}],"wp:attachment":[{"href":"https:\/\/vcp.de\/pfadfinden\/wp-json\/wp\/v2\/media?parent=19415"}],"curies":[{"name":"wp","href":"https:\/\/api.w.org\/{rel}","templated":true}]}}