{"id":15418,"date":"2020-02-17T15:35:37","date_gmt":"2020-02-17T14:35:37","guid":{"rendered":"https:\/\/www.vcp.de\/pfadfinden\/?page_id=15418"},"modified":"2020-02-17T16:08:02","modified_gmt":"2020-02-17T15:08:02","slug":"scoutlab-session-kit","status":"publish","type":"page","link":"https:\/\/vcp.de\/pfadfinden\/scoutlab-session-kit\/","title":{"rendered":"Scoutlab Session Kit 1"},"content":{"rendered":"<p><a href=\"https:\/\/www.vcp.de\/pfadfinden\/wp-content\/uploads\/2020\/02\/scoutlab_session_kit_2018-1.jpg\"><img loading=\"lazy\" decoding=\"async\" class=\"aligncenter size-medium wp-image-15424\" src=\"https:\/\/www.vcp.de\/pfadfinden\/wp-content\/uploads\/2020\/02\/scoutlab_session_kit_2018-1-300x233.jpg\" alt=\"\" width=\"300\" height=\"233\" srcset=\"https:\/\/vcp.de\/pfadfinden\/wp-content\/uploads\/2020\/02\/scoutlab_session_kit_2018-1-300x233.jpg 300w, https:\/\/vcp.de\/pfadfinden\/wp-content\/uploads\/2020\/02\/scoutlab_session_kit_2018-1-768x597.jpg 768w, https:\/\/vcp.de\/pfadfinden\/wp-content\/uploads\/2020\/02\/scoutlab_session_kit_2018-1.jpg 800w\" sizes=\"auto, (max-width: 300px) 100vw, 300px\" \/><\/a><\/p>\n<p><a href=\"https:\/\/vcp-scoutlab.github.io\/scoutlab-session-kit-1\/\" target=\"_blank\" rel=\"noopener noreferrer\">Handbuch zum Scoutlab Session Kit 1 f\u00fcr Raspberry Pi<\/a><a href=\"https:\/\/www.vcp.de\/pfadfinden\/scoutlab-session-kit\/\" target=\"_blank\" rel=\"noopener noreferrer\"><img loading=\"lazy\" decoding=\"async\" class=\"alignleft wp-image-15423\" src=\"https:\/\/www.vcp.de\/pfadfinden\/wp-content\/uploads\/2020\/02\/Raspberry_Pi_Logo.svg_-238x300.png\" alt=\"\" width=\"13\" height=\"16\" srcset=\"https:\/\/vcp.de\/pfadfinden\/wp-content\/uploads\/2020\/02\/Raspberry_Pi_Logo.svg_-238x300.png 238w, https:\/\/vcp.de\/pfadfinden\/wp-content\/uploads\/2020\/02\/Raspberry_Pi_Logo.svg_.png 475w\" sizes=\"auto, (max-width: 13px) 100vw, 13px\" \/><\/a><\/p>\n<p><a href=\"https:\/\/vcp-scoutlab.github.io\/scoutlab-session-kit-1\/appendix\/code.zip\" target=\"_blank\" rel=\"noopener noreferrer\">Download der Programm-Beispiele f\u00fcr Raspberry Pi<\/a> <a href=\"https:\/\/www.vcp.de\/pfadfinden\/scoutlab-session-kit\/\" target=\"_blank\" rel=\"noopener noreferrer\"><img loading=\"lazy\" decoding=\"async\" class=\"alignleft wp-image-15423\" src=\"https:\/\/www.vcp.de\/pfadfinden\/wp-content\/uploads\/2020\/02\/Raspberry_Pi_Logo.svg_-238x300.png\" alt=\"\" width=\"13\" height=\"16\" srcset=\"https:\/\/vcp.de\/pfadfinden\/wp-content\/uploads\/2020\/02\/Raspberry_Pi_Logo.svg_-238x300.png 238w, https:\/\/vcp.de\/pfadfinden\/wp-content\/uploads\/2020\/02\/Raspberry_Pi_Logo.svg_.png 475w\" sizes=\"auto, (max-width: 13px) 100vw, 13px\" \/><\/a><\/p>\n<hr \/>\n<p><a href=\"https:\/\/vcp-scoutlab.github.io\/arduino-scoutlab-session-kit-1\/\" target=\"_blank\" rel=\"noopener noreferrer\">Handbuch zum Scoutlab Session Kit 1 f\u00fcr Arduino<\/a><\/p>\n<p><a href=\"https:\/\/vcp-scoutlab.github.io\/arduino-scoutlab-session-kit-1\/appendix\/code.zip\" target=\"_blank\" rel=\"noopener noreferrer\">Download der Programm-Beispiele f\u00fcr Arduino<\/a><\/p>\n<h3><\/h3>\n<h3><strong>Wichtig: Rasperry Pi oder Arduino m\u00fcssen in der Gruppe vorhanden sein.<\/strong><\/h3>\n<h3><strong>Zielgruppe<\/strong><\/h3>\n<p>Pfadfinderinnen- und Pfadfinderstufe<\/p>\n<h3><strong>Inhalt<\/strong><\/h3>\n<ul>\n<li>Steckbrett<\/li>\n<li>LED gelb<\/li>\n<li>LED gr\u00fcn<\/li>\n<li>LED rot<\/li>\n<li>3 Widerst\u00e4nde 220 \u03a9<\/li>\n<li>1 Taster<\/li>\n<li>1 Mini-Lautsprecher<\/li>\n<li>8 Kabel<\/li>\n<\/ul>\n","protected":false},"excerpt":{"rendered":"<p>Handbuch zum Scoutlab Session Kit 1 f\u00fcr Raspberry Pi Download der Programm-Beispiele f\u00fcr Raspberry Pi Handbuch zum Scoutlab Session Kit 1 f\u00fcr Arduino Download der Programm-Beispiele f\u00fcr Arduino Wichtig: Rasperry Pi oder Arduino m\u00fcssen in der Gruppe vorhanden sein. Zielgruppe Pfadfinderinnen- und Pfadfinderstufe Inhalt Steckbrett LED gelb LED gr\u00fcn LED rot 3 Widerst\u00e4nde 220 \u03a9 [&hellip;]<\/p>\n","protected":false},"author":3,"featured_media":15424,"parent":0,"menu_order":0,"comment_status":"closed","ping_status":"closed","template":"","meta":{"_acf_changed":false,"inline_featured_image":false,"footnotes":""},"class_list":["post-15418","page","type-page","status-publish","has-post-thumbnail","hentry"],"acf":[],"_links":{"self":[{"href":"https:\/\/vcp.de\/pfadfinden\/wp-json\/wp\/v2\/pages\/15418","targetHints":{"allow":["GET"]}}],"collection":[{"href":"https:\/\/vcp.de\/pfadfinden\/wp-json\/wp\/v2\/pages"}],"about":[{"href":"https:\/\/vcp.de\/pfadfinden\/wp-json\/wp\/v2\/types\/page"}],"author":[{"embeddable":true,"href":"https:\/\/vcp.de\/pfadfinden\/wp-json\/wp\/v2\/users\/3"}],"replies":[{"embeddable":true,"href":"https:\/\/vcp.de\/pfadfinden\/wp-json\/wp\/v2\/comments?post=15418"}],"version-history":[{"count":0,"href":"https:\/\/vcp.de\/pfadfinden\/wp-json\/wp\/v2\/pages\/15418\/revisions"}],"wp:featuredmedia":[{"embeddable":true,"href":"https:\/\/vcp.de\/pfadfinden\/wp-json\/wp\/v2\/media\/15424"}],"wp:attachment":[{"href":"https:\/\/vcp.de\/pfadfinden\/wp-json\/wp\/v2\/media?parent=15418"}],"curies":[{"name":"wp","href":"https:\/\/api.w.org\/{rel}","templated":true}]}}