{"id":13476,"date":"2019-06-12T14:43:23","date_gmt":"2019-06-12T12:43:23","guid":{"rendered":"https:\/\/www.vcp.de\/pfadfinden\/?page_id=13476"},"modified":"2019-06-12T14:50:45","modified_gmt":"2019-06-12T12:50:45","slug":"escape-room","status":"publish","type":"page","link":"https:\/\/vcp.de\/pfadfinden\/kirchentag\/zentrum-jugend\/escape-room\/","title":{"rendered":"Escape Room"},"content":{"rendered":"<h2>Was das Christentum zum Frieden sagt<\/h2>\n<p>Jesus setzte sich mit seinem Leben und seinem f\u00fcr ein friedliches Zusammenleben aller Menschen ein. Er fordert alle Christ*innen dazu auf sich f\u00fcr den Frieden einzusetzen und gleich bei denen anfangen, mit denen sie zusammenleben, ob sie sie m\u00f6gen oder nicht.<br \/>\nJesus geht sogar so weit zu sagen: \u201eWenn dich einer auf die rechte Wange schl\u00e4gt, dem halte auch die andere hin.\u201c Wer nicht zur\u00fcckschl\u00e4gt, l\u00e4sst die Gewalt ins Leere laufen und durchbricht damit den Kreislauf von Gewalt und Gegengewalt. F\u00fcr die Christen ist Jesus mit dieser Friedensbotschaft bis heute wichtig.<br \/>\nEine zentrale Botschaft Jesu zum Thema Frieden findet sich in der Bergpredigt:<\/p>\n<p><a href=\"https:\/\/vimeo.com\/341779657\" target=\"_blank\" rel=\"noopener\">https:\/\/vimeo.com\/341779657<\/a><\/p>\n<p>https:\/\/vimeo.com\/341779657<\/p>\n","protected":false},"excerpt":{"rendered":"<p>Was das Christentum zum Frieden sagt Jesus setzte sich mit seinem Leben und seinem f\u00fcr ein friedliches Zusammenleben aller Menschen ein. Er fordert alle Christ*innen dazu auf sich f\u00fcr den Frieden einzusetzen und gleich bei denen anfangen, mit denen sie zusammenleben, ob sie sie m\u00f6gen oder nicht. Jesus geht sogar so weit zu sagen: \u201eWenn [&hellip;]<\/p>\n","protected":false},"author":3,"featured_media":0,"parent":1572,"menu_order":0,"comment_status":"closed","ping_status":"closed","template":"","meta":{"_acf_changed":false,"inline_featured_image":false,"footnotes":""},"class_list":["post-13476","page","type-page","status-publish","hentry"],"acf":[],"_links":{"self":[{"href":"https:\/\/vcp.de\/pfadfinden\/wp-json\/wp\/v2\/pages\/13476","targetHints":{"allow":["GET"]}}],"collection":[{"href":"https:\/\/vcp.de\/pfadfinden\/wp-json\/wp\/v2\/pages"}],"about":[{"href":"https:\/\/vcp.de\/pfadfinden\/wp-json\/wp\/v2\/types\/page"}],"author":[{"embeddable":true,"href":"https:\/\/vcp.de\/pfadfinden\/wp-json\/wp\/v2\/users\/3"}],"replies":[{"embeddable":true,"href":"https:\/\/vcp.de\/pfadfinden\/wp-json\/wp\/v2\/comments?post=13476"}],"version-history":[{"count":0,"href":"https:\/\/vcp.de\/pfadfinden\/wp-json\/wp\/v2\/pages\/13476\/revisions"}],"up":[{"embeddable":true,"href":"https:\/\/vcp.de\/pfadfinden\/wp-json\/wp\/v2\/pages\/1572"}],"wp:attachment":[{"href":"https:\/\/vcp.de\/pfadfinden\/wp-json\/wp\/v2\/media?parent=13476"}],"curies":[{"name":"wp","href":"https:\/\/api.w.org\/{rel}","templated":true}]}}