{"id":12935,"date":"2019-04-24T12:42:36","date_gmt":"2019-04-24T10:42:36","guid":{"rendered":"https:\/\/www.vcp.de\/pfadfinden\/?page_id=12935"},"modified":"2024-09-14T17:19:13","modified_gmt":"2024-09-14T15:19:13","slug":"vcpbv19","status":"publish","type":"page","link":"https:\/\/vcp.de\/pfadfinden\/vcpbv19\/","title":{"rendered":"50. VCP \u2013 Bundesversammlung"},"content":{"rendered":"<!-- TEST -->\n<figure class=\"wp-block-image aligncenter\"><img loading=\"lazy\" decoding=\"async\" width=\"1024\" height=\"536\" src=\"https:\/\/www.vcp.de\/pfadfinden\/wp-content\/uploads\/2019\/04\/Beitragsbild_FB_Event_vcpbv19_small.jpg\" alt=\"\" class=\"wp-image-12934\" srcset=\"https:\/\/vcp.de\/pfadfinden\/wp-content\/uploads\/2019\/04\/Beitragsbild_FB_Event_vcpbv19_small.jpg 1024w, https:\/\/vcp.de\/pfadfinden\/wp-content\/uploads\/2019\/04\/Beitragsbild_FB_Event_vcpbv19_small-300x157.jpg 300w, https:\/\/vcp.de\/pfadfinden\/wp-content\/uploads\/2019\/04\/Beitragsbild_FB_Event_vcpbv19_small-768x402.jpg 768w\" sizes=\"auto, (max-width: 1024px) 100vw, 1024px\" \/><\/figure>\n\n\n\n<p>Vom 17. bis 19. Mai 2019 findet auf der Burg Rieneck die 50. Bundesversammlung des Verbandes Christlicher Pfadfinderinnen und Pfadfinder (VCP) e.V. statt. Erwartet werden rund 160 Delegierte und G\u00e4ste aus den L\u00e4ndern und Arbeitsbereichen des VCP.<\/p>\n\n\n\n<p>Die Bundesversammlungen des VCP im R\u00fcckblick<br>Was waren die zentralen Themen? Welche Ergebnisse gab es? Diese und weitere Antworten gibt es auf der folgenden Seite:<br><a href=\"https:\/\/www.vcp.de\/was-wir-tun\/gremien\/bundesversammlung\/\" target=\"_blank\" rel=\"noopener noreferrer\">\/was-wir-tun\/gremien\/bundesversammlung\/<\/a><\/p>\n","protected":false},"excerpt":{"rendered":"<p>Vom 17. bis 19. Mai 2019 findet auf der Burg Rieneck die 50. Bundesversammlung des Verbandes Christlicher Pfadfinderinnen und Pfadfinder (VCP) e.V. statt. Erwartet werden rund 160 Delegierte und G\u00e4ste aus den L\u00e4ndern und Arbeitsbereichen des VCP. Die Bundesversammlungen des VCP im R\u00fcckblickWas waren die zentralen Themen? Welche Ergebnisse gab es? Diese und weitere Antworten [&hellip;]<\/p>\n","protected":false},"author":3,"featured_media":0,"parent":0,"menu_order":0,"comment_status":"closed","ping_status":"closed","template":"","meta":{"_acf_changed":false,"inline_featured_image":false,"footnotes":""},"class_list":["post-12935","page","type-page","status-publish","hentry"],"acf":[],"_links":{"self":[{"href":"https:\/\/vcp.de\/pfadfinden\/wp-json\/wp\/v2\/pages\/12935","targetHints":{"allow":["GET"]}}],"collection":[{"href":"https:\/\/vcp.de\/pfadfinden\/wp-json\/wp\/v2\/pages"}],"about":[{"href":"https:\/\/vcp.de\/pfadfinden\/wp-json\/wp\/v2\/types\/page"}],"author":[{"embeddable":true,"href":"https:\/\/vcp.de\/pfadfinden\/wp-json\/wp\/v2\/users\/3"}],"replies":[{"embeddable":true,"href":"https:\/\/vcp.de\/pfadfinden\/wp-json\/wp\/v2\/comments?post=12935"}],"version-history":[{"count":1,"href":"https:\/\/vcp.de\/pfadfinden\/wp-json\/wp\/v2\/pages\/12935\/revisions"}],"predecessor-version":[{"id":36942,"href":"https:\/\/vcp.de\/pfadfinden\/wp-json\/wp\/v2\/pages\/12935\/revisions\/36942"}],"wp:attachment":[{"href":"https:\/\/vcp.de\/pfadfinden\/wp-json\/wp\/v2\/media?parent=12935"}],"curies":[{"name":"wp","href":"https:\/\/api.w.org\/{rel}","templated":true}]}}