{"id":11838,"date":"2018-11-17T18:08:54","date_gmt":"2018-11-17T16:08:54","guid":{"rendered":"https:\/\/www.vcp.de\/pfadfinden\/?page_id=11838"},"modified":"2023-06-21T14:57:03","modified_gmt":"2023-06-21T12:57:03","slug":"podcast-pfadfinden-2","status":"publish","type":"page","link":"https:\/\/vcp.de\/pfadfinden\/podcast-pfadfinden-2\/","title":{"rendered":"Podcast Pfadfinden"},"content":{"rendered":"\n<h3 class=\"wp-block-heading\">Berichte aus dem VCP zum Mitnehmen<\/h3>\n\n\n\n<p>Mit dem VCP-Podcasting kannst du Berichte aus dem VCP anh\u00f6ren, wann und wo du m\u00f6chtest. Du abonnierst die VCP-Podcast-Angebote \u00fcber das Internet und eine Software sorgt daf\u00fcr, dass du die Beitr\u00e4ge automatisch und st\u00e4ndig aktuell auf deinen PC oder MP3-Player bekommst.<\/p>\n\n\n\n<div class=\"wp-block-query is-layout-flow wp-block-query-is-layout-flow\"><ul class=\"wp-block-post-template is-layout-flow wp-block-post-template-is-layout-flow\"><li class=\"wp-block-post post-40267 podcast type-podcast status-publish has-post-thumbnail hentry category-podcast post\">\n<h2 class=\"wp-block-post-title\">Podcast Pfadfinden \u2013 Interview mit der Bundeslagerleitung<\/h2>\n\n<div class=\"wp-block-post-date\"><time datetime=\"2025-12-03T09:37:03+01:00\">3. Dezember 2025<\/time><\/div>\n\n<div class=\"wp-block-post-excerpt\"><p class=\"wp-block-post-excerpt__excerpt\">N\u00e4chsten Sommer wird gro\u00df. Ein Bundeslager steht an. Wir freuen uns schon jetzt auf einen grandiosen Sommer im Almke. Um die Vorfreude ein bisschen anzutreiben, haben wir uns mit der Bundeslagerleitung zum Interview getroffen und gefragt, wie der aktuelle Stand ist, auf was wir uns freuen d\u00fcrfen und was uns erwartet. Wir haben aber auch&hellip;<\/p><p class=\"wp-block-post-excerpt__more-text\"><a class=\"wp-block-post-excerpt__more-link\" href=\"https:\/\/vcp.de\/pfadfinden\/podcast\/podcast-pfadfinden-interview-mit-der-bundeslagerleitung\/\">Hier gehts zur Folge<\/a><\/p><\/div>\n<\/li><li class=\"wp-block-post post-40041 podcast type-podcast status-publish has-post-thumbnail hentry category-podcast post\">\n<h2 class=\"wp-block-post-title\">Podcast Pfadfinden \u2013 Unterwegs auf der gamescom, Quo\u00a0vadis Ehrenamt und Feste werden gefeiert wie sie fallen<\/h2>\n\n<div class=\"wp-block-post-date\"><time datetime=\"2025-10-23T10:41:53+02:00\">23. Oktober 2025<\/time><\/div>\n\n<div class=\"wp-block-post-excerpt\"><p class=\"wp-block-post-excerpt__excerpt\">Die VCP-Redaktion hat sich bei ihrer letzten Sitzung in K\u00f6ln getroffen und die Gelegenheit genutzt, der weltgr\u00f6\u00dften Messe f\u00fcr Videospiele, die Gamescom, zu besuchen. Dort haben wir ein paar Stimmen der Aussteller*innen und Besucher*innen eingefangen. Au\u00dferdem haben wir mit Annika \u201eAki\u201c Kanitz, Referatsleitung des Bundesreferates &#8222;Karte &#038; Kompass&#8220; \u00fcber das Ehrenamt und seine aktuellen Herausforderungen&hellip;<\/p><p class=\"wp-block-post-excerpt__more-text\"><a class=\"wp-block-post-excerpt__more-link\" href=\"https:\/\/vcp.de\/pfadfinden\/podcast\/podcast-pfadfinden-unterwegs-auf-der-gamescom-quo-vadis-ehrenamt-und-feste-werden-gefeiert-wie-sie-fallen\/\">Hier gehts zur Folge<\/a><\/p><\/div>\n<\/li><li class=\"wp-block-post post-39247 podcast type-podcast status-publish has-post-thumbnail hentry category-podcast post\">\n<h2 class=\"wp-block-post-title\">Podcast Pfadfinden &#8211; Interview mit VCP Generalsekret\u00e4r Till Strang<\/h2>\n\n<div class=\"wp-block-post-date\"><time datetime=\"2025-07-01T15:55:15+02:00\">1. Juli 2025<\/time><\/div>\n\n<div class=\"wp-block-post-excerpt\"><p class=\"wp-block-post-excerpt__excerpt\">Seit knapp einem Jahr ist Till Strang der &#8222;neue&#8220; Generalsekret\u00e4r des VCP. In dieser Ausgabe spricht unsere Kollegin Maya mit ihm \u00fcber das was bisher in seiner Amtszeit passiert ist, und was noch geplant ist. Wir w\u00fcnschen euch viel Spa\u00df beim H\u00f6ren und freuen uns \u00fcber eine Bewertung in eurem Podcast-Player.<\/p><p class=\"wp-block-post-excerpt__more-text\"><a class=\"wp-block-post-excerpt__more-link\" href=\"https:\/\/vcp.de\/pfadfinden\/podcast\/podcast-pfadfinden-interview-mit-vcp-generalsekretaer-till-strang\/\">Hier gehts zur Folge<\/a><\/p><\/div>\n<\/li><\/ul>\n\n<nav class=\"wp-block-query-pagination is-layout-flex wp-block-query-pagination-is-layout-flex\" aria-label=\"Seitennummerierung\">\n\n\n<div class=\"wp-block-query-pagination-numbers\"><span aria-current=\"page\" class=\"page-numbers current\">1<\/span>\n<a class=\"page-numbers\" href=\"?query-1-page=2\">2<\/a>\n<a class=\"page-numbers\" href=\"?query-1-page=3\">3<\/a>\n<span class=\"page-numbers dots\">&hellip;<\/span>\n<a class=\"page-numbers\" href=\"?query-1-page=25\">25<\/a><\/div>\n\n<a href=\"\/pfadfinden\/wp-json\/wp\/v2\/pages\/11838?query-1-page=2\" class=\"wp-block-query-pagination-next\">N\u00e4chste Seite<\/a>\n<\/nav>\n\n<\/div>\n","protected":false},"excerpt":{"rendered":"<p>Berichte aus dem VCP zum Mitnehmen Mit dem VCP-Podcasting kannst du Berichte aus dem VCP anh\u00f6ren, wann und wo du m\u00f6chtest. Du abonnierst die VCP-Podcast-Angebote \u00fcber das Internet und eine Software sorgt daf\u00fcr, dass du die Beitr\u00e4ge automatisch und st\u00e4ndig aktuell auf deinen PC oder MP3-Player bekommst.<\/p>\n","protected":false},"author":3,"featured_media":12481,"parent":0,"menu_order":0,"comment_status":"closed","ping_status":"closed","template":"","meta":{"_acf_changed":false,"inline_featured_image":false,"footnotes":""},"class_list":["post-11838","page","type-page","status-publish","has-post-thumbnail","hentry"],"acf":[],"_links":{"self":[{"href":"https:\/\/vcp.de\/pfadfinden\/wp-json\/wp\/v2\/pages\/11838","targetHints":{"allow":["GET"]}}],"collection":[{"href":"https:\/\/vcp.de\/pfadfinden\/wp-json\/wp\/v2\/pages"}],"about":[{"href":"https:\/\/vcp.de\/pfadfinden\/wp-json\/wp\/v2\/types\/page"}],"author":[{"embeddable":true,"href":"https:\/\/vcp.de\/pfadfinden\/wp-json\/wp\/v2\/users\/3"}],"replies":[{"embeddable":true,"href":"https:\/\/vcp.de\/pfadfinden\/wp-json\/wp\/v2\/comments?post=11838"}],"version-history":[{"count":1,"href":"https:\/\/vcp.de\/pfadfinden\/wp-json\/wp\/v2\/pages\/11838\/revisions"}],"predecessor-version":[{"id":31400,"href":"https:\/\/vcp.de\/pfadfinden\/wp-json\/wp\/v2\/pages\/11838\/revisions\/31400"}],"wp:featuredmedia":[{"embeddable":true,"href":"https:\/\/vcp.de\/pfadfinden\/wp-json\/wp\/v2\/media\/12481"}],"wp:attachment":[{"href":"https:\/\/vcp.de\/pfadfinden\/wp-json\/wp\/v2\/media?parent=11838"}],"curies":[{"name":"wp","href":"https:\/\/api.w.org\/{rel}","templated":true}]}}