{"id":10004,"date":"2018-05-30T12:28:16","date_gmt":"2018-05-30T10:28:16","guid":{"rendered":"https:\/\/www.vcp.de\/pfadfinden\/?page_id=10004"},"modified":"2019-05-16T10:53:26","modified_gmt":"2019-05-16T08:53:26","slug":"unterlagen-zur-versammlung","status":"publish","type":"page","link":"https:\/\/vcp.de\/pfadfinden\/vcpbv19\/unterlagen-zur-versammlung\/","title":{"rendered":"Unterlagen zur Versammlung"},"content":{"rendered":"<p><a href=\"https:\/\/www.vcp.de\/pfadfinden\/wp-content\/uploads\/2018\/11\/file-3-e1541070410304.jpeg\"><img loading=\"lazy\" decoding=\"async\" class=\"alignnone size-medium wp-image-11750\" src=\"https:\/\/www.vcp.de\/pfadfinden\/wp-content\/uploads\/2018\/11\/file-3-e1541070410304-300x225.jpeg\" alt=\"\" width=\"300\" height=\"225\" srcset=\"https:\/\/vcp.de\/pfadfinden\/wp-content\/uploads\/2018\/11\/file-3-e1541070410304-300x225.jpeg 300w, https:\/\/vcp.de\/pfadfinden\/wp-content\/uploads\/2018\/11\/file-3-e1541070410304-768x576.jpeg 768w, https:\/\/vcp.de\/pfadfinden\/wp-content\/uploads\/2018\/11\/file-3-e1541070410304-1024x768.jpeg 1024w\" sizes=\"auto, (max-width: 300px) 100vw, 300px\" \/><\/a><\/p>\n<p><a href=\"https:\/\/www.vcp.de\/pfadfinden\/wp-content\/uploads\/2019\/04\/04_BV2019_Tagesordnung.pdf\" target=\"_blank\" rel=\"noopener\">Tagesordnung<\/a><\/p>\n<h3>Jahresbericht<\/h3>\n<p><a href=\"https:\/\/www.vcp.de\/pfadfinden\/wp-content\/uploads\/2019\/05\/VCP_Jahresbericht_18-19.pdf\" target=\"_blank\" rel=\"noopener\">VCP-Jahresbericht 2018-2019<\/a><\/p>\n<h3>Antr\u00e4ge<\/h3>\n<p><a href=\"https:\/\/www.vcp.de\/pfadfinden\/wp-content\/uploads\/2019\/04\/08_BV2019_8_Antrag-Ergebnisverwendung-2019.pdf\" target=\"_blank\" rel=\"noopener\">TOP 8 <\/a><a href=\"https:\/\/www.vcp.de\/pfadfinden\/wp-content\/uploads\/2019\/04\/08_BV2019_8_Antrag-Ergebnisverwendung-2019.pdf\" target=\"_blank\" rel=\"noopener\">Antrag Ergebnisverwendung 2019<\/a><\/p>\n<p><a href=\"https:\/\/www.vcp.de\/pfadfinden\/wp-content\/uploads\/2019\/04\/09_BV2019_10_Antrag-Gemeinsames-Bundeslager.pdf\" target=\"_blank\" rel=\"noopener\">TOP 10 Antrag Gemeinsames Bundeslager<\/a><\/p>\n<p><a href=\"https:\/\/www.vcp.de\/pfadfinden\/wp-content\/uploads\/2019\/04\/10_BV2019_12_Antrag-Entsendung-Finanzrat-rdp-e.V.pdf\" target=\"_blank\" rel=\"noopener\">TOP 12 Antrag Entsendung Finanzrat rdp e.V<\/a><\/p>\n<p><a href=\"https:\/\/www.vcp.de\/pfadfinden\/wp-content\/uploads\/2019\/04\/11_BV2019_13_Antrag-Satzungs\u00e4nderung-\u00a729_Gesch\u00e4ftsjahr-und-Rechnungspr\u00fcfung_Amtzeit-Rechnungspr\u00fcfer_in.pdf\" target=\"_blank\" rel=\"noopener\">TOP 13 Antrag Satzungs\u00e4nderung \u00a729<\/a><\/p>\n<p><a href=\"https:\/\/www.vcp.de\/pfadfinden\/wp-content\/uploads\/2019\/04\/12_BV2019_15_Antrag-Fahrtkosten-der-Bundesversammlung.pdf\" target=\"_blank\" rel=\"noopener\">TOP 15 Antrag Fahrtkosten der Bundesversammlung<\/a><\/p>\n<p><a href=\"https:\/\/www.vcp.de\/pfadfinden\/wp-content\/uploads\/2019\/04\/13_BV2019_16_Antrag-Internationale-Arbeit-im-VCP.pdf\" target=\"_blank\" rel=\"noopener\">TOP 16 Antrag Internationale Arbeit im VCP<\/a><\/p>\n<p><a href=\"https:\/\/www.vcp.de\/pfadfinden\/wp-content\/uploads\/2019\/04\/14_BV2019_18.1_Antrag-Satzungs\u00e4nderung-\u00a713_Mitglieder-der-Bundesversammlung_\u00dcberhangsmandate.pdf\" target=\"_blank\" rel=\"noopener\">TOP 18.1 Antrag Satzungs\u00e4nderung \u00a713<\/a><\/p>\n<p><a href=\"https:\/\/www.vcp.de\/pfadfinden\/wp-content\/uploads\/2019\/04\/15_BV2019_18.2_Antrag-Satzungs\u00e4nderung-\u00a715_Zusammentreten-der-Bundesversammlung.pdf\" target=\"_blank\" rel=\"noopener\">TOP 18.2 Antrag Satzungs\u00e4nderung \u00a715<\/a><\/p>\n<p><a href=\"https:\/\/www.vcp.de\/pfadfinden\/wp-content\/uploads\/2019\/04\/16_BV2019_19_Antrag-Einberufung-der-Bundesversammlung-per-Mail.pdf\" target=\"_blank\" rel=\"noopener\">TOP 19 Antrag Einberufung der Bundesversammlung per Mail<\/a><\/p>\n<p>&nbsp;<\/p>\n","protected":false},"excerpt":{"rendered":"<p>Tagesordnung Jahresbericht VCP-Jahresbericht 2018-2019 Antr\u00e4ge TOP 8 Antrag Ergebnisverwendung 2019 TOP 10 Antrag Gemeinsames Bundeslager TOP 12 Antrag Entsendung Finanzrat rdp e.V TOP 13 Antrag Satzungs\u00e4nderung \u00a729 TOP 15 Antrag Fahrtkosten der Bundesversammlung TOP 16 Antrag Internationale Arbeit im VCP TOP 18.1 Antrag Satzungs\u00e4nderung \u00a713 TOP 18.2 Antrag Satzungs\u00e4nderung \u00a715 TOP 19 Antrag Einberufung der [&hellip;]<\/p>\n","protected":false},"author":3,"featured_media":11750,"parent":12935,"menu_order":0,"comment_status":"closed","ping_status":"closed","template":"","meta":{"_acf_changed":false,"inline_featured_image":false,"footnotes":""},"class_list":["post-10004","page","type-page","status-publish","has-post-thumbnail","hentry"],"acf":[],"_links":{"self":[{"href":"https:\/\/vcp.de\/pfadfinden\/wp-json\/wp\/v2\/pages\/10004","targetHints":{"allow":["GET"]}}],"collection":[{"href":"https:\/\/vcp.de\/pfadfinden\/wp-json\/wp\/v2\/pages"}],"about":[{"href":"https:\/\/vcp.de\/pfadfinden\/wp-json\/wp\/v2\/types\/page"}],"author":[{"embeddable":true,"href":"https:\/\/vcp.de\/pfadfinden\/wp-json\/wp\/v2\/users\/3"}],"replies":[{"embeddable":true,"href":"https:\/\/vcp.de\/pfadfinden\/wp-json\/wp\/v2\/comments?post=10004"}],"version-history":[{"count":0,"href":"https:\/\/vcp.de\/pfadfinden\/wp-json\/wp\/v2\/pages\/10004\/revisions"}],"up":[{"embeddable":true,"href":"https:\/\/vcp.de\/pfadfinden\/wp-json\/wp\/v2\/pages\/12935"}],"wp:featuredmedia":[{"embeddable":true,"href":"https:\/\/vcp.de\/pfadfinden\/wp-json\/wp\/v2\/media\/11750"}],"wp:attachment":[{"href":"https:\/\/vcp.de\/pfadfinden\/wp-json\/wp\/v2\/media?parent=10004"}],"curies":[{"name":"wp","href":"https:\/\/api.w.org\/{rel}","templated":true}]}}